{"id":1378,"date":"2019-06-06T10:05:16","date_gmt":"2019-06-06T08:05:16","guid":{"rendered":"https:\/\/dogpride1.wpengine.com\/?post_type=product&#038;p=1378"},"modified":"2025-10-27T15:14:07","modified_gmt":"2025-10-27T14:14:07","slug":"pride-zacht-nylon-slip-halsband-in-camokleur","status":"publish","type":"product","link":"https:\/\/dogpride.nl\/de\/pride-zacht-nylon-slip-halsband-in-camokleur\/","title":{"rendered":"PRIDE Schlupfhalsband aus weichem Nylon in Tarnfarbe"},"content":{"rendered":"<h4 style=\"color: #1c1e21; background-color: #ffffff; font-size: 14px; text-align: start; display: block;\">PRIDE Schlupfhalsband aus weichem Nylon in Tarnfarbe<\/h4>\n<p>PRIDE Schlupfhalsband aus weichem Nylon in Tarnfarbe<\/p>\n<p>Wir haben unser neues Camouflage-Schlupfhalsband aus weichem Nylon so konzipiert, dass es ein H\u00f6chstma\u00df an Komfort, St\u00e4rke und Aussehen bietet.<\/p>\n<p>Bei der Entwicklung dieses Produkts haben wir insbesondere die Bed\u00fcrfnisse des Besitzers eines st\u00e4rkeren Hundes ber\u00fccksichtigt, der beim Gehen an der Leine ziehen kann. Wir verwenden das allerbeste Material, um ein glattes, weiches, gepolstertes Futter herzustellen, das die Seiten des Halsbandes \u00fcberlappt, um den Hals und die Luftr\u00f6hre Ihres Hundes zu sch\u00fctzen und den Druck, der durch das Ziehen entsteht, so weit wie m\u00f6glich zu verteilen, mit dem Ziel, die damit verbundenen Belastungen zu minimieren Schmerzen und Gewebeprellungen, die aus diesem Verhalten bei einem Standardhalsband resultieren k\u00f6nnen.<\/p>\n<p><strong>Eigenschaften:<\/strong><\/p>\n<p>* Einfaches, schnelles und effektives Half-Slip-Design<\/p>\n<p>* In verschiedenen Farben erh\u00e4ltlich<\/p>\n<p>* Der Sicherheitsmechanismus zur Befestigung der Leine sch\u00fctzt den Hals des Hundes und verhindert eine Belastung des Schlosses, wenn der Hund zieht<\/p>\n<p>* Starke, stabile Schnallen<\/p>\n<p>* Weiche Polsterung f\u00fcr h\u00f6chsten Komfort<\/p>\n<p>Der Liner vergr\u00f6\u00dfert die Breite des Kragens auf jeder Seite um etwa 5 mm oder etwas mehr. Ein Kragen mit einer Breite von 40 mm hat also eine tats\u00e4chliche Breite von etwa 50 mm.<\/p>\n<p>Probeer onze PRIDE Zacht nylon slip halsband in camokleur voor comfortabel, betrouwbaar en langdurig gebruik en een stijlvolle uitstraling van uw hond. Je huisdier verdient de beste kwaliteit!<\/p>\n<p>Material: Nylon<\/p>\n<p>Farbe: Gr\u00fcne Tarnung<\/p>\n<p>Breite: 50 mm<\/p>\n<p>Gr\u00f6\u00dfe: 45-55 cm<\/p>\n<p>&nbsp;<\/p>\n<p><a href=\"https:\/\/www.dogpride.eu\/\" target=\"_blank\" rel=\"noopener\"><img loading=\"lazy\" decoding=\"async\" class=\"alignnone wp-image-70657 size-medium\" src=\"https:\/\/dogpride.nl\/wp-content\/uploads\/Logo-Pride2-1-300x96.png\" alt=\"\" width=\"300\" height=\"96\" srcset=\"https:\/\/dogpride.nl\/wp-content\/uploads\/Logo-Pride2-1-300x96.png 300w, https:\/\/dogpride.nl\/wp-content\/uploads\/Logo-Pride2-1-250x80.png 250w, https:\/\/dogpride.nl\/wp-content\/uploads\/Logo-Pride2-1-200x64.png 200w, https:\/\/dogpride.nl\/wp-content\/uploads\/Logo-Pride2-1.png 327w\" sizes=\"auto, (max-width: 300px) 100vw, 300px\" \/><\/a><\/p>\n<p><a href=\"https:\/\/dogpride.nl\/de\/pride-zacht-nylon-slip-halsband-in-camokleur\/\"><img loading=\"lazy\" decoding=\"async\" class=\"alignnone wp-image-137090\" src=\"https:\/\/dogpride.nl\/wp-content\/uploads\/PRIDE-Zacht-nylon-slip-halsband-in-camokleur.jpg\" alt=\"PRIDE Zacht nylon slip halsband in camokleur\" width=\"323\" height=\"263\" srcset=\"https:\/\/dogpride.nl\/wp-content\/uploads\/PRIDE-Zacht-nylon-slip-halsband-in-camokleur.jpg 1112w, https:\/\/dogpride.nl\/wp-content\/uploads\/PRIDE-Zacht-nylon-slip-halsband-in-camokleur-300x244.jpg 300w, https:\/\/dogpride.nl\/wp-content\/uploads\/PRIDE-Zacht-nylon-slip-halsband-in-camokleur-1024x834.jpg 1024w, https:\/\/dogpride.nl\/wp-content\/uploads\/PRIDE-Zacht-nylon-slip-halsband-in-camokleur-768x626.jpg 768w, https:\/\/dogpride.nl\/wp-content\/uploads\/PRIDE-Zacht-nylon-slip-halsband-in-camokleur-15x12.jpg 15w, https:\/\/dogpride.nl\/wp-content\/uploads\/PRIDE-Zacht-nylon-slip-halsband-in-camokleur-250x204.jpg 250w, https:\/\/dogpride.nl\/wp-content\/uploads\/PRIDE-Zacht-nylon-slip-halsband-in-camokleur-400x326.jpg 400w\" sizes=\"auto, (max-width: 323px) 100vw, 323px\" \/><\/a><\/p>\n<div class=\"text_exposed_show\" style=\"color: #1c1e21; background-color: #ffffff; font-size: 14px; text-align: start; display: inline;\">\n<p>&nbsp;<\/p>\n<\/div>","protected":false},"excerpt":{"rendered":"<p>PRIDE Schlupfhalsband aus weichem Nylon in Tarnfarbe. Wir haben unser neues Schlupfhalsband aus weichem Camouflage-Nylon so konzipiert, dass es ein H\u00f6chstma\u00df an Komfort bietet.<\/p>","protected":false},"featured_media":70727,"template":"","meta":[],"product_brand":[],"product_cat":[90],"product_tag":[8486,8254,6349,3332,10823,10759,10780,10824,4866,10825,3157,7444,3389],"class_list":{"0":"post-1378","1":"product","2":"type-product","3":"status-publish","4":"has-post-thumbnail","6":"product_cat-pride-hondenhalsbanden","7":"product_tag-comfortabel","8":"product_tag-duurzaam","9":"product_tag-hondenhalsband","10":"product_tag-hondensport","11":"product_tag-luxe-accessoire","12":"product_tag-pride-collectie","13":"product_tag-pride-halsband","14":"product_tag-robuust","15":"product_tag-sterke-halsband","16":"product_tag-stijlvol","17":"product_tag-training","18":"product_tag-verstelbaar","19":"product_tag-werkhond","21":"first","22":"instock","23":"taxable","24":"shipping-taxable","25":"purchasable","26":"product-type-simple"},"mb":[],"mfb_rest_fields":["title"],"_links":{"self":[{"href":"https:\/\/dogpride.nl\/de\/wp-json\/wp\/v2\/product\/1378","targetHints":{"allow":["GET"]}}],"collection":[{"href":"https:\/\/dogpride.nl\/de\/wp-json\/wp\/v2\/product"}],"about":[{"href":"https:\/\/dogpride.nl\/de\/wp-json\/wp\/v2\/types\/product"}],"wp:featuredmedia":[{"embeddable":true,"href":"https:\/\/dogpride.nl\/de\/wp-json\/wp\/v2\/media\/70727"}],"wp:attachment":[{"href":"https:\/\/dogpride.nl\/de\/wp-json\/wp\/v2\/media?parent=1378"}],"wp:term":[{"taxonomy":"product_brand","embeddable":true,"href":"https:\/\/dogpride.nl\/de\/wp-json\/wp\/v2\/product_brand?post=1378"},{"taxonomy":"product_cat","embeddable":true,"href":"https:\/\/dogpride.nl\/de\/wp-json\/wp\/v2\/product_cat?post=1378"},{"taxonomy":"product_tag","embeddable":true,"href":"https:\/\/dogpride.nl\/de\/wp-json\/wp\/v2\/product_tag?post=1378"}],"curies":[{"name":"wp","href":"https:\/\/api.w.org\/{rel}","templated":true}]}}