{"id":137715,"date":"2025-10-08T16:16:15","date_gmt":"2025-10-08T14:16:15","guid":{"rendered":"https:\/\/dogpride.nl\/?post_type=product&#038;p=137715"},"modified":"2026-02-19T12:54:26","modified_gmt":"2026-02-19T11:54:26","slug":"arrak-jumper-vest-men-dark-red","status":"publish","type":"product","link":"https:\/\/dogpride.nl\/de\/arrak-jumper-vest-men-dark-red\/","title":{"rendered":"Arrak Jumper Vest Men Dark Red"},"content":{"rendered":"<h4 class=\"ppbd-product-name\">Jumper Vest Men Dark Red<\/h4>\n<p class=\"ppbd-product-name\">Jumper Vest Men Dark Red<\/p>\n<p id=\"tw-target-text\" class=\"tw-data-text tw-text-large tw-ta\" dir=\"ltr\" tabindex=\"-1\" role=\"text\" data-placeholder=\"Vertaling\" data-ved=\"2ahUKEwicrpSh2pSQAxWng_0HHQo4B3wQ3ewLegQICxAV\" aria-label=\"Vertaalde tekst: Het Jumper vest van Arrak Outdoor is een soepel en soepel vest van polyester dat wind- en waterafstotend is. Het vest is perfect voor wandelingen op een koele avond wanneer de regen in de lucht blijft hangen. Het vest heeft een grote achterzak waar je als hondenbezitter gemakkelijk spullen zoals een riem en tassen in kwijt kunt. Het voordeel van het vest is dat de armen vrij zijn en met een warm en comfortabel fleeceshirt van Arrak Outdoor eronder ben je perfect gekleed voor lente- en herfstactiviteiten. Gewicht in maat L: 326 g.\"><span class=\"Y2IQFc\" lang=\"nl\">Het Jumper vest van Arrak Outdoor is een soepel\u00a0 vest van polyester dat wind- en waterafstotend is. Het vest is perfect voor wandelingen op een koele avond wanneer de regen in de lucht blijft hangen. Het vest heeft een grote achterzak waar je als hondenbezitter gemakkelijk spullen zoals een riem en tassen in kwijt kunt. Het voordeel van het vest is dat de armen vrij zijn en met een warm en comfortabel fleeceshirt van Arrak Outdoor eronder ben je perfect gekleed voor lente- en herfstactiviteiten.\u00a0<\/span><\/p>\n<ul>\n<li><span class=\"Y2IQFc\" lang=\"nl\">Wind- und wasserabweisend<\/span><\/li>\n<li>\n<p id=\"tw-target-text\" class=\"tw-data-text tw-text-large tw-ta\" dir=\"ltr\" tabindex=\"-1\" role=\"text\" data-placeholder=\"Vertaling\" data-ved=\"2ahUKEwicrpSh2pSQAxWng_0HHQo4B3wQ3ewLegQICxAV\" aria-label=\"Vertaalde tekst: Wind- en waterbestendig Grote achterzak Binnenzak met rits Vier voorzakken met ritsen Hoge kraag, verstelbaar Verstelbare taille Zichtbaarheidsreflectoren op borst en rug Gewicht in maat L: 326 g\"><span class=\"Y2IQFc\" lang=\"nl\">Gro\u00dfe Ges\u00e4\u00dftasche<\/span><\/p>\n<\/li>\n<li>\n<p id=\"tw-target-text\" class=\"tw-data-text tw-text-large tw-ta\" dir=\"ltr\" tabindex=\"-1\" role=\"text\" data-placeholder=\"Vertaling\" data-ved=\"2ahUKEwicrpSh2pSQAxWng_0HHQo4B3wQ3ewLegQICxAV\" aria-label=\"Vertaalde tekst: Wind- en waterbestendig Grote achterzak Binnenzak met rits Vier voorzakken met ritsen Hoge kraag, verstelbaar Verstelbare taille Zichtbaarheidsreflectoren op borst en rug Gewicht in maat L: 326 g\"><span class=\"Y2IQFc\" lang=\"nl\">Innentasche mit Rei\u00dfverschluss<\/span>.<\/p>\n<\/li>\n<li>\n<p id=\"tw-target-text\" class=\"tw-data-text tw-text-large tw-ta\" dir=\"ltr\" tabindex=\"-1\" role=\"text\" data-placeholder=\"Vertaling\" data-ved=\"2ahUKEwicrpSh2pSQAxWng_0HHQo4B3wQ3ewLegQICxAV\" aria-label=\"Vertaalde tekst: Wind- en waterbestendig Grote achterzak Binnenzak met rits Vier voorzakken met ritsen Hoge kraag, verstelbaar Verstelbare taille Zichtbaarheidsreflectoren op borst en rug Gewicht in maat L: 326 g\"><span class=\"Y2IQFc\" lang=\"nl\">Vier voorzakken met ritsen<\/span><\/p>\n<\/li>\n<li>\n<p id=\"tw-target-text\" class=\"tw-data-text tw-text-large tw-ta\" dir=\"ltr\" tabindex=\"-1\" role=\"text\" data-placeholder=\"Vertaling\" data-ved=\"2ahUKEwicrpSh2pSQAxWng_0HHQo4B3wQ3ewLegQICxAV\" aria-label=\"Vertaalde tekst: Wind- en waterbestendig Grote achterzak Binnenzak met rits Vier voorzakken met ritsen Hoge kraag, verstelbaar Verstelbare taille Zichtbaarheidsreflectoren op borst en rug Gewicht in maat L: 326 g\"><span class=\"Y2IQFc\" lang=\"nl\">Hoge kraag, verstelbaar<\/span><\/p>\n<\/li>\n<li>\n<p id=\"tw-target-text\" class=\"tw-data-text tw-text-large tw-ta\" dir=\"ltr\" tabindex=\"-1\" role=\"text\" data-placeholder=\"Vertaling\" data-ved=\"2ahUKEwicrpSh2pSQAxWng_0HHQo4B3wQ3ewLegQICxAV\" aria-label=\"Vertaalde tekst: Wind- en waterbestendig Grote achterzak Binnenzak met rits Vier voorzakken met ritsen Hoge kraag, verstelbaar Verstelbare taille Zichtbaarheidsreflectoren op borst en rug Gewicht in maat L: 326 g\"><span class=\"Y2IQFc\" lang=\"nl\">Verstellbare Taille<\/span><\/p>\n<\/li>\n<li>\n<p id=\"tw-target-text\" class=\"tw-data-text tw-text-large tw-ta\" dir=\"ltr\" tabindex=\"-1\" role=\"text\" data-placeholder=\"Vertaling\" data-ved=\"2ahUKEwicrpSh2pSQAxWng_0HHQo4B3wQ3ewLegQICxAV\" aria-label=\"Vertaalde tekst: Wind- en waterbestendig Grote achterzak Binnenzak met rits Vier voorzakken met ritsen Hoge kraag, verstelbaar Verstelbare taille Zichtbaarheidsreflectoren op borst en rug Gewicht in maat L: 326 g\"><span class=\"Y2IQFc\" lang=\"nl\">Zichtbaarheidsreflectoren op borst en rug<\/span><\/p>\n<\/li>\n<\/ul>\n<p><strong>Gr\u00f6\u00dfentabelle:<\/strong><\/p>\n<p><img loading=\"lazy\" decoding=\"async\" class=\"alignnone size-full wp-image-92453\" src=\"https:\/\/www.dogpride.nl\/wp-content\/uploads\/Maattabel-Tops-Men-2.jpg\" alt=\"Maattabel\" width=\"632\" height=\"678\" srcset=\"https:\/\/dogpride.nl\/wp-content\/uploads\/Maattabel-Tops-Men-2.jpg 632w, https:\/\/dogpride.nl\/wp-content\/uploads\/Maattabel-Tops-Men-2-250x268.jpg 250w, https:\/\/dogpride.nl\/wp-content\/uploads\/Maattabel-Tops-Men-2-400x429.jpg 400w, https:\/\/dogpride.nl\/wp-content\/uploads\/Maattabel-Tops-Men-2-280x300.jpg 280w, https:\/\/dogpride.nl\/wp-content\/uploads\/Maattabel-Tops-Men-2-200x215.jpg 200w, https:\/\/dogpride.nl\/wp-content\/uploads\/Maattabel-Tops-Men-2-600x644.jpg 600w\" sizes=\"auto, (max-width: 632px) 100vw, 632px\" \/><\/p>\n<p>&nbsp;<\/p>\n<p>&nbsp;<\/p>\n<p><a href=\"https:\/\/arrakoutdoor.com\/jumper-vest-men-navy\" target=\"_blank\" rel=\"noopener\"><img loading=\"lazy\" decoding=\"async\" class=\"alignnone wp-image-137679 size-medium\" src=\"https:\/\/dogpride.nl\/wp-content\/uploads\/LOGGA_SVART_1_-300x118.jpeg\" alt=\"Link\" width=\"300\" height=\"118\" \/><\/a><\/p>\n<p><a href=\"https:\/\/dogpride.nl\/de\/kleding\/trainingsvesten\/arrak-outdoor-trainingsvesten\/?product-page=1\"><img loading=\"lazy\" decoding=\"async\" class=\"alignnone wp-image-137727 size-thumbnail\" title=\"Arrak Jumper Vest Men Dark Red\" src=\"https:\/\/dogpride.nl\/wp-content\/uploads\/Arrak-Jumper-Vest-Men-Dark-Red-150x150.jpg\" alt=\"Arrak Jumper Vest Men Dark Red\" width=\"150\" height=\"150\" srcset=\"https:\/\/dogpride.nl\/wp-content\/uploads\/Arrak-Jumper-Vest-Men-Dark-Red-150x150.jpg 150w, https:\/\/dogpride.nl\/wp-content\/uploads\/Arrak-Jumper-Vest-Men-Dark-Red-300x300.jpg 300w, https:\/\/dogpride.nl\/wp-content\/uploads\/Arrak-Jumper-Vest-Men-Dark-Red-12x12.jpg 12w, https:\/\/dogpride.nl\/wp-content\/uploads\/Arrak-Jumper-Vest-Men-Dark-Red-250x250.jpg 250w, https:\/\/dogpride.nl\/wp-content\/uploads\/Arrak-Jumper-Vest-Men-Dark-Red-400x400.jpg 400w, https:\/\/dogpride.nl\/wp-content\/uploads\/Arrak-Jumper-Vest-Men-Dark-Red-100x100.jpg 100w, https:\/\/dogpride.nl\/wp-content\/uploads\/Arrak-Jumper-Vest-Men-Dark-Red.jpg 750w\" sizes=\"auto, (max-width: 150px) 100vw, 150px\" \/><\/a><\/p>\n<p><span style=\"color: #ffffff;\"><a style=\"color: #ffffff;\" href=\"https:\/\/arrakoutdoor.com\/competition-vest-men-black\" target=\"_blank\" rel=\"noopener\">https:\/\/arrakoutdoor.com\/competition-vest-men-black<\/a><\/span><\/p>","protected":false},"excerpt":{"rendered":"<p><span class=\"Y2IQFc\" lang=\"nl\">Het Jumper vest van Arrak Outdoor is een soepel en soepel vest van polyester dat wind- en waterafstotend is. Het vest is perfect voor wandelingen op een koele avond wanneer de regen in de lucht blijft hangen.<\/span><\/p>","protected":false},"featured_media":137727,"template":"","meta":[],"product_brand":[],"product_cat":[24459],"product_tag":[9485,9498,3334,9486,9493,9487,9495,9492,9499,9500,9490,9497,9488,5396,9496,9494,9489,9491],"class_list":{"0":"post-137715","1":"product","2":"type-product","3":"status-publish","4":"has-post-thumbnail","6":"product_cat-arrak-outdoor-heren-trainingsvesten","7":"product_tag-arrak-jumper-vest","8":"product_tag-arrak-kleding","9":"product_tag-arrak-outdoor","10":"product_tag-arrak-vest","11":"product_tag-dames-vest","12":"product_tag-fleece-vest","13":"product_tag-functioneel-vest","14":"product_tag-heren-vest","15":"product_tag-hondenliefhebber-vest","16":"product_tag-hondensport-vest","17":"product_tag-hondenwandeling-vest","18":"product_tag-outdoor-kleding","19":"product_tag-outdoor-vest","20":"product_tag-softshell-vest","21":"product_tag-sportief-vest","22":"product_tag-unisex-vest","23":"product_tag-wandelvest","24":"product_tag-werkvest","26":"first","27":"instock","28":"taxable","29":"shipping-taxable","30":"purchasable","31":"product-type-variable"},"mb":[],"mfb_rest_fields":["title"],"_links":{"self":[{"href":"https:\/\/dogpride.nl\/de\/wp-json\/wp\/v2\/product\/137715","targetHints":{"allow":["GET"]}}],"collection":[{"href":"https:\/\/dogpride.nl\/de\/wp-json\/wp\/v2\/product"}],"about":[{"href":"https:\/\/dogpride.nl\/de\/wp-json\/wp\/v2\/types\/product"}],"wp:featuredmedia":[{"embeddable":true,"href":"https:\/\/dogpride.nl\/de\/wp-json\/wp\/v2\/media\/137727"}],"wp:attachment":[{"href":"https:\/\/dogpride.nl\/de\/wp-json\/wp\/v2\/media?parent=137715"}],"wp:term":[{"taxonomy":"product_brand","embeddable":true,"href":"https:\/\/dogpride.nl\/de\/wp-json\/wp\/v2\/product_brand?post=137715"},{"taxonomy":"product_cat","embeddable":true,"href":"https:\/\/dogpride.nl\/de\/wp-json\/wp\/v2\/product_cat?post=137715"},{"taxonomy":"product_tag","embeddable":true,"href":"https:\/\/dogpride.nl\/de\/wp-json\/wp\/v2\/product_tag?post=137715"}],"curies":[{"name":"wp","href":"https:\/\/api.w.org\/{rel}","templated":true}]}}