{"id":137474,"date":"2025-10-06T13:02:37","date_gmt":"2025-10-06T11:02:37","guid":{"rendered":"https:\/\/dogpride.nl\/?post_type=product&#038;p=137474"},"modified":"2025-10-06T13:14:54","modified_gmt":"2025-10-06T11:14:54","slug":"arrak-adventure-fleecejacket-men","status":"publish","type":"product","link":"https:\/\/dogpride.nl\/de\/arrak-adventure-fleecejacket-men\/","title":{"rendered":"Arrak Adventure Fleecejacket Men"},"content":{"rendered":"<h4>Arrak Adventure Fleecejacket Men<\/h4>\n<p>Arrak Adventure Fleecejacket Men<\/p>\n<p>Het Arrak Adventure Fleecejacket Men is gemaakt van 100% polyester gebreid fleece met een geborstelde binnenkant voor een zachter gevoel. De jas heeft een tunnelzak aan de achterkant en twee grote ruime zakken aan de voorkant met ritssluiting.<br \/>\nEine weiche und kuschelige Fleecejacke, die schnell zum Lieblingsst\u00fcck wird.<\/p>\n<ul>\n<li>100% Polyester-Strickfleece<\/li>\n<li>Weich geb\u00fcrstete Innenseite<\/li>\n<li>2 Eingrifftaschen mit Rei\u00dfverschluss vorne<\/li>\n<li>Tunneltasche hinten mit Rei\u00dfverschluss<\/li>\n<li>Kordelzug unten an der Taille<\/li>\n<li>2-Wege-Frontrei\u00dfverschluss<\/li>\n<\/ul>\n<p><strong>Farbe:<\/strong> Zwart en Olijf<\/p>\n<p><strong>Gr\u00f6\u00dfentabelle:<\/strong><\/p>\n<p><img decoding=\"async\" src=\"https:\/\/www.dogpride.nl\/wp-content\/uploads\/Maattabel-AO-New-pants-men-9.jpg\" \/><\/p>\n<p><a href=\"https:\/\/dogpride.nl\/de\/kleding\/vesten\/arrak-outdoor-vesten\/\"><img loading=\"lazy\" decoding=\"async\" class=\"alignnone wp-image-137473\" title=\"Arrak Adventure Fleecejacket Men \" src=\"https:\/\/dogpride.nl\/wp-content\/uploads\/Arrak-Adventure-Fleecejacket-Men.jpg\" alt=\"Arrak Adventure Fleecejacket Men \" width=\"192\" height=\"192\" srcset=\"https:\/\/dogpride.nl\/wp-content\/uploads\/Arrak-Adventure-Fleecejacket-Men.jpg 750w, https:\/\/dogpride.nl\/wp-content\/uploads\/Arrak-Adventure-Fleecejacket-Men-300x300.jpg 300w, https:\/\/dogpride.nl\/wp-content\/uploads\/Arrak-Adventure-Fleecejacket-Men-150x150.jpg 150w, https:\/\/dogpride.nl\/wp-content\/uploads\/Arrak-Adventure-Fleecejacket-Men-12x12.jpg 12w, https:\/\/dogpride.nl\/wp-content\/uploads\/Arrak-Adventure-Fleecejacket-Men-250x250.jpg 250w, https:\/\/dogpride.nl\/wp-content\/uploads\/Arrak-Adventure-Fleecejacket-Men-400x400.jpg 400w, https:\/\/dogpride.nl\/wp-content\/uploads\/Arrak-Adventure-Fleecejacket-Men-100x100.jpg 100w\" sizes=\"auto, (max-width: 192px) 100vw, 192px\" \/><\/a><\/p>\n<p><span style=\"color: #ffffff;\"><a style=\"color: #ffffff;\" href=\"https:\/\/devrolijkekwispel.nl\/\" target=\"_blank\" rel=\"noopener\">Dogpride NL sponsert Kelly Albers<\/a><\/span><\/p>","protected":false},"excerpt":{"rendered":"<p>Besteht aus gestricktem Fleece aus 100%-Polyester mit einer geb\u00fcrsteten Innenseite f\u00fcr ein weicheres Tragegef\u00fchl. Die Jacke hat hinten eine Tunneltasche und vorne zwei gro\u00dfe, ger\u00e4umige Taschen mit Rei\u00dfverschluss.<\/p>","protected":false},"featured_media":137473,"template":"","meta":[],"product_brand":[],"product_cat":[3867],"product_tag":[6198,3335,4751,6199,5397,3171],"class_list":{"0":"post-137474","1":"product","2":"type-product","3":"status-publish","4":"has-post-thumbnail","6":"product_cat-arrak-outdoor-vesten","7":"product_tag-adventure","8":"product_tag-arrak","9":"product_tag-black","10":"product_tag-fleecejacket","11":"product_tag-maat-3xl","12":"product_tag-men","13":"product_shipping_class-vast-tarief-eu-overig","15":"first","16":"instock","17":"taxable","18":"shipping-taxable","19":"purchasable","20":"product-type-variable"},"mb":[],"mfb_rest_fields":["title"],"_links":{"self":[{"href":"https:\/\/dogpride.nl\/de\/wp-json\/wp\/v2\/product\/137474","targetHints":{"allow":["GET"]}}],"collection":[{"href":"https:\/\/dogpride.nl\/de\/wp-json\/wp\/v2\/product"}],"about":[{"href":"https:\/\/dogpride.nl\/de\/wp-json\/wp\/v2\/types\/product"}],"wp:featuredmedia":[{"embeddable":true,"href":"https:\/\/dogpride.nl\/de\/wp-json\/wp\/v2\/media\/137473"}],"wp:attachment":[{"href":"https:\/\/dogpride.nl\/de\/wp-json\/wp\/v2\/media?parent=137474"}],"wp:term":[{"taxonomy":"product_brand","embeddable":true,"href":"https:\/\/dogpride.nl\/de\/wp-json\/wp\/v2\/product_brand?post=137474"},{"taxonomy":"product_cat","embeddable":true,"href":"https:\/\/dogpride.nl\/de\/wp-json\/wp\/v2\/product_cat?post=137474"},{"taxonomy":"product_tag","embeddable":true,"href":"https:\/\/dogpride.nl\/de\/wp-json\/wp\/v2\/product_tag?post=137474"}],"curies":[{"name":"wp","href":"https:\/\/api.w.org\/{rel}","templated":true}]}}