{"id":137367,"date":"2025-10-02T15:22:12","date_gmt":"2025-10-02T13:22:12","guid":{"rendered":"https:\/\/dogpride.nl\/?post_type=product&#038;p=137367"},"modified":"2026-04-10T22:29:09","modified_gmt":"2026-04-10T20:29:09","slug":"bionic-urban-stick","status":"publish","type":"product","link":"https:\/\/dogpride.nl\/de\/bionic-urban-stick\/","title":{"rendered":"Bionic Urban Stick"},"content":{"rendered":"<h4>Bionic Urban Stick<\/h4>\n<p>Bionic Urban Stick<\/p>\n<p><strong>Der Bionic Urban Stick ist ein interaktives Kauspielzeug f\u00fcr Hunde<\/strong>\u00a0das den h\u00e4rtesten Kauversuchen lange standh\u00e4lt. Mit dem Urban Stick machen Wurf-, Sammel- und Suchspiele gro\u00dfen Spa\u00df.<\/p>\n<p>Das leuchtende Orange dieses Knochens macht dieses Kauspielzeug f\u00fcr Sie leicht erkennbar, f\u00fcr Ihren Hund auf einer gr\u00fcnen Wiese kann es jedoch eine Herausforderung sein, denn die Farbe Rot auf gr\u00fcnem Grund ist f\u00fcr das Hundeauge schwer zu erkennen. So wird es sein <strong>verbesserter Geruchssinn.<\/strong><\/p>\n<p><a href=\"https:\/\/dogpride.nl\/de\/speelgoed\/ballen-apporteren\/?product-page=1\"><img loading=\"lazy\" decoding=\"async\" class=\"alignnone\" title=\"Bionic Urban Stick\" src=\"https:\/\/dogpride.nl\/wp-content\/uploads\/Urban-Stick-Bionic-1_600x600.jpg\" alt=\"Bionic Urban Stick\" width=\"305\" height=\"203\" \/><\/a><\/p>\n<p>Deze Bionic Urban Stick is natuurlijk vrij van alle dingen waar je niet wilt dat je hond op kauwt, zoals lood, BPA en ftalaten. Het heeft een onovertroffen houdbaarheid en\u00a0heeft twee compartimenten rechts en links voor traktaties, deze zijn ovaal en licht conisch naar beneden gevormd, zodat bijna elke traktatievorm daar in past. Voor de warme zomerdagen zijn de compartimenten ook geschikt voor bevroren yoghurt of kwark.<\/p>\n<h4><strong>Der <\/strong>Bionic Urban Stick <strong>is vorstbestendig en vaatwasmachinebestendig. Natuurlijk is het ook drijvend<\/strong>.<\/h4>\n<ul>\n<li>Ohne sch\u00e4dliche Chemie<\/li>\n<li>Zwei Leckerlif\u00e4cher<\/li>\n<li>Robustes Material<\/li>\n<li>Auff\u00e4llige Farbe<\/li>\n<li>Form f\u00fcr Hunde konzipiert<\/li>\n<li>L\u00e4sst sich gut werfen<\/li>\n<li>Gewicht ca. 180 Gramm<\/li>\n<li>L\u00e4nge 19 cm<\/li>\n<\/ul>\n<p><a href=\"https:\/\/www.google.com\/\" target=\"_blank\" rel=\"noopener\"><img loading=\"lazy\" decoding=\"async\" class=\"alignnone\" title=\"Bionic Urban Stick\" src=\"https:\/\/dogpride.nl\/wp-content\/uploads\/Urban-Stick-Bionic-1_600x600.jpg\" alt=\"Bionic Urban Stick\" width=\"305\" height=\"203\" \/><\/a><\/p>\n<p><a href=\"https:\/\/www.bionicdogtoys.com\" target=\"_blank\" rel=\"noopener\">https:\/\/www.bionicdogtoys.com<\/a><\/p>\n<p><iframe loading=\"lazy\" title=\"BIONIC Dog Toys vs Blender\" width=\"1290\" height=\"726\" src=\"https:\/\/www.youtube.com\/embed\/sKrVLW_VQe8?feature=oembed\" frameborder=\"0\" allow=\"accelerometer; autoplay; clipboard-write; encrypted-media; gyroscope; picture-in-picture; web-share\" referrerpolicy=\"strict-origin-when-cross-origin\" allowfullscreen><\/iframe><\/p>\n<p>&nbsp;<\/p>","protected":false},"excerpt":{"rendered":"<p>Robuster Spielzeugknochen aus ungiftigem Material. Zum Kauen, Suchen, zum Aufnehmen und Bringen von Spielen. Bei diesem Stick handelt es sich um ein interaktives Kauspielzeug f\u00fcr Hunde, das den h\u00e4rtesten Kauversuchen lange standh\u00e4lt.<\/p>","protected":false},"featured_media":91724,"template":"","meta":[],"product_brand":[],"product_cat":[187,81],"product_tag":[21852,7483,7530],"class_list":{"0":"post-137367","1":"product","2":"type-product","3":"status-publish","4":"has-post-thumbnail","6":"product_cat-kauwspeelgoed","7":"product_cat-ballen-en-apporteren","8":"product_tag-bionic-urban","9":"product_tag-kauwspeelgoed","10":"product_tag-stick","12":"first","13":"instock","14":"taxable","15":"shipping-taxable","16":"purchasable","17":"product-type-simple"},"mb":[],"mfb_rest_fields":["title"],"_links":{"self":[{"href":"https:\/\/dogpride.nl\/de\/wp-json\/wp\/v2\/product\/137367","targetHints":{"allow":["GET"]}}],"collection":[{"href":"https:\/\/dogpride.nl\/de\/wp-json\/wp\/v2\/product"}],"about":[{"href":"https:\/\/dogpride.nl\/de\/wp-json\/wp\/v2\/types\/product"}],"wp:featuredmedia":[{"embeddable":true,"href":"https:\/\/dogpride.nl\/de\/wp-json\/wp\/v2\/media\/91724"}],"wp:attachment":[{"href":"https:\/\/dogpride.nl\/de\/wp-json\/wp\/v2\/media?parent=137367"}],"wp:term":[{"taxonomy":"product_brand","embeddable":true,"href":"https:\/\/dogpride.nl\/de\/wp-json\/wp\/v2\/product_brand?post=137367"},{"taxonomy":"product_cat","embeddable":true,"href":"https:\/\/dogpride.nl\/de\/wp-json\/wp\/v2\/product_cat?post=137367"},{"taxonomy":"product_tag","embeddable":true,"href":"https:\/\/dogpride.nl\/de\/wp-json\/wp\/v2\/product_tag?post=137367"}],"curies":[{"name":"wp","href":"https:\/\/api.w.org\/{rel}","templated":true}]}}