{"id":137160,"date":"2025-10-01T11:28:04","date_gmt":"2025-10-01T09:28:04","guid":{"rendered":"https:\/\/dogpride.nl\/?post_type=product&#038;p=137160"},"modified":"2025-11-02T08:23:24","modified_gmt":"2025-11-02T07:23:24","slug":"pride-leren-bijtlap-aan-lijn","status":"publish","type":"product","link":"https:\/\/dogpride.nl\/de\/pride-leren-bijtlap-aan-lijn\/","title":{"rendered":"PRIDE Bei\u00dfklappe aus Leder an der Leine"},"content":{"rendered":"<h4>PRIDE Bei\u00dfklappe aus Leder an der Leine<\/h4>\n<p>PRIDE Bei\u00dfklappe aus Leder an der Leine<\/p>\n<p>Deze PRIDE Leren bijtlap aan lijn is ideaal voor puppytraining.<\/p>\n<p>Diese Bei\u00dfklappe besteht aus 120 cm langer Nylonleine mit Griff. Es wird zum Aufbau des Beutetriebs zu Beginn des Bisstrainings oder als Apportierpuppe f\u00fcr die Jagdhundearbeit eingesetzt.<br \/>\nWird auch als Bissbelohnung beim Erlernen neuer Fertigkeiten oder als einfaches Spiel beim Spielen mit Ihrem Hund verwendet.<\/p>\n<p>Gedacht f\u00fcr Welpen im Alter von 3\u20135 Monaten.<\/p>\n<ul>\n<li>Material: Leder<\/li>\n<li>Leinenl\u00e4nge: 120 cm<\/li>\n<\/ul>\n<p>* Die Farben variieren je nach aktueller Farbcharge.<\/p>\n<p><strong>NB<\/strong>, Dieser Bei\u00dflappen ist kein Kauspielzeug und sollte auf Besch\u00e4digungen \u00fcberpr\u00fcft und ersetzt werden, wenn er Anzeichen \u00fcberm\u00e4\u00dfiger Abnutzung zeigt. Es wird nicht empfohlen, Ihren Hund beim Spielen mit einem Bei\u00dfpflaster unbeaufsichtigt zu lassen.<\/p>\n<p>&nbsp;<\/p>\n<p><a href=\"https:\/\/www.dogpride.eu\/\" target=\"_blank\" rel=\"noopener\"><img loading=\"lazy\" decoding=\"async\" class=\"alignnone wp-image-71202 size-medium\" src=\"https:\/\/dogpride.nl\/wp-content\/uploads\/Logo-Pride2-2-300x96.png\" alt=\"Pride\" width=\"300\" height=\"96\" srcset=\"https:\/\/dogpride.nl\/wp-content\/uploads\/Logo-Pride2-2-300x96.png 300w, https:\/\/dogpride.nl\/wp-content\/uploads\/Logo-Pride2-2-250x80.png 250w, https:\/\/dogpride.nl\/wp-content\/uploads\/Logo-Pride2-2-200x64.png 200w, https:\/\/dogpride.nl\/wp-content\/uploads\/Logo-Pride2-2.png 327w\" sizes=\"auto, (max-width: 300px) 100vw, 300px\" \/><\/a><\/p>\n<p><a href=\"https:\/\/dogpride.nl\/de\/igp\/bijtworsten-voor-honden\/?product-page=1\"><img loading=\"lazy\" decoding=\"async\" class=\"alignnone wp-image-137161\" src=\"https:\/\/dogpride.nl\/wp-content\/uploads\/PRIDE-Leren-bijtlap-aan-lijn.jpg\" alt=\"PRIDE Leren bijtlap aan lijn\" width=\"281\" height=\"374\" srcset=\"https:\/\/dogpride.nl\/wp-content\/uploads\/PRIDE-Leren-bijtlap-aan-lijn.jpg 810w, https:\/\/dogpride.nl\/wp-content\/uploads\/PRIDE-Leren-bijtlap-aan-lijn-225x300.jpg 225w, https:\/\/dogpride.nl\/wp-content\/uploads\/PRIDE-Leren-bijtlap-aan-lijn-768x1024.jpg 768w, https:\/\/dogpride.nl\/wp-content\/uploads\/PRIDE-Leren-bijtlap-aan-lijn-9x12.jpg 9w, https:\/\/dogpride.nl\/wp-content\/uploads\/PRIDE-Leren-bijtlap-aan-lijn-250x333.jpg 250w, https:\/\/dogpride.nl\/wp-content\/uploads\/PRIDE-Leren-bijtlap-aan-lijn-400x533.jpg 400w\" sizes=\"auto, (max-width: 281px) 100vw, 281px\" \/><\/a><\/p>\n<p>&nbsp;<\/p>","protected":false},"excerpt":{"rendered":"<p>Diese Bei\u00dfklappe besteht aus 120 cm langer Nylonleine mit Griff. Es wird zum Aufbau des Beutetriebs zu Beginn des Bisstrainings oder als Apportierpuppe f\u00fcr die Jagdhundearbeit eingesetzt.<\/p>","protected":false},"featured_media":22000,"template":"","meta":[],"product_brand":[],"product_cat":[352],"product_tag":[],"class_list":{"0":"post-137160","1":"product","2":"type-product","3":"status-publish","4":"has-post-thumbnail","6":"product_cat-bijtworsten-voor-honden","8":"first","9":"instock","10":"taxable","11":"shipping-taxable","12":"purchasable","13":"product-type-simple"},"mb":[],"mfb_rest_fields":["title"],"_links":{"self":[{"href":"https:\/\/dogpride.nl\/de\/wp-json\/wp\/v2\/product\/137160","targetHints":{"allow":["GET"]}}],"collection":[{"href":"https:\/\/dogpride.nl\/de\/wp-json\/wp\/v2\/product"}],"about":[{"href":"https:\/\/dogpride.nl\/de\/wp-json\/wp\/v2\/types\/product"}],"wp:featuredmedia":[{"embeddable":true,"href":"https:\/\/dogpride.nl\/de\/wp-json\/wp\/v2\/media\/22000"}],"wp:attachment":[{"href":"https:\/\/dogpride.nl\/de\/wp-json\/wp\/v2\/media?parent=137160"}],"wp:term":[{"taxonomy":"product_brand","embeddable":true,"href":"https:\/\/dogpride.nl\/de\/wp-json\/wp\/v2\/product_brand?post=137160"},{"taxonomy":"product_cat","embeddable":true,"href":"https:\/\/dogpride.nl\/de\/wp-json\/wp\/v2\/product_cat?post=137160"},{"taxonomy":"product_tag","embeddable":true,"href":"https:\/\/dogpride.nl\/de\/wp-json\/wp\/v2\/product_tag?post=137160"}],"curies":[{"name":"wp","href":"https:\/\/api.w.org\/{rel}","templated":true}]}}