{"id":137159,"date":"2025-10-01T11:26:38","date_gmt":"2025-10-01T09:26:38","guid":{"rendered":"https:\/\/dogpride.nl\/?post_type=product&#038;p=137159"},"modified":"2025-10-31T16:09:52","modified_gmt":"2025-10-31T15:09:52","slug":"pride-zachte-bijtlap-voor-pups-nylon","status":"publish","type":"product","link":"https:\/\/dogpride.nl\/de\/pride-zachte-bijtlap-voor-pups-nylon\/","title":{"rendered":"PRIDE Weiche Bei\u00dfklappe f\u00fcr Welpen aus Nylon"},"content":{"rendered":"<h4>PRIDE Weiche Bei\u00dfklappe f\u00fcr Welpen aus Nylon<\/h4>\n<p>PRIDE Weiche Bei\u00dfklappe f\u00fcr Welpen aus Nylon<\/p>\n<p style=\"color: #000000; font-size: 13px; text-align: left; text-decoration: none;\">Diese weiche Bei\u00dflasche eignet sich hervorragend zum Erlernen, Trainieren und Verbessern des Bisses bei Welpen und Junghunden.<br \/>\nDiese Bei\u00dfklappe besteht aus hochwertigem, starkem Nylon, ist superstark und sicher f\u00fcr Hundez\u00e4hne.<\/p>\n<p>Geeignet f\u00fcr die Ausbildung von IGP, FRENCH RING, MONDIORING, KNPV, REAL \/ POLICE WORK.<\/p>\n<p style=\"color: #000000; font-size: 13px; text-align: left; text-decoration: none;\">Modell: T-010<br \/>\nMaterial: Nylon \/ Baumwolle<\/p>\n<ul>\n<li style=\"color: #000000; font-size: 13px; text-align: left; text-decoration: none;\">Gr\u00f6\u00dfe: \u00b1 50 cm<\/li>\n<\/ul>\n<p>* Die Farben variieren je nach aktueller Farbcharge.<\/p>\n<p>&nbsp;<\/p>\n<p><a href=\"https:\/\/www.dogpride.eu\/\" target=\"_blank\" rel=\"noopener\"><img loading=\"lazy\" decoding=\"async\" class=\"alignnone wp-image-71202 size-medium\" src=\"https:\/\/dogpride.nl\/wp-content\/uploads\/Logo-Pride2-2-300x96.png\" alt=\"Pride\" width=\"300\" height=\"96\" srcset=\"https:\/\/dogpride.nl\/wp-content\/uploads\/Logo-Pride2-2-300x96.png 300w, https:\/\/dogpride.nl\/wp-content\/uploads\/Logo-Pride2-2-250x80.png 250w, https:\/\/dogpride.nl\/wp-content\/uploads\/Logo-Pride2-2-200x64.png 200w, https:\/\/dogpride.nl\/wp-content\/uploads\/Logo-Pride2-2.png 327w\" sizes=\"auto, (max-width: 300px) 100vw, 300px\" \/><\/a><\/p>\n<p><a href=\"\/de\/Dogpride NL sponsort Kelly Albers Sinds 2015 ben ik (Kelly Albers) actief in de dierensector. Na het volgen van meerdere opleidingen, vele jaren ervaring op te hebben gedaan binnen de hondensport en een aantal jaren werkzaam te zijn geweest voor meerdere dierenbedrijven. In mei 2018 bereikte ik een hoogtepunt in mijn hondensport carri\u00e8re. Ik werd WDSF Wereld kampioen in de klasse ipo2 en stroomde door naar het Nederlands Kampioenschap alle rassen.\/\"><img loading=\"lazy\" decoding=\"async\" class=\"alignnone wp-image-137105\" src=\"https:\/\/dogpride.nl\/wp-content\/uploads\/PRIDE-Zachte-bijtlap-voor-pups-Nylon.jpg\" alt=\"PRIDE Zachte bijtlap voor pups Nylon\" width=\"266\" height=\"177\" srcset=\"https:\/\/dogpride.nl\/wp-content\/uploads\/PRIDE-Zachte-bijtlap-voor-pups-Nylon.jpg 1820w, https:\/\/dogpride.nl\/wp-content\/uploads\/PRIDE-Zachte-bijtlap-voor-pups-Nylon-300x200.jpg 300w, https:\/\/dogpride.nl\/wp-content\/uploads\/PRIDE-Zachte-bijtlap-voor-pups-Nylon-1024x684.jpg 1024w, https:\/\/dogpride.nl\/wp-content\/uploads\/PRIDE-Zachte-bijtlap-voor-pups-Nylon-768x513.jpg 768w, https:\/\/dogpride.nl\/wp-content\/uploads\/PRIDE-Zachte-bijtlap-voor-pups-Nylon-1536x1025.jpg 1536w, https:\/\/dogpride.nl\/wp-content\/uploads\/PRIDE-Zachte-bijtlap-voor-pups-Nylon-18x12.jpg 18w, https:\/\/dogpride.nl\/wp-content\/uploads\/PRIDE-Zachte-bijtlap-voor-pups-Nylon-250x167.jpg 250w, https:\/\/dogpride.nl\/wp-content\/uploads\/PRIDE-Zachte-bijtlap-voor-pups-Nylon-400x267.jpg 400w\" sizes=\"auto, (max-width: 266px) 100vw, 266px\" \/><\/a><\/p>\n<p>&nbsp;<\/p>","protected":false},"excerpt":{"rendered":"<p>Weiche Bei\u00dflasche f\u00fcr Welpen aus Nylcot. Diese weiche Bei\u00dflasche eignet sich hervorragend zum Erlernen, Trainieren und Verbessern des Bisses bei Welpen und Junghunden.<\/p>","protected":false},"featured_media":20036,"template":"","meta":[],"product_brand":[],"product_cat":[352],"product_tag":[],"class_list":{"0":"post-137159","1":"product","2":"type-product","3":"status-publish","4":"has-post-thumbnail","6":"product_cat-bijtworsten-voor-honden","8":"first","9":"instock","10":"taxable","11":"shipping-taxable","12":"purchasable","13":"product-type-simple"},"mb":[],"mfb_rest_fields":["title"],"_links":{"self":[{"href":"https:\/\/dogpride.nl\/de\/wp-json\/wp\/v2\/product\/137159","targetHints":{"allow":["GET"]}}],"collection":[{"href":"https:\/\/dogpride.nl\/de\/wp-json\/wp\/v2\/product"}],"about":[{"href":"https:\/\/dogpride.nl\/de\/wp-json\/wp\/v2\/types\/product"}],"wp:featuredmedia":[{"embeddable":true,"href":"https:\/\/dogpride.nl\/de\/wp-json\/wp\/v2\/media\/20036"}],"wp:attachment":[{"href":"https:\/\/dogpride.nl\/de\/wp-json\/wp\/v2\/media?parent=137159"}],"wp:term":[{"taxonomy":"product_brand","embeddable":true,"href":"https:\/\/dogpride.nl\/de\/wp-json\/wp\/v2\/product_brand?post=137159"},{"taxonomy":"product_cat","embeddable":true,"href":"https:\/\/dogpride.nl\/de\/wp-json\/wp\/v2\/product_cat?post=137159"},{"taxonomy":"product_tag","embeddable":true,"href":"https:\/\/dogpride.nl\/de\/wp-json\/wp\/v2\/product_tag?post=137159"}],"curies":[{"name":"wp","href":"https:\/\/api.w.org\/{rel}","templated":true}]}}