{"id":137155,"date":"2025-10-01T11:24:11","date_gmt":"2025-10-01T09:24:11","guid":{"rendered":"https:\/\/dogpride.nl\/?post_type=product&#038;p=137155"},"modified":"2025-10-31T16:12:56","modified_gmt":"2025-10-31T15:12:56","slug":"pride-zachte-bijtlap-voor-pups-leer","status":"publish","type":"product","link":"https:\/\/dogpride.nl\/de\/pride-zachte-bijtlap-voor-pups-leer\/","title":{"rendered":"PRIDE Weiche Bei\u00dfklappe f\u00fcr Welpen aus Leder"},"content":{"rendered":"<h4>PRIDE Weiche Bei\u00dfklappe f\u00fcr Welpen aus Leder<\/h4>\n<p>PRIDE Zachte bijtlap voor pups Leer.<\/p>\n<p>Diese Bei\u00dflasche aus weichem Leder eignet sich hervorragend zum Erlernen, Trainieren und Verbessern des Gebisses bei Welpen und Junghunden.<br \/>\nDiese Bei\u00dfklappe besteht aus hochwertigem, starkem Leder, ist superstark und sicher f\u00fcr Hundez\u00e4hne.<br \/>\nIdeal f\u00fcr das pers\u00f6nliche Hundetraining<\/p>\n<p>Geeignet f\u00fcr die Ausbildung von IGP, FRENCH RING, MONDIORING, KNPV, REAL \/ POLICE WORK.<\/p>\n<p>Modell: T-011<br \/>\nMaterial: Leder<br \/>\nGr\u00f6\u00dfe: S, L<\/p>\n<p>* Die Farben variieren je nach aktueller Farbcharge.<\/p>\n<p>&nbsp;<\/p>\n<p><a href=\"https:\/\/www.dogpride.eu\/\" target=\"_blank\" rel=\"noopener\"><img loading=\"lazy\" decoding=\"async\" class=\"alignnone wp-image-71202 size-medium\" src=\"https:\/\/dogpride.nl\/wp-content\/uploads\/Logo-Pride2-2-300x96.png\" alt=\"\" width=\"300\" height=\"96\" srcset=\"https:\/\/dogpride.nl\/wp-content\/uploads\/Logo-Pride2-2-300x96.png 300w, https:\/\/dogpride.nl\/wp-content\/uploads\/Logo-Pride2-2-250x80.png 250w, https:\/\/dogpride.nl\/wp-content\/uploads\/Logo-Pride2-2-200x64.png 200w, https:\/\/dogpride.nl\/wp-content\/uploads\/Logo-Pride2-2.png 327w\" sizes=\"auto, (max-width: 300px) 100vw, 300px\" \/><\/a><\/p>\n<p><a href=\"https:\/\/dogpride.nl\/de\/pride-zachte-bijtlap-voor-pups-leer\/\"><img loading=\"lazy\" decoding=\"async\" class=\"alignnone wp-image-137101\" src=\"https:\/\/dogpride.nl\/wp-content\/uploads\/PRIDE-Zachte-bijtlap-voor-pups-Leer.jpg\" alt=\"PRIDE Zachte bijtlap voor pups Leer.\" width=\"291\" height=\"194\" srcset=\"https:\/\/dogpride.nl\/wp-content\/uploads\/PRIDE-Zachte-bijtlap-voor-pups-Leer.jpg 1820w, https:\/\/dogpride.nl\/wp-content\/uploads\/PRIDE-Zachte-bijtlap-voor-pups-Leer-300x200.jpg 300w, https:\/\/dogpride.nl\/wp-content\/uploads\/PRIDE-Zachte-bijtlap-voor-pups-Leer-1024x684.jpg 1024w, https:\/\/dogpride.nl\/wp-content\/uploads\/PRIDE-Zachte-bijtlap-voor-pups-Leer-768x513.jpg 768w, https:\/\/dogpride.nl\/wp-content\/uploads\/PRIDE-Zachte-bijtlap-voor-pups-Leer-1536x1025.jpg 1536w, https:\/\/dogpride.nl\/wp-content\/uploads\/PRIDE-Zachte-bijtlap-voor-pups-Leer-18x12.jpg 18w, https:\/\/dogpride.nl\/wp-content\/uploads\/PRIDE-Zachte-bijtlap-voor-pups-Leer-250x167.jpg 250w, https:\/\/dogpride.nl\/wp-content\/uploads\/PRIDE-Zachte-bijtlap-voor-pups-Leer-400x267.jpg 400w\" sizes=\"auto, (max-width: 291px) 100vw, 291px\" \/><\/a><\/p>\n<p>&nbsp;<\/p>","protected":false},"excerpt":{"rendered":"<p>Diese Bei\u00dflasche aus weichem Leder eignet sich hervorragend zum Erlernen, Trainieren und Verbessern des Gebisses bei Welpen und Junghunden.<\/p>","protected":false},"featured_media":20034,"template":"","meta":[],"product_brand":[],"product_cat":[352],"product_tag":[10432,10424,8486,8254,10425,7484,3332,6477,10430,4979,10427,10431,10426,4865,10429,10423,10422,10428,10227,10421],"class_list":{"0":"post-137155","1":"product","2":"type-product","3":"status-publish","4":"has-post-thumbnail","6":"product_cat-bijtworsten-voor-honden","7":"product_tag-apporteerspeeltje","8":"product_tag-bijtspeeltje","9":"product_tag-comfortabel","10":"product_tag-duurzaam","11":"product_tag-handgemaakt","12":"product_tag-hondenspeelgoed","13":"product_tag-hondensport","14":"product_tag-hondentraining","15":"product_tag-kwaliteitsleer","16":"product_tag-leer","17":"product_tag-leertraining","18":"product_tag-milieuvriendelijk","19":"product_tag-natuurlijk-materiaal","20":"product_tag-pride","21":"product_tag-puppyaccessoire","22":"product_tag-puppytraining","23":"product_tag-pups","24":"product_tag-speelplezier","25":"product_tag-trainingsmateriaal","26":"product_tag-zachte-bijtlap","28":"first","29":"instock","30":"taxable","31":"shipping-taxable","32":"purchasable","33":"product-type-variable"},"mb":[],"mfb_rest_fields":["title"],"_links":{"self":[{"href":"https:\/\/dogpride.nl\/de\/wp-json\/wp\/v2\/product\/137155","targetHints":{"allow":["GET"]}}],"collection":[{"href":"https:\/\/dogpride.nl\/de\/wp-json\/wp\/v2\/product"}],"about":[{"href":"https:\/\/dogpride.nl\/de\/wp-json\/wp\/v2\/types\/product"}],"wp:featuredmedia":[{"embeddable":true,"href":"https:\/\/dogpride.nl\/de\/wp-json\/wp\/v2\/media\/20034"}],"wp:attachment":[{"href":"https:\/\/dogpride.nl\/de\/wp-json\/wp\/v2\/media?parent=137155"}],"wp:term":[{"taxonomy":"product_brand","embeddable":true,"href":"https:\/\/dogpride.nl\/de\/wp-json\/wp\/v2\/product_brand?post=137155"},{"taxonomy":"product_cat","embeddable":true,"href":"https:\/\/dogpride.nl\/de\/wp-json\/wp\/v2\/product_cat?post=137155"},{"taxonomy":"product_tag","embeddable":true,"href":"https:\/\/dogpride.nl\/de\/wp-json\/wp\/v2\/product_tag?post=137155"}],"curies":[{"name":"wp","href":"https:\/\/api.w.org\/{rel}","templated":true}]}}