{"id":137153,"date":"2025-10-01T11:23:14","date_gmt":"2025-10-01T09:23:14","guid":{"rendered":"https:\/\/dogpride.nl\/?post_type=product&#038;p=137153"},"modified":"2026-01-23T13:25:22","modified_gmt":"2026-01-23T12:25:22","slug":"pride-bijtworst-5-x-20-cm-nylon-katoen","status":"publish","type":"product","link":"https:\/\/dogpride.nl\/de\/pride-bijtworst-5-x-20-cm-nylon-katoen\/","title":{"rendered":"PRIDE Bijtworst 5 x 20 cm Nylon \/ katoen"},"content":{"rendered":"<h4>PRIDE Bijtworst 5 x 20 cm Nylon \/ katoen<\/h4>\n<p>PRIDE Bijtworst 5 x 20 cm Nylon \/ katoen<\/p>\n<div style=\"color: #000000; font-size: 13px; text-align: left; text-decoration: none;\">\n<p>Deze PRIDE Bijtworst 5 x 20 cm nylon \/ katoen is gemaakt van sterk nylon en katoen voor duurzaamheid en met een nylon handvat. Ideaal voor puppies.<\/p>\n<div>\n<p>Wird zur Nachahmung von Beutetieren in den fr\u00fchen Phasen des Bisstrainings verwendet. Kann auch als Bissbelohnung beim Erlernen neuer F\u00e4higkeiten oder als einfaches Spiel mit Ihrem Hund verwendet werden.<\/p>\n<\/div>\n<div>\n<ul>\n<li>Abmessungen: 20 cm x 5 cm<\/li>\n<\/ul>\n<\/div>\n<div>\n<p>Dieses haltbare Material ist superstark und sicher f\u00fcr die Z\u00e4hne von Welpen und kr\u00e4ftigen erwachsenen Hunden.<\/p>\n<p>Modell: T-013<br \/>\nMaterial: Nylon und Baumwolle<br \/>\nAbmessungen: 5 x 20 cm<\/p>\n<p>* Die Farben variieren je nach aktueller Farbcharge.<\/p>\n<p><strong>Hinweis:<\/strong><\/p>\n<p>Dieser Bei\u00dfbei\u00dfer ist kein Kauspielzeug und sollte auf Sch\u00e4den untersucht und ersetzt werden, wenn er Anzeichen \u00fcberm\u00e4\u00dfiger Abnutzung aufweist. Es wird nicht empfohlen, Ihren Hund beim Spielen mit einem Bei\u00dfzerrer unbeaufsichtigt zu lassen.<\/p>\n<\/div>\n<\/div>\n<div style=\"color: #000000; font-size: 13px; text-align: left; text-decoration: none;\"><\/div>\n<p>&nbsp;<\/p>\n<p><a href=\"https:\/\/www.dogpride.eu\/\" target=\"_blank\" rel=\"noopener\"><img loading=\"lazy\" decoding=\"async\" class=\"alignnone wp-image-71202 size-medium\" src=\"https:\/\/dogpride.nl\/wp-content\/uploads\/Logo-Pride2-2-300x96.png\" alt=\"Pride\" width=\"300\" height=\"96\" srcset=\"https:\/\/dogpride.nl\/wp-content\/uploads\/Logo-Pride2-2-300x96.png 300w, https:\/\/dogpride.nl\/wp-content\/uploads\/Logo-Pride2-2-250x80.png 250w, https:\/\/dogpride.nl\/wp-content\/uploads\/Logo-Pride2-2-200x64.png 200w, https:\/\/dogpride.nl\/wp-content\/uploads\/Logo-Pride2-2.png 327w\" sizes=\"auto, (max-width: 300px) 100vw, 300px\" \/><\/a><\/p>\n<p><a href=\"https:\/\/dogpride.nl\/de\/igp\/bijtworsten-voor-honden\/?product-page=1\"><img loading=\"lazy\" decoding=\"async\" class=\"alignnone wp-image-137145\" src=\"https:\/\/dogpride.nl\/wp-content\/uploads\/PRIDE-Bijtworst-5-x-20-cm-nylon.jpg\" alt=\"PRIDE Bijtworst 5 x 20 cm Nylon \/ katoen\" width=\"257\" height=\"171\" srcset=\"https:\/\/dogpride.nl\/wp-content\/uploads\/PRIDE-Bijtworst-5-x-20-cm-nylon.jpg 1820w, https:\/\/dogpride.nl\/wp-content\/uploads\/PRIDE-Bijtworst-5-x-20-cm-nylon-300x200.jpg 300w, https:\/\/dogpride.nl\/wp-content\/uploads\/PRIDE-Bijtworst-5-x-20-cm-nylon-1024x684.jpg 1024w, https:\/\/dogpride.nl\/wp-content\/uploads\/PRIDE-Bijtworst-5-x-20-cm-nylon-768x513.jpg 768w, https:\/\/dogpride.nl\/wp-content\/uploads\/PRIDE-Bijtworst-5-x-20-cm-nylon-1536x1025.jpg 1536w, https:\/\/dogpride.nl\/wp-content\/uploads\/PRIDE-Bijtworst-5-x-20-cm-nylon-18x12.jpg 18w, https:\/\/dogpride.nl\/wp-content\/uploads\/PRIDE-Bijtworst-5-x-20-cm-nylon-250x167.jpg 250w, https:\/\/dogpride.nl\/wp-content\/uploads\/PRIDE-Bijtworst-5-x-20-cm-nylon-400x267.jpg 400w\" sizes=\"auto, (max-width: 257px) 100vw, 257px\" \/><\/a><\/p>\n<p>&nbsp;<\/p>","protected":false},"excerpt":{"rendered":"<p>Wird zur Nachahmung von Beutetieren in den fr\u00fchen Phasen des Bisstrainings verwendet. Kann auch als Bissbelohnung beim Erlernen neuer F\u00e4higkeiten oder als einfaches Spiel mit Ihrem Hund verwendet werden.<\/p>","protected":false},"featured_media":23548,"template":"","meta":[],"product_brand":[],"product_cat":[352],"product_tag":[],"class_list":{"0":"post-137153","1":"product","2":"type-product","3":"status-publish","4":"has-post-thumbnail","6":"product_cat-bijtworsten-voor-honden","8":"first","9":"instock","10":"taxable","11":"shipping-taxable","12":"purchasable","13":"product-type-simple"},"mb":[],"mfb_rest_fields":["title"],"_links":{"self":[{"href":"https:\/\/dogpride.nl\/de\/wp-json\/wp\/v2\/product\/137153","targetHints":{"allow":["GET"]}}],"collection":[{"href":"https:\/\/dogpride.nl\/de\/wp-json\/wp\/v2\/product"}],"about":[{"href":"https:\/\/dogpride.nl\/de\/wp-json\/wp\/v2\/types\/product"}],"wp:featuredmedia":[{"embeddable":true,"href":"https:\/\/dogpride.nl\/de\/wp-json\/wp\/v2\/media\/23548"}],"wp:attachment":[{"href":"https:\/\/dogpride.nl\/de\/wp-json\/wp\/v2\/media?parent=137153"}],"wp:term":[{"taxonomy":"product_brand","embeddable":true,"href":"https:\/\/dogpride.nl\/de\/wp-json\/wp\/v2\/product_brand?post=137153"},{"taxonomy":"product_cat","embeddable":true,"href":"https:\/\/dogpride.nl\/de\/wp-json\/wp\/v2\/product_cat?post=137153"},{"taxonomy":"product_tag","embeddable":true,"href":"https:\/\/dogpride.nl\/de\/wp-json\/wp\/v2\/product_tag?post=137153"}],"curies":[{"name":"wp","href":"https:\/\/api.w.org\/{rel}","templated":true}]}}