{"id":137046,"date":"2025-09-30T16:46:54","date_gmt":"2025-09-30T14:46:54","guid":{"rendered":"https:\/\/dogpride.nl\/?post_type=product&#038;p=137046"},"modified":"2025-10-29T11:21:31","modified_gmt":"2025-10-29T10:21:31","slug":"pride-elite-serie-40mm-halsband","status":"publish","type":"product","link":"https:\/\/dogpride.nl\/de\/pride-elite-serie-40mm-halsband\/","title":{"rendered":"PRIDE Elite serie 40mm halsband"},"content":{"rendered":"<h4>PRIDE Elite serie 40mm halsband<\/h4>\n<p>PRIDE Elite serie 40mm halsband<\/p>\n<p>Robustes Nylonhalsband f\u00fcr Hunde der Elite-Serie mit COBRA Fast Release-Verschluss. Breite 40 mm f\u00fcr mittlere und gro\u00dfe Hunde.<\/p>\n<p>Wir verwenden hochwertiges Nylon, um Ihnen einen guten Service zu bieten und dabei das Aussehen und die Haltbarkeit beizubehalten. Dieses Halsband ist ein bequemes Hilfsmittel zum Spazierengehen und Trainieren von Hunden.<\/p>\n<p>Deze PRIDE Elite serie 40mm halsband\u00a0 sterke halsband heeft een sterke COBRA snelsluiting voor gemakkelijk en comfortabel gebruik. De lengte van de halsband is verstelbaar van 43 &#8211; 62 cm.<\/p>\n<p>1,5&quot; Cobra-Schnalle. 2000 Pfund \/ 9 kN<br \/>\nStarker geschwei\u00dfter dreieckiger D-Ring<br \/>\nEdelstahl-Schnalle mit 2 Schlitzen<\/p>\n<p><strong>Erh\u00e4ltlich in den Farben:<\/strong><\/p>\n<ul style=\"color: #666666; text-align: left; text-decoration: none;\">\n<li><strong>Kryptec Highlander<\/strong><\/li>\n<li><strong>Ein Tacs AU<\/strong><\/li>\n<li><strong>Multicam-Original<\/strong><\/li>\n<li><strong>Schwarz<\/strong><\/li>\n<\/ul>\n<p>* Die Farbe des COBRA-Verschlusses variiert je nach aktueller F\u00e4rbecharge<\/p>\n<p>&nbsp;<\/p>\n<p><a href=\"https:\/\/www.dogpride.eu\/\" target=\"_blank\" rel=\"noopener\"><img loading=\"lazy\" decoding=\"async\" class=\"alignnone wp-image-70657 size-medium\" src=\"https:\/\/dogpride.nl\/wp-content\/uploads\/Logo-Pride2-1-300x96.png\" alt=\"PRIDE\" width=\"300\" height=\"96\" srcset=\"https:\/\/dogpride.nl\/wp-content\/uploads\/Logo-Pride2-1-300x96.png 300w, https:\/\/dogpride.nl\/wp-content\/uploads\/Logo-Pride2-1-250x80.png 250w, https:\/\/dogpride.nl\/wp-content\/uploads\/Logo-Pride2-1-200x64.png 200w, https:\/\/dogpride.nl\/wp-content\/uploads\/Logo-Pride2-1.png 327w\" sizes=\"auto, (max-width: 300px) 100vw, 300px\" \/><\/a><\/p>\n<p><a href=\"https:\/\/dogpride.nl\/de\/hondenhalsbanden\/pride-hondenhalsbanden\/?product-page=4\"><img loading=\"lazy\" decoding=\"async\" class=\"alignnone wp-image-137039 size-full\" title=\"PRIDE Elite serie 40mm halsband\" src=\"https:\/\/dogpride.nl\/wp-content\/uploads\/PRIDE-Elite-serie-40mm-halsband-2-1.jpg\" alt=\"PRIDE Elite serie 40mm halsband\" width=\"400\" height=\"301\" srcset=\"https:\/\/dogpride.nl\/wp-content\/uploads\/PRIDE-Elite-serie-40mm-halsband-2-1.jpg 400w, https:\/\/dogpride.nl\/wp-content\/uploads\/PRIDE-Elite-serie-40mm-halsband-2-1-300x226.jpg 300w, https:\/\/dogpride.nl\/wp-content\/uploads\/PRIDE-Elite-serie-40mm-halsband-2-1-16x12.jpg 16w, https:\/\/dogpride.nl\/wp-content\/uploads\/PRIDE-Elite-serie-40mm-halsband-2-1-250x188.jpg 250w\" sizes=\"auto, (max-width: 400px) 100vw, 400px\" \/><\/a><\/p>\n<p>&nbsp;<\/p>","protected":false},"excerpt":{"rendered":"<p>Robustes Nylonhalsband f\u00fcr Hunde der Elite-Serie mit COBRA Fast Release-Verschluss. Breite 40 mm f\u00fcr mittlere und gro\u00dfe Hunde.<\/p>","protected":false},"featured_media":137039,"template":"","meta":[],"product_brand":[],"product_cat":[90],"product_tag":[10782,10783,10751,10781,10763,9525,6477,10787,10786,10784,10759,10779,10780,10785,10303,6953,10769,10777,10767,10298],"class_list":{"0":"post-137046","1":"product","2":"type-product","3":"status-publish","4":"has-post-thumbnail","6":"product_cat-pride-hondenhalsbanden","7":"product_tag-40mm-halsband-hond","8":"product_tag-brede-halsband-hond","9":"product_tag-duurzame-halsband","10":"product_tag-elite-hondenhalsband","11":"product_tag-hond-wandelen-stijlvol","12":"product_tag-hondensport-accessoires","13":"product_tag-hondentraining","14":"product_tag-luxe-hondenhalsband","15":"product_tag-nylon-halsband-hond","16":"product_tag-premium-hondenaccessoire","17":"product_tag-pride-collectie","18":"product_tag-pride-elite-serie-40mm-halsband","19":"product_tag-pride-halsband","20":"product_tag-robuuste-halsband","21":"product_tag-sterke-hondenhalsband","22":"product_tag-tactische-halsband","23":"product_tag-training-halsband-hond","24":"product_tag-veiligheidshalsband","25":"product_tag-verstelbare-halsband","26":"product_tag-werkhond-halsband","28":"first","29":"instock","30":"taxable","31":"shipping-taxable","32":"purchasable","33":"product-type-variable"},"mb":[],"mfb_rest_fields":["title"],"_links":{"self":[{"href":"https:\/\/dogpride.nl\/de\/wp-json\/wp\/v2\/product\/137046","targetHints":{"allow":["GET"]}}],"collection":[{"href":"https:\/\/dogpride.nl\/de\/wp-json\/wp\/v2\/product"}],"about":[{"href":"https:\/\/dogpride.nl\/de\/wp-json\/wp\/v2\/types\/product"}],"wp:featuredmedia":[{"embeddable":true,"href":"https:\/\/dogpride.nl\/de\/wp-json\/wp\/v2\/media\/137039"}],"wp:attachment":[{"href":"https:\/\/dogpride.nl\/de\/wp-json\/wp\/v2\/media?parent=137046"}],"wp:term":[{"taxonomy":"product_brand","embeddable":true,"href":"https:\/\/dogpride.nl\/de\/wp-json\/wp\/v2\/product_brand?post=137046"},{"taxonomy":"product_cat","embeddable":true,"href":"https:\/\/dogpride.nl\/de\/wp-json\/wp\/v2\/product_cat?post=137046"},{"taxonomy":"product_tag","embeddable":true,"href":"https:\/\/dogpride.nl\/de\/wp-json\/wp\/v2\/product_tag?post=137046"}],"curies":[{"name":"wp","href":"https:\/\/api.w.org\/{rel}","templated":true}]}}