{"id":136989,"date":"2025-09-30T12:41:21","date_gmt":"2025-09-30T10:41:21","guid":{"rendered":"https:\/\/dogpride.nl\/?post_type=product&#038;p=136989"},"modified":"2025-10-29T11:56:26","modified_gmt":"2025-10-29T10:56:26","slug":"pride-zwarte-lederen-halsband-met-handvat-profi","status":"publish","type":"product","link":"https:\/\/dogpride.nl\/de\/pride-zwarte-lederen-halsband-met-handvat-profi\/","title":{"rendered":"PRIDE Zwarte lederen halsband met handvat PROFI"},"content":{"rendered":"<h4>PRIDE Zwarte lederen halsband met handvat PROFI<\/h4>\n<p>PRIDE Zwarte lederen halsband met handvat PROFI<\/p>\n<div style=\"color: #000000; font-size: 13px; text-align: left; text-decoration: none;\">\n<p>Dieses sehr strapazierf\u00e4hige Lederhalsband mit Griff und weichem Lederfutter besteht aus hochwertigem, starkem 2-Lagen-Leder.<\/p>\n<\/div>\n<div style=\"color: #000000; font-size: 13px; text-align: left; text-decoration: none;\">Ein stabiler Griff hilft Ihnen, Ihren Hund \u00fcber kurze Distanzen einfach und schnell zu kontrollieren. Der Griff ist sehr stabil und f\u00fcr gro\u00dfe, kr\u00e4ftige Rassen geeignet.<\/div>\n<div style=\"color: #000000; font-size: 13px; text-align: left; text-decoration: none;\"><span style=\"color: #000000; background-color: #ffffff; font-size: 13px; text-align: left; display: inline; float: none; text-decoration: none;\">Die Leine kann am geformten D-Ring befestigt werden.<\/span><\/div>\n<p>Der Liner erh\u00f6ht die Breite des Kragens auf jeder Seite um etwa 6\u20137 mm oder etwas mehr, sodass ein Kragen, der in einer Breite von 30 mm bestellt wird, eine tats\u00e4chliche Breite von etwa 45 mm hat.<\/p>\n<div style=\"color: #000000; font-size: 13px; text-align: left; text-decoration: none;\">ProbeerPRIDE Zwarte lederen halsband met handvat PROFI voor comfortabel, betrouwbaar en langdurig gebruik en een stijlvolle uitstraling van uw hond. Uw huisdier verdient de beste kwaliteit!<\/div>\n<div style=\"color: #000000; font-size: 13px; text-align: left; text-decoration: none;\"><\/div>\n<div style=\"color: #000000; font-size: 13px; text-align: left; text-decoration: none;\">Gutes Halsband f\u00fcr mittlere und gro\u00dfe Hunderassen aus kr\u00e4ftigem schwarzem Leder.<\/div>\n<div style=\"color: #000000; font-size: 13px; text-align: left; text-decoration: none;\">Modell: CL-054<br \/>\nMaterial: Leder<br \/>\nKleur: zwartBreedte: 30 mm<\/div>\n<div>L\u00e4nge:\u00a0<span style=\"color: #000000; background-color: #ffffff; font-size: 10pt; text-align: left; display: inline !important; float: none; text-decoration: none;\">Mindestens 45 cm \u2013 H\u00f6chstens 56 cm<\/span><\/div>\n<div><\/div>\n<div><a href=\"https:\/\/www.dogpride.eu\/\" target=\"_blank\" rel=\"noopener\"><img loading=\"lazy\" decoding=\"async\" class=\"alignnone wp-image-70657 size-medium\" src=\"https:\/\/dogpride.nl\/wp-content\/uploads\/Logo-Pride2-1-300x96.png\" alt=\"\" width=\"300\" height=\"96\" srcset=\"https:\/\/dogpride.nl\/wp-content\/uploads\/Logo-Pride2-1-300x96.png 300w, https:\/\/dogpride.nl\/wp-content\/uploads\/Logo-Pride2-1-250x80.png 250w, https:\/\/dogpride.nl\/wp-content\/uploads\/Logo-Pride2-1-200x64.png 200w, https:\/\/dogpride.nl\/wp-content\/uploads\/Logo-Pride2-1.png 327w\" sizes=\"auto, (max-width: 300px) 100vw, 300px\" \/><\/a><\/div>\n<p>&nbsp;<\/p>\n<p><a href=\"https:\/\/dogpride.nl\/de\/pride-zwarte-lederen-halsband-met-handvat-profi\/\"><img loading=\"lazy\" decoding=\"async\" class=\"alignnone wp-image-136990\" title=\"PRIDE Zwarte lederen halsband met handvat PROFI \" src=\"https:\/\/dogpride.nl\/wp-content\/uploads\/PRIDE-Zwarte-lederen-halsband-met-handvat-PROFI.jpg\" alt=\"PRIDE Zwarte lederen halsband met handvat PROFI \" width=\"257\" height=\"171\" srcset=\"https:\/\/dogpride.nl\/wp-content\/uploads\/PRIDE-Zwarte-lederen-halsband-met-handvat-PROFI.jpg 900w, https:\/\/dogpride.nl\/wp-content\/uploads\/PRIDE-Zwarte-lederen-halsband-met-handvat-PROFI-300x200.jpg 300w, https:\/\/dogpride.nl\/wp-content\/uploads\/PRIDE-Zwarte-lederen-halsband-met-handvat-PROFI-768x512.jpg 768w, https:\/\/dogpride.nl\/wp-content\/uploads\/PRIDE-Zwarte-lederen-halsband-met-handvat-PROFI-18x12.jpg 18w, https:\/\/dogpride.nl\/wp-content\/uploads\/PRIDE-Zwarte-lederen-halsband-met-handvat-PROFI-250x167.jpg 250w, https:\/\/dogpride.nl\/wp-content\/uploads\/PRIDE-Zwarte-lederen-halsband-met-handvat-PROFI-400x267.jpg 400w\" sizes=\"auto, (max-width: 257px) 100vw, 257px\" \/><\/a><\/p>\n<p>&nbsp;<\/p>","protected":false},"excerpt":{"rendered":"<p>PRIDE Schwarzes Lederhalsband mit Griff \u201ePROFI\u201c. Gutes Halsband f\u00fcr mittlere und gro\u00dfe Hunderassen aus kr\u00e4ftigem schwarzem Leder.<\/p>","protected":false},"featured_media":22930,"template":"","meta":[],"product_brand":[],"product_cat":[90],"product_tag":[10751,6203,10288,10749,10759,10795,4866,10752,10796],"class_list":{"0":"post-136989","1":"product","2":"type-product","3":"status-publish","4":"has-post-thumbnail","6":"product_cat-pride-hondenhalsbanden","7":"product_tag-duurzame-halsband","8":"product_tag-halsband-met-handvat","9":"product_tag-leren-hondenhalsband","10":"product_tag-luxe-hondenaccessoire","11":"product_tag-pride-collectie","12":"product_tag-pride-zwarte-lederen-halsband-met-handvat-profi","13":"product_tag-sterke-halsband","14":"product_tag-verstelbare-halsband-hond","15":"product_tag-zwarte-halsband-hond","17":"first","18":"instock","19":"taxable","20":"shipping-taxable","21":"purchasable","22":"product-type-simple"},"mb":[],"mfb_rest_fields":["title"],"_links":{"self":[{"href":"https:\/\/dogpride.nl\/de\/wp-json\/wp\/v2\/product\/136989","targetHints":{"allow":["GET"]}}],"collection":[{"href":"https:\/\/dogpride.nl\/de\/wp-json\/wp\/v2\/product"}],"about":[{"href":"https:\/\/dogpride.nl\/de\/wp-json\/wp\/v2\/types\/product"}],"wp:featuredmedia":[{"embeddable":true,"href":"https:\/\/dogpride.nl\/de\/wp-json\/wp\/v2\/media\/22930"}],"wp:attachment":[{"href":"https:\/\/dogpride.nl\/de\/wp-json\/wp\/v2\/media?parent=136989"}],"wp:term":[{"taxonomy":"product_brand","embeddable":true,"href":"https:\/\/dogpride.nl\/de\/wp-json\/wp\/v2\/product_brand?post=136989"},{"taxonomy":"product_cat","embeddable":true,"href":"https:\/\/dogpride.nl\/de\/wp-json\/wp\/v2\/product_cat?post=136989"},{"taxonomy":"product_tag","embeddable":true,"href":"https:\/\/dogpride.nl\/de\/wp-json\/wp\/v2\/product_tag?post=136989"}],"curies":[{"name":"wp","href":"https:\/\/api.w.org\/{rel}","templated":true}]}}