{"id":136984,"date":"2025-09-30T12:34:55","date_gmt":"2025-09-30T10:34:55","guid":{"rendered":"https:\/\/dogpride.nl\/?post_type=product&#038;p=136984"},"modified":"2025-10-29T11:56:59","modified_gmt":"2025-10-29T10:56:59","slug":"pride-lederen-halsband-met-snelsluiting-20-mm","status":"publish","type":"product","link":"https:\/\/dogpride.nl\/de\/pride-lederen-halsband-met-snelsluiting-20-mm\/","title":{"rendered":"PRIDE Lederhalsband mit Schnellverschluss 20 mm"},"content":{"rendered":"<h4><span style=\"font-size: 10pt;\">PRIDE Lederhalsband mit Schnellverschluss 20 mm<\/span><\/h4>\n<p>PRIDE Lederhalsband mit Schnellverschluss 20 mm.\u00a0<span style=\"font-size: 10pt;\">Schnellverschluss-Lederhalsband f\u00fcr mittelgro\u00dfe Rassen, schwarz \/ rot, 20 mm<\/span><\/p>\n<div style=\"color: #000000; font-size: 13px; text-align: left; text-decoration: none;\">\n<p>Dieses sehr strapazierf\u00e4hige Lederhalsband mit Schnellverschluss ist aus hochwertigem, starkem 2-Lagen-Leder gefertigt.<\/p>\n<\/div>\n<div style=\"color: #000000; font-size: 13px; text-align: left; text-decoration: none;\">Deze PRIDE Lederen halsband met snelsluiting 20 mm is erg sterk en geschikt voor alle middelgrote en grote rassen.<\/div>\n<div style=\"color: #000000; font-size: 13px; text-align: left; text-decoration: none;\"><span style=\"color: #000000; background-color: #ffffff; font-size: 13px; text-align: left; display: inline; float: none; text-decoration: none;\">Die Leine kann am geformten D-Ring befestigt werden.<\/span><\/div>\n<div style=\"color: #000000; font-size: 13px; text-align: left; text-decoration: none;\"><\/div>\n<div style=\"color: #000000; font-size: 13px; text-align: left; text-decoration: none;\">Probieren Sie unser robustes Halsband f\u00fcr eine bequeme, zuverl\u00e4ssige und langlebige Nutzung und einen stilvollen Look f\u00fcr Ihren Hund. Ihr Haustier verdient die beste Qualit\u00e4t!<\/div>\n<div style=\"color: #000000; font-size: 13px; text-align: left; text-decoration: none;\"><\/div>\n<div style=\"color: #000000; font-size: 13px; text-align: left; text-decoration: none;\">Guter Kragen f\u00fcr <span style=\"color: #000000; background-color: #ffffff; font-size: 13px; text-align: left; display: inline !important; float: none; text-decoration: none;\">mittel und gro\u00df <\/span> Hunderassen aus kr\u00e4ftigem schwarz\/rotem Leder.<\/div>\n<div style=\"color: #000000; font-size: 13px; text-align: left; text-decoration: none;\">Modell: CL-050<br \/>\nMaterial: Weiches Leder<br \/>\nFarbe: schwarz\/rot<\/div>\n<div style=\"color: #000000; font-size: 13px; text-align: left; text-decoration: none;\">\n<p>Breite: 20 mm<\/p>\n<p>Ma\u00dfe: <span style=\"color: #000000; background-color: #ffffff; font-size: 10pt; text-align: left; display: inline !important; float: none; text-decoration: none;\">41\u201350 cm<\/span><\/p>\n<\/div>\n<div><\/div>\n<div><a href=\"https:\/\/www.dogpride.eu\/\" target=\"_blank\" rel=\"noopener\"><img loading=\"lazy\" decoding=\"async\" class=\"alignnone wp-image-70657 size-medium\" src=\"https:\/\/dogpride.nl\/wp-content\/uploads\/Logo-Pride2-1-300x96.png\" alt=\"Logo PRIDE\" width=\"300\" height=\"96\" srcset=\"https:\/\/dogpride.nl\/wp-content\/uploads\/Logo-Pride2-1-300x96.png 300w, https:\/\/dogpride.nl\/wp-content\/uploads\/Logo-Pride2-1-250x80.png 250w, https:\/\/dogpride.nl\/wp-content\/uploads\/Logo-Pride2-1-200x64.png 200w, https:\/\/dogpride.nl\/wp-content\/uploads\/Logo-Pride2-1.png 327w\" sizes=\"auto, (max-width: 300px) 100vw, 300px\" \/><\/a><\/div>\n<div>\n<h4><span style=\"font-size: 10pt;\"><a href=\"https:\/\/dogpride.nl\/de\/pride-lederen-halsband-met-snelsluiting-20-mm\/\"><img loading=\"lazy\" decoding=\"async\" class=\"alignnone wp-image-136982\" title=\"PRIDE Lederhalsband mit Schnellverschluss 20 mm\" src=\"https:\/\/dogpride.nl\/wp-content\/uploads\/PRIDE-Lederen-halsband-met-snelsluiting-20-mm.jpg\" alt=\"PRIDE Lederen halsband met snelsluiting 20 mm\" width=\"290\" height=\"193\" srcset=\"https:\/\/dogpride.nl\/wp-content\/uploads\/PRIDE-Lederen-halsband-met-snelsluiting-20-mm.jpg 900w, https:\/\/dogpride.nl\/wp-content\/uploads\/PRIDE-Lederen-halsband-met-snelsluiting-20-mm-300x200.jpg 300w, https:\/\/dogpride.nl\/wp-content\/uploads\/PRIDE-Lederen-halsband-met-snelsluiting-20-mm-768x512.jpg 768w, https:\/\/dogpride.nl\/wp-content\/uploads\/PRIDE-Lederen-halsband-met-snelsluiting-20-mm-18x12.jpg 18w, https:\/\/dogpride.nl\/wp-content\/uploads\/PRIDE-Lederen-halsband-met-snelsluiting-20-mm-250x167.jpg 250w, https:\/\/dogpride.nl\/wp-content\/uploads\/PRIDE-Lederen-halsband-met-snelsluiting-20-mm-400x267.jpg 400w\" sizes=\"auto, (max-width: 290px) 100vw, 290px\" \/><\/a><\/span><\/h4>\n<p>&nbsp;<\/p>\n<\/div>","protected":false},"excerpt":{"rendered":"<p><span style=\"font-size: 10pt;\">Schnellverschluss-Lederhalsband f\u00fcr mittelgro\u00dfe Rassen, schwarz \/ rot, 20 mm. <\/span><span style=\"color: #000000; font-size: 13px;\">Dieses sehr strapazierf\u00e4hige Lederhalsband mit Schnellverschluss ist aus hochwertigem, starkem 2-Lagen-Leder gefertigt.<\/span><\/p>","protected":false},"featured_media":22937,"template":"","meta":[],"product_brand":[],"product_cat":[90],"product_tag":[10751,10799,10288,10749,10759,10797,10798,4866,10767],"class_list":{"0":"post-136984","1":"product","2":"type-product","3":"status-publish","4":"has-post-thumbnail","6":"product_cat-pride-hondenhalsbanden","7":"product_tag-duurzame-halsband","8":"product_tag-halsband-met-snelsluiting","9":"product_tag-leren-hondenhalsband","10":"product_tag-luxe-hondenaccessoire","11":"product_tag-pride-collectie","12":"product_tag-pride-lederen-halsband-met-snelsluiting-20mm","13":"product_tag-smalle-halsband-hond","14":"product_tag-sterke-halsband","15":"product_tag-verstelbare-halsband","17":"first","18":"instock","19":"taxable","20":"shipping-taxable","21":"purchasable","22":"product-type-simple"},"mb":[],"mfb_rest_fields":["title"],"_links":{"self":[{"href":"https:\/\/dogpride.nl\/de\/wp-json\/wp\/v2\/product\/136984","targetHints":{"allow":["GET"]}}],"collection":[{"href":"https:\/\/dogpride.nl\/de\/wp-json\/wp\/v2\/product"}],"about":[{"href":"https:\/\/dogpride.nl\/de\/wp-json\/wp\/v2\/types\/product"}],"wp:featuredmedia":[{"embeddable":true,"href":"https:\/\/dogpride.nl\/de\/wp-json\/wp\/v2\/media\/22937"}],"wp:attachment":[{"href":"https:\/\/dogpride.nl\/de\/wp-json\/wp\/v2\/media?parent=136984"}],"wp:term":[{"taxonomy":"product_brand","embeddable":true,"href":"https:\/\/dogpride.nl\/de\/wp-json\/wp\/v2\/product_brand?post=136984"},{"taxonomy":"product_cat","embeddable":true,"href":"https:\/\/dogpride.nl\/de\/wp-json\/wp\/v2\/product_cat?post=136984"},{"taxonomy":"product_tag","embeddable":true,"href":"https:\/\/dogpride.nl\/de\/wp-json\/wp\/v2\/product_tag?post=136984"}],"curies":[{"name":"wp","href":"https:\/\/api.w.org\/{rel}","templated":true}]}}