{"id":136981,"date":"2025-09-30T12:32:08","date_gmt":"2025-09-30T10:32:08","guid":{"rendered":"https:\/\/dogpride.nl\/?post_type=product&#038;p=136981"},"modified":"2025-10-29T11:57:18","modified_gmt":"2025-10-29T10:57:18","slug":"pride-lederen-halsband-met-snelsluiting-25-mm","status":"publish","type":"product","link":"https:\/\/dogpride.nl\/de\/pride-lederen-halsband-met-snelsluiting-25-mm\/","title":{"rendered":"PRIDE Lederhalsband mit Schnellverschluss 25 mm"},"content":{"rendered":"<h4>PRIDE Lederhalsband mit Schnellverschluss 25 mm<\/h4>\n<p><span style=\"color: #000000; font-size: 13px;\">Dieses sehr strapazierf\u00e4hige Lederhalsband mit Schnellverschluss ist aus hochwertigem, starkem 2-Lagen-Leder gefertigt.<\/span><\/p>\n<div style=\"color: #000000; font-size: 13px; text-align: left; text-decoration: none;\">Deze PRIDE Lederen halsband\u00a0 25 mm is erg sterk en geschikt voor alle middelgrote en grote rassen.<\/div>\n<div style=\"color: #000000; font-size: 13px; text-align: left; text-decoration: none;\"><span style=\"color: #000000; background-color: #ffffff; font-size: 13px; text-align: left; display: inline; float: none; text-decoration: none;\">Die Leine kann am geformten D-Ring befestigt werden.<\/span><\/div>\n<div style=\"color: #000000; font-size: 13px; text-align: left; text-decoration: none;\"><\/div>\n<div style=\"color: #000000; font-size: 13px; text-align: left; text-decoration: none;\">Probieren Sie unser robustes Halsband f\u00fcr eine bequeme, zuverl\u00e4ssige und langlebige Nutzung und einen stilvollen Look f\u00fcr Ihren Hund. Ihr Haustier verdient die beste Qualit\u00e4t!<\/div>\n<div style=\"color: #000000; font-size: 13px; text-align: left; text-decoration: none;\"><\/div>\n<div style=\"color: #000000; font-size: 13px; text-align: left; text-decoration: none;\">Guter Kragen f\u00fcr <span style=\"color: #000000; background-color: #ffffff; font-size: 13px; text-align: left; display: inline; float: none; text-decoration: none;\">mittel und gro\u00df <\/span> Hunderassen aus kr\u00e4ftigem schwarz\/rotem Leder.<\/div>\n<div style=\"color: #000000; font-size: 13px; text-align: left; text-decoration: none;\">Modell: CL-051<br \/>\nMaterial: Weiches Leder<br \/>\nFarbe: schwarz\/rot<\/div>\n<div style=\"color: #000000; font-size: 13px; text-align: left; text-decoration: none;\">\n<p>Breite: 25 mm<\/p>\n<p>Abmessungen: 50<span style=\"color: #000000; background-color: #ffffff; font-size: 10pt; text-align: left; display: inline; float: none; text-decoration: none;\"> \u2013 60 cm<\/span><\/p>\n<\/div>\n<div><\/div>\n<div><a href=\"https:\/\/www.dogpride.eu\/\" target=\"_blank\" rel=\"noopener\"><img loading=\"lazy\" decoding=\"async\" class=\"alignnone wp-image-70657 size-medium\" src=\"https:\/\/dogpride.nl\/wp-content\/uploads\/Logo-Pride2-1-300x96.png\" alt=\"\" width=\"300\" height=\"96\" srcset=\"https:\/\/dogpride.nl\/wp-content\/uploads\/Logo-Pride2-1-300x96.png 300w, https:\/\/dogpride.nl\/wp-content\/uploads\/Logo-Pride2-1-250x80.png 250w, https:\/\/dogpride.nl\/wp-content\/uploads\/Logo-Pride2-1-200x64.png 200w, https:\/\/dogpride.nl\/wp-content\/uploads\/Logo-Pride2-1.png 327w\" sizes=\"auto, (max-width: 300px) 100vw, 300px\" \/><\/a><\/div>\n<p><a href=\"https:\/\/dogpride.nl\/de\/pride-lederen-halsband-met-snelsluiting-25-mm\/\"><img loading=\"lazy\" decoding=\"async\" class=\"alignnone wp-image-136980\" title=\"PRIDE Lederhalsband mit Schnellverschluss 25 mm\" src=\"https:\/\/dogpride.nl\/wp-content\/uploads\/PRIDE-Lederen-halsband-met-snelsluiting-25-mm.jpg\" alt=\"PRIDE Lederen halsband met snelsluiting 25 mm\" width=\"296\" height=\"197\" srcset=\"https:\/\/dogpride.nl\/wp-content\/uploads\/PRIDE-Lederen-halsband-met-snelsluiting-25-mm.jpg 900w, https:\/\/dogpride.nl\/wp-content\/uploads\/PRIDE-Lederen-halsband-met-snelsluiting-25-mm-300x200.jpg 300w, https:\/\/dogpride.nl\/wp-content\/uploads\/PRIDE-Lederen-halsband-met-snelsluiting-25-mm-768x512.jpg 768w, https:\/\/dogpride.nl\/wp-content\/uploads\/PRIDE-Lederen-halsband-met-snelsluiting-25-mm-18x12.jpg 18w, https:\/\/dogpride.nl\/wp-content\/uploads\/PRIDE-Lederen-halsband-met-snelsluiting-25-mm-250x167.jpg 250w, https:\/\/dogpride.nl\/wp-content\/uploads\/PRIDE-Lederen-halsband-met-snelsluiting-25-mm-400x267.jpg 400w\" sizes=\"auto, (max-width: 296px) 100vw, 296px\" \/><\/a><\/p>\n<p>&nbsp;<\/p>","protected":false},"excerpt":{"rendered":"<p>PRIDE Lederhalsband mit Schnellverschluss 25 mm. Gutes Halsband f\u00fcr mittlere und gro\u00dfe Hunderassen aus kr\u00e4ftigem schwarz\/rotem Leder.<\/p>","protected":false},"featured_media":22940,"template":"","meta":[],"product_brand":[],"product_cat":[90],"product_tag":[5307,10751,10799,10288,10749,10800,10759,10797,10798,4866,10767],"class_list":{"0":"post-136981","1":"product","2":"type-product","3":"status-publish","4":"has-post-thumbnail","6":"product_cat-pride-hondenhalsbanden","7":"product_tag-5307","8":"product_tag-duurzame-halsband","9":"product_tag-halsband-met-snelsluiting","10":"product_tag-leren-hondenhalsband","11":"product_tag-luxe-hondenaccessoire","12":"product_tag-mm","13":"product_tag-pride-collectie","14":"product_tag-pride-lederen-halsband-met-snelsluiting-20mm","15":"product_tag-smalle-halsband-hond","16":"product_tag-sterke-halsband","17":"product_tag-verstelbare-halsband","19":"first","20":"instock","21":"taxable","22":"shipping-taxable","23":"purchasable","24":"product-type-simple"},"mb":[],"mfb_rest_fields":["title"],"_links":{"self":[{"href":"https:\/\/dogpride.nl\/de\/wp-json\/wp\/v2\/product\/136981","targetHints":{"allow":["GET"]}}],"collection":[{"href":"https:\/\/dogpride.nl\/de\/wp-json\/wp\/v2\/product"}],"about":[{"href":"https:\/\/dogpride.nl\/de\/wp-json\/wp\/v2\/types\/product"}],"wp:featuredmedia":[{"embeddable":true,"href":"https:\/\/dogpride.nl\/de\/wp-json\/wp\/v2\/media\/22940"}],"wp:attachment":[{"href":"https:\/\/dogpride.nl\/de\/wp-json\/wp\/v2\/media?parent=136981"}],"wp:term":[{"taxonomy":"product_brand","embeddable":true,"href":"https:\/\/dogpride.nl\/de\/wp-json\/wp\/v2\/product_brand?post=136981"},{"taxonomy":"product_cat","embeddable":true,"href":"https:\/\/dogpride.nl\/de\/wp-json\/wp\/v2\/product_cat?post=136981"},{"taxonomy":"product_tag","embeddable":true,"href":"https:\/\/dogpride.nl\/de\/wp-json\/wp\/v2\/product_tag?post=136981"}],"curies":[{"name":"wp","href":"https:\/\/api.w.org\/{rel}","templated":true}]}}