{"id":136946,"date":"2025-09-30T10:51:02","date_gmt":"2025-09-30T08:51:02","guid":{"rendered":"https:\/\/dogpride.nl\/?post_type=product&#038;p=136946"},"modified":"2025-10-29T12:01:31","modified_gmt":"2025-10-29T11:01:31","slug":"pride-nylon-halsband-met-handvat-en-3-ringen","status":"publish","type":"product","link":"https:\/\/dogpride.nl\/de\/pride-nylon-halsband-met-handvat-en-3-ringen\/","title":{"rendered":"PRIDE Nylonhalsband mit Griff und 3 Ringen"},"content":{"rendered":"<h4>PRIDE Nylonhalsband mit Griff und 3 Ringen<\/h4>\n<p>PRIDE Nylonhalsband mit Griff und 3 Ringen<\/p>\n<p>Deze nylon halsband heeft een handvat, metalen kliksluiting en 3 ringen waaraan u de musketonhaak kunt vastmaken.<\/p>\n<ul>\n<li>40mm \/ 45cm-55cm<\/li>\n<li>40mm \/ 50cm-60cm<\/li>\n<li>50mm \/ 45cm-55cm<\/li>\n<li>50mm \/ 50cm-60cm<\/li>\n<\/ul>\n<p>Die Breite betr\u00e4gt 4 oder 5 cm<\/p>\n<p>Model:\u00a0<span id=\"sku\" class=\"p-model\" style=\"color: #000000; text-align: left; text-decoration: none;\">CL-058<br \/>\nMaterial: Nylon<br \/>\n<\/span><\/p>\n<p>Meet de omvang van de nek van uw hond en vermeld dat bij uw bestelling a.u.b., zodat de juiste maat geleverd kan worden.<\/p>\n<p><a href=\"https:\/\/www.dogpride.eu\/\" target=\"_blank\" rel=\"noopener\"><img loading=\"lazy\" decoding=\"async\" class=\"alignnone wp-image-70657 size-medium\" src=\"https:\/\/dogpride.nl\/wp-content\/uploads\/Logo-Pride2-1-300x96.png\" alt=\"PRIDE\" width=\"300\" height=\"96\" srcset=\"https:\/\/dogpride.nl\/wp-content\/uploads\/Logo-Pride2-1-300x96.png 300w, https:\/\/dogpride.nl\/wp-content\/uploads\/Logo-Pride2-1-250x80.png 250w, https:\/\/dogpride.nl\/wp-content\/uploads\/Logo-Pride2-1-200x64.png 200w, https:\/\/dogpride.nl\/wp-content\/uploads\/Logo-Pride2-1.png 327w\" sizes=\"auto, (max-width: 300px) 100vw, 300px\" \/><\/a><\/p>\n<p>&nbsp;<\/p>\n<p><a href=\"https:\/\/dogpride.nl\/de\/pride-nylon-halsband-met-handvat-en-3-ringen\/\"><img loading=\"lazy\" decoding=\"async\" class=\"alignnone wp-image-136951\" title=\"PRIDE Nylonhalsband mit Griff und 3 Ringen\" src=\"https:\/\/dogpride.nl\/wp-content\/uploads\/PRIDE-Nylon-halsband-met-handvat-en-3-ringen.jpg\" alt=\"PRIDE Nylon halsband met handvat en 3 ringen\" width=\"305\" height=\"203\" srcset=\"https:\/\/dogpride.nl\/wp-content\/uploads\/PRIDE-Nylon-halsband-met-handvat-en-3-ringen.jpg 900w, https:\/\/dogpride.nl\/wp-content\/uploads\/PRIDE-Nylon-halsband-met-handvat-en-3-ringen-300x200.jpg 300w, https:\/\/dogpride.nl\/wp-content\/uploads\/PRIDE-Nylon-halsband-met-handvat-en-3-ringen-768x512.jpg 768w, https:\/\/dogpride.nl\/wp-content\/uploads\/PRIDE-Nylon-halsband-met-handvat-en-3-ringen-18x12.jpg 18w, https:\/\/dogpride.nl\/wp-content\/uploads\/PRIDE-Nylon-halsband-met-handvat-en-3-ringen-250x167.jpg 250w, https:\/\/dogpride.nl\/wp-content\/uploads\/PRIDE-Nylon-halsband-met-handvat-en-3-ringen-400x267.jpg 400w\" sizes=\"auto, (max-width: 305px) 100vw, 305px\" \/><\/a><\/p>\n<p>&nbsp;<\/p>","protected":false},"excerpt":{"rendered":"<p>Dieses Halsband verf\u00fcgt \u00fcber einen Griff, einen Metallschnappverschluss und 3 Ringe, an denen Sie den Mustketon-Haken befestigen k\u00f6nnen.<\/p>","protected":false},"featured_media":20389,"template":"","meta":[],"product_brand":[],"product_cat":[90],"product_tag":[10751,10816,6203,9525,10814,10817,10759,10813,10818,10785,10303,10815,10769,10767,10298],"class_list":{"0":"post-136946","1":"product","2":"type-product","3":"status-publish","4":"has-post-thumbnail","6":"product_cat-pride-hondenhalsbanden","7":"product_tag-duurzame-halsband","8":"product_tag-halsband-met-3-ringen","9":"product_tag-halsband-met-handvat","10":"product_tag-hondensport-accessoires","11":"product_tag-nylon-hondenhalsband","12":"product_tag-outdoor-hondenuitrusting","13":"product_tag-pride-collectie","14":"product_tag-pride-nylon-halsband-met-handvat-en-3-ringen","15":"product_tag-professionele-hondenhalsband","16":"product_tag-robuuste-halsband","17":"product_tag-sterke-hondenhalsband","18":"product_tag-tactische-halsband-hond","19":"product_tag-training-halsband-hond","20":"product_tag-verstelbare-halsband","21":"product_tag-werkhond-halsband","23":"first","24":"instock","25":"taxable","26":"shipping-taxable","27":"purchasable","28":"product-type-variable"},"mb":[],"mfb_rest_fields":["title"],"_links":{"self":[{"href":"https:\/\/dogpride.nl\/de\/wp-json\/wp\/v2\/product\/136946","targetHints":{"allow":["GET"]}}],"collection":[{"href":"https:\/\/dogpride.nl\/de\/wp-json\/wp\/v2\/product"}],"about":[{"href":"https:\/\/dogpride.nl\/de\/wp-json\/wp\/v2\/types\/product"}],"wp:featuredmedia":[{"embeddable":true,"href":"https:\/\/dogpride.nl\/de\/wp-json\/wp\/v2\/media\/20389"}],"wp:attachment":[{"href":"https:\/\/dogpride.nl\/de\/wp-json\/wp\/v2\/media?parent=136946"}],"wp:term":[{"taxonomy":"product_brand","embeddable":true,"href":"https:\/\/dogpride.nl\/de\/wp-json\/wp\/v2\/product_brand?post=136946"},{"taxonomy":"product_cat","embeddable":true,"href":"https:\/\/dogpride.nl\/de\/wp-json\/wp\/v2\/product_cat?post=136946"},{"taxonomy":"product_tag","embeddable":true,"href":"https:\/\/dogpride.nl\/de\/wp-json\/wp\/v2\/product_tag?post=136946"}],"curies":[{"name":"wp","href":"https:\/\/api.w.org\/{rel}","templated":true}]}}