{"id":136284,"date":"2025-09-22T10:17:43","date_gmt":"2025-09-22T08:17:43","guid":{"rendered":"https:\/\/dogpride.nl\/?post_type=product&#038;p=136284"},"modified":"2025-10-31T16:24:08","modified_gmt":"2025-10-31T15:24:08","slug":"pride-leren-platte-bijtworst","status":"publish","type":"product","link":"https:\/\/dogpride.nl\/de\/pride-leren-platte-bijtworst\/","title":{"rendered":"PRIDE Flachbei\u00dfer aus Leder"},"content":{"rendered":"<h4>PRIDE Flachbei\u00dfer aus Leder<\/h4>\n<p>PRIDE Flachbei\u00dfer aus Leder<\/p>\n<div>PRIDE Leren platte bijtworst van sterk leer voor puppy-training.<br \/>\nDieser Bei\u00dfbei\u00dfer besteht aus einem robusten Ledergeflecht f\u00fcr eine lange Haltbarkeit und verf\u00fcgt \u00fcber zwei Nylongriffe. Wird zur Nachahmung von Beutetieren in den fr\u00fchen Phasen des Bisstrainings verwendet. Kann auch als Bissbelohnung beim Erlernen neuer F\u00e4higkeiten oder als einfaches Spiel zum Spa\u00df mit Ihrem Hund verwendet werden.<\/div>\n<div>\n<ul>\n<li>Gr\u00f6\u00dfe: 30 cm<\/li>\n<\/ul>\n<\/div>\n<div>\n<p>Dieses haltbare Material ist superstark und sicher f\u00fcr die Z\u00e4hne kr\u00e4ftiger erwachsener Hunde.<\/p>\n<\/div>\n<div>Gr\u00f6\u00dfe: 30 cm<\/div>\n<div>\n<p>Modell: T-016L<br \/>\nMaterial: Leder<\/p>\n<p>* Die Farben variieren je nach aktueller Farbcharge.<\/p>\n<\/div>\n<div>\n<p><strong>Hinweis:<\/strong><\/p>\n<p>Der Bei\u00dfbei\u00dfer aus Leder ist kein Kauspielzeug und sollte auf Besch\u00e4digungen untersucht und ersetzt werden, wenn er Anzeichen \u00fcberm\u00e4\u00dfiger Abnutzung aufweist. Es wird nicht empfohlen, Ihren Hund beim Spielen mit einem Bei\u00dfzerrer unbeaufsichtigt zu lassen.<\/p>\n<\/div>\n<p>&nbsp;<\/p>\n<p><a href=\"https:\/\/www.dogpride.eu\/\" target=\"_blank\" rel=\"noopener\"><img loading=\"lazy\" decoding=\"async\" class=\"alignnone wp-image-71202 size-medium\" src=\"https:\/\/dogpride.nl\/wp-content\/uploads\/Logo-Pride2-2-300x96.png\" alt=\"Pride\" width=\"300\" height=\"96\" srcset=\"https:\/\/dogpride.nl\/wp-content\/uploads\/Logo-Pride2-2-300x96.png 300w, https:\/\/dogpride.nl\/wp-content\/uploads\/Logo-Pride2-2-250x80.png 250w, https:\/\/dogpride.nl\/wp-content\/uploads\/Logo-Pride2-2-200x64.png 200w, https:\/\/dogpride.nl\/wp-content\/uploads\/Logo-Pride2-2.png 327w\" sizes=\"auto, (max-width: 300px) 100vw, 300px\" \/><\/a><\/p>\n<p><a href=\"https:\/\/dogpride.nl\/de\/pride-leren-platte-bijtworst\/\"><img loading=\"lazy\" decoding=\"async\" class=\"alignnone wp-image-137106\" src=\"https:\/\/dogpride.nl\/wp-content\/uploads\/PRIDE-Leren-platte-bijtworst.jpg\" alt=\"PRIDE Leren platte bijtworst\" width=\"211\" height=\"141\" srcset=\"https:\/\/dogpride.nl\/wp-content\/uploads\/PRIDE-Leren-platte-bijtworst.jpg 700w, https:\/\/dogpride.nl\/wp-content\/uploads\/PRIDE-Leren-platte-bijtworst-300x200.jpg 300w, https:\/\/dogpride.nl\/wp-content\/uploads\/PRIDE-Leren-platte-bijtworst-18x12.jpg 18w, https:\/\/dogpride.nl\/wp-content\/uploads\/PRIDE-Leren-platte-bijtworst-250x167.jpg 250w, https:\/\/dogpride.nl\/wp-content\/uploads\/PRIDE-Leren-platte-bijtworst-400x267.jpg 400w\" sizes=\"auto, (max-width: 211px) 100vw, 211px\" \/><\/a><\/p>\n<p>&nbsp;<\/p>","protected":false},"excerpt":{"rendered":"<p>Flachbei\u00dfer aus Leder. Dieser Bei\u00dfbei\u00dfer besteht aus einem robusten Ledergeflecht f\u00fcr eine lange Haltbarkeit und verf\u00fcgt \u00fcber zwei Nylongriffe.<\/p>","protected":false},"featured_media":23522,"template":"","meta":[],"product_brand":[],"product_cat":[352],"product_tag":[],"class_list":{"0":"post-136284","1":"product","2":"type-product","3":"status-publish","4":"has-post-thumbnail","6":"product_cat-bijtworsten-voor-honden","8":"first","9":"instock","10":"taxable","11":"shipping-taxable","12":"purchasable","13":"product-type-simple"},"mb":[],"mfb_rest_fields":["title"],"_links":{"self":[{"href":"https:\/\/dogpride.nl\/de\/wp-json\/wp\/v2\/product\/136284","targetHints":{"allow":["GET"]}}],"collection":[{"href":"https:\/\/dogpride.nl\/de\/wp-json\/wp\/v2\/product"}],"about":[{"href":"https:\/\/dogpride.nl\/de\/wp-json\/wp\/v2\/types\/product"}],"wp:featuredmedia":[{"embeddable":true,"href":"https:\/\/dogpride.nl\/de\/wp-json\/wp\/v2\/media\/23522"}],"wp:attachment":[{"href":"https:\/\/dogpride.nl\/de\/wp-json\/wp\/v2\/media?parent=136284"}],"wp:term":[{"taxonomy":"product_brand","embeddable":true,"href":"https:\/\/dogpride.nl\/de\/wp-json\/wp\/v2\/product_brand?post=136284"},{"taxonomy":"product_cat","embeddable":true,"href":"https:\/\/dogpride.nl\/de\/wp-json\/wp\/v2\/product_cat?post=136284"},{"taxonomy":"product_tag","embeddable":true,"href":"https:\/\/dogpride.nl\/de\/wp-json\/wp\/v2\/product_tag?post=136284"}],"curies":[{"name":"wp","href":"https:\/\/api.w.org\/{rel}","templated":true}]}}