{"id":136282,"date":"2025-09-22T10:17:38","date_gmt":"2025-09-22T08:17:38","guid":{"rendered":"https:\/\/dogpride.nl\/?post_type=product&#038;p=136282"},"modified":"2025-11-02T08:26:40","modified_gmt":"2025-11-02T07:26:40","slug":"pride-platte-bijtworst-nylon-katoen","status":"publish","type":"product","link":"https:\/\/dogpride.nl\/de\/pride-platte-bijtworst-nylon-katoen\/","title":{"rendered":"PRIDE Flachbei\u00dfer aus Nylon\/Baumwolle"},"content":{"rendered":"<h4>PRIDE Flachbei\u00dfer aus Nylon\/Baumwolle<\/h4>\n<p>PRIDE Flachbei\u00dfer aus Nylon\/Baumwolle<\/p>\n<div style=\"color: #000000; font-size: 13px; text-align: left; text-decoration: none;\">PRIDE Platte bijtworst nylon\/katoen voor puppy-training.<br \/>\nDieser Bei\u00dfbei\u00dfer besteht aus robustem Nylon und Baumwolle f\u00fcr eine lange Lebensdauer und verf\u00fcgt \u00fcber zwei Nylongriffe. Wird zur Nachahmung von Beutetieren in den fr\u00fchen Phasen des Bisstrainings verwendet. Kann auch als Bissbelohnung beim Erlernen neuer F\u00e4higkeiten oder als einfaches Spiel zum Spa\u00df mit Ihrem Hund verwendet werden.<\/div>\n<div style=\"color: #000000; font-size: 13px; text-align: left; text-decoration: none;\">\n<ul>\n<li>Gr\u00f6\u00dfe: 30 cm<\/li>\n<\/ul>\n<\/div>\n<div style=\"color: #000000; font-size: 13px; text-align: left; text-decoration: none;\">\n<p>Dieses haltbare Material ist superstark und sicher f\u00fcr die Z\u00e4hne kr\u00e4ftiger erwachsener Hunde.<\/p>\n<\/div>\n<div style=\"color: #000000; font-size: 13px; text-align: left; text-decoration: none;\">\n<p>Modell: T-016<br \/>\nMaterial: Nylon \/ Baumwolle<br \/>\nGr\u00f6\u00dfe: 30 cm<\/p>\n<p>* Die Farben variieren je nach aktueller Farbcharge.<\/p>\n<\/div>\n<div style=\"color: #000000; font-size: 13px; text-align: left; text-decoration: none;\">\n<p><strong>Hinweis:<\/strong><\/p>\n<p>Der Bei\u00dfbei\u00dfer aus Leder ist kein Kauspielzeug und sollte auf Besch\u00e4digungen untersucht und ersetzt werden, wenn er Anzeichen \u00fcberm\u00e4\u00dfiger Abnutzung aufweist. Es wird nicht empfohlen, Ihren Hund beim Spielen mit einem Bei\u00dfzerrer unbeaufsichtigt zu lassen.<\/p>\n<\/div>\n<p><a href=\"https:\/\/dogpride.nl\/de\/pride-platte-bijtworst-nylon-katoen\/\"><img loading=\"lazy\" decoding=\"async\" class=\"alignnone wp-image-137110\" src=\"https:\/\/dogpride.nl\/wp-content\/uploads\/PRIDE-Platte-bijtworst-nylon-katoen.jpg\" alt=\"PRIDE Platte bijtworst nylon\/katoen\" width=\"186\" height=\"186\" srcset=\"https:\/\/dogpride.nl\/wp-content\/uploads\/PRIDE-Platte-bijtworst-nylon-katoen.jpg 500w, https:\/\/dogpride.nl\/wp-content\/uploads\/PRIDE-Platte-bijtworst-nylon-katoen-300x300.jpg 300w, https:\/\/dogpride.nl\/wp-content\/uploads\/PRIDE-Platte-bijtworst-nylon-katoen-150x150.jpg 150w, https:\/\/dogpride.nl\/wp-content\/uploads\/PRIDE-Platte-bijtworst-nylon-katoen-12x12.jpg 12w, https:\/\/dogpride.nl\/wp-content\/uploads\/PRIDE-Platte-bijtworst-nylon-katoen-250x250.jpg 250w, https:\/\/dogpride.nl\/wp-content\/uploads\/PRIDE-Platte-bijtworst-nylon-katoen-400x400.jpg 400w, https:\/\/dogpride.nl\/wp-content\/uploads\/PRIDE-Platte-bijtworst-nylon-katoen-100x100.jpg 100w\" sizes=\"auto, (max-width: 186px) 100vw, 186px\" \/><\/a><\/p>\n<p><a href=\"https:\/\/www.dogpride.eu\/\" target=\"_blank\" rel=\"noopener\"><img loading=\"lazy\" decoding=\"async\" class=\"alignnone wp-image-71202 size-medium\" src=\"https:\/\/dogpride.nl\/wp-content\/uploads\/Logo-Pride2-2-300x96.png\" alt=\"Pride\" width=\"300\" height=\"96\" srcset=\"https:\/\/dogpride.nl\/wp-content\/uploads\/Logo-Pride2-2-300x96.png 300w, https:\/\/dogpride.nl\/wp-content\/uploads\/Logo-Pride2-2-250x80.png 250w, https:\/\/dogpride.nl\/wp-content\/uploads\/Logo-Pride2-2-200x64.png 200w, https:\/\/dogpride.nl\/wp-content\/uploads\/Logo-Pride2-2.png 327w\" sizes=\"auto, (max-width: 300px) 100vw, 300px\" \/><\/a><\/p>\n<p>&nbsp;<\/p>","protected":false},"excerpt":{"rendered":"<p>Flacher Bei\u00dfbei\u00dfer aus Nylon\/Baumwolle. Dieser Bei\u00dfbei\u00dfer besteht aus einem robusten Ledergeflecht f\u00fcr eine lange Haltbarkeit und verf\u00fcgt \u00fcber zwei Nylongriffe.<\/p>","protected":false},"featured_media":23526,"template":"","meta":[],"product_brand":[],"product_cat":[352],"product_tag":[],"class_list":{"0":"post-136282","1":"product","2":"type-product","3":"status-publish","4":"has-post-thumbnail","6":"product_cat-bijtworsten-voor-honden","8":"first","9":"instock","10":"taxable","11":"shipping-taxable","12":"purchasable","13":"product-type-simple"},"mb":[],"mfb_rest_fields":["title"],"_links":{"self":[{"href":"https:\/\/dogpride.nl\/de\/wp-json\/wp\/v2\/product\/136282","targetHints":{"allow":["GET"]}}],"collection":[{"href":"https:\/\/dogpride.nl\/de\/wp-json\/wp\/v2\/product"}],"about":[{"href":"https:\/\/dogpride.nl\/de\/wp-json\/wp\/v2\/types\/product"}],"wp:featuredmedia":[{"embeddable":true,"href":"https:\/\/dogpride.nl\/de\/wp-json\/wp\/v2\/media\/23526"}],"wp:attachment":[{"href":"https:\/\/dogpride.nl\/de\/wp-json\/wp\/v2\/media?parent=136282"}],"wp:term":[{"taxonomy":"product_brand","embeddable":true,"href":"https:\/\/dogpride.nl\/de\/wp-json\/wp\/v2\/product_brand?post=136282"},{"taxonomy":"product_cat","embeddable":true,"href":"https:\/\/dogpride.nl\/de\/wp-json\/wp\/v2\/product_cat?post=136282"},{"taxonomy":"product_tag","embeddable":true,"href":"https:\/\/dogpride.nl\/de\/wp-json\/wp\/v2\/product_tag?post=136282"}],"curies":[{"name":"wp","href":"https:\/\/api.w.org\/{rel}","templated":true}]}}