{"id":136281,"date":"2025-09-22T10:17:25","date_gmt":"2025-09-22T08:17:25","guid":{"rendered":"https:\/\/dogpride.nl\/?post_type=product&#038;p=136281"},"modified":"2026-02-27T08:03:15","modified_gmt":"2026-02-27T07:03:15","slug":"pride-platte-bijtworst-7x10cm-nylcot","status":"publish","type":"product","link":"https:\/\/dogpride.nl\/de\/pride-platte-bijtworst-7x10cm-nylcot\/","title":{"rendered":"PRIDE Platte bijtworst 7x10cm Nylcot"},"content":{"rendered":"<h4>PRIDE Platte bijtworst 7x10cm Nylcot<\/h4>\n<p>PRIDE Platte bijtworst 7x10cm Nylcot<\/p>\n<div>\n<p>Dieser Bei\u00dfbei\u00dfer besteht aus einem robusten Nylon-\/Baumwollgewebe f\u00fcr eine lange Haltbarkeit und verf\u00fcgt \u00fcber einen Nylongriff. Ideal f\u00fcr Welpen.<\/p>\n<p>Wird zur Nachahmung von Beutetieren in den fr\u00fchen Phasen des Bisstrainings verwendet. Kann auch als Bissbelohnung beim Erlernen neuer F\u00e4higkeiten oder als einfaches Spiel mit Ihrem Hund verwendet werden.<\/p>\n<\/div>\n<div>\n<ul>\n<li>Ma\u00dfe: 10 cm x 7 cm, flach<\/li>\n<\/ul>\n<\/div>\n<div>\n<p>Dieses haltbare Material ist superstark und sicher f\u00fcr die Z\u00e4hne von Welpen und kr\u00e4ftigen erwachsenen Hunden.<\/p>\n<p>Modell: T-013<br \/>\nMaterial: Nylon \/ Baumwolle<br \/>\nAbmessungen: 7 x 10 cm \/ flach<\/p>\n<p>* Die Farben variieren je nach aktueller Farbcharge.<\/p>\n<p><strong>Hinweis:<\/strong><\/p>\n<\/div>\n<div>\n<p>Dieser Bei\u00dfbei\u00dfer ist kein Kauspielzeug und sollte auf Sch\u00e4den untersucht und ersetzt werden, wenn er Anzeichen \u00fcberm\u00e4\u00dfiger Abnutzung aufweist. Es wird nicht empfohlen, Ihren Hund beim Spielen mit einem Bei\u00dfzerrer unbeaufsichtigt zu lassen.<\/p>\n<\/div>\n<p>&nbsp;<\/p>\n<p><a href=\"https:\/\/www.dogpride.eu\/\" target=\"_blank\" rel=\"noopener\"><img loading=\"lazy\" decoding=\"async\" class=\"alignnone wp-image-71202 size-medium\" src=\"https:\/\/dogpride.nl\/wp-content\/uploads\/Logo-Pride2-2-300x96.png\" alt=\"Pride\" width=\"300\" height=\"96\" srcset=\"https:\/\/dogpride.nl\/wp-content\/uploads\/Logo-Pride2-2-300x96.png 300w, https:\/\/dogpride.nl\/wp-content\/uploads\/Logo-Pride2-2-250x80.png 250w, https:\/\/dogpride.nl\/wp-content\/uploads\/Logo-Pride2-2-200x64.png 200w, https:\/\/dogpride.nl\/wp-content\/uploads\/Logo-Pride2-2.png 327w\" sizes=\"auto, (max-width: 300px) 100vw, 300px\" \/><\/a><\/p>\n<p><a href=\"https:\/\/dogpride.nl\/de\/pride-platte-bijtworst-7x10cm-nylcot\/\"><img loading=\"lazy\" decoding=\"async\" class=\"alignnone wp-image-136298 size-full\" title=\"PRIDE Platte bijtworst 7x10cm Nylcot\" src=\"https:\/\/dogpride.nl\/wp-content\/uploads\/PRIDE-Platte-bijtworst-7x10cm-Nylcot2-1.jpg\" alt=\"PRIDE Platte bijtworst 7x10cm Nylcot\" width=\"554\" height=\"369\" srcset=\"https:\/\/dogpride.nl\/wp-content\/uploads\/PRIDE-Platte-bijtworst-7x10cm-Nylcot2-1.jpg 554w, https:\/\/dogpride.nl\/wp-content\/uploads\/PRIDE-Platte-bijtworst-7x10cm-Nylcot2-1-300x200.jpg 300w, https:\/\/dogpride.nl\/wp-content\/uploads\/PRIDE-Platte-bijtworst-7x10cm-Nylcot2-1-18x12.jpg 18w, https:\/\/dogpride.nl\/wp-content\/uploads\/PRIDE-Platte-bijtworst-7x10cm-Nylcot2-1-250x167.jpg 250w, https:\/\/dogpride.nl\/wp-content\/uploads\/PRIDE-Platte-bijtworst-7x10cm-Nylcot2-1-400x266.jpg 400w\" sizes=\"auto, (max-width: 554px) 100vw, 554px\" \/><\/a><\/p>\n<p>&nbsp;<\/p>","protected":false},"excerpt":{"rendered":"<p>PRIDE Platte bijtworst 7x10cm Nylcot. Wordt gebruikt voor het nabootsen van een prooidier in een vroeg stadium van bijttraining.<\/p>","protected":false},"featured_media":136297,"template":"","meta":[],"product_brand":[],"product_cat":[352],"product_tag":[9431,6921,6926,9430,4865],"class_list":{"0":"post-136281","1":"product","2":"type-product","3":"status-publish","4":"has-post-thumbnail","6":"product_cat-bijtworsten-voor-honden","7":"product_tag-7x10cm","8":"product_tag-bijtworst","9":"product_tag-nylcot","10":"product_tag-platte","11":"product_tag-pride","13":"first","14":"outofstock","15":"taxable","16":"shipping-taxable","17":"purchasable","18":"product-type-simple"},"mb":[],"mfb_rest_fields":["title"],"_links":{"self":[{"href":"https:\/\/dogpride.nl\/de\/wp-json\/wp\/v2\/product\/136281","targetHints":{"allow":["GET"]}}],"collection":[{"href":"https:\/\/dogpride.nl\/de\/wp-json\/wp\/v2\/product"}],"about":[{"href":"https:\/\/dogpride.nl\/de\/wp-json\/wp\/v2\/types\/product"}],"wp:featuredmedia":[{"embeddable":true,"href":"https:\/\/dogpride.nl\/de\/wp-json\/wp\/v2\/media\/136297"}],"wp:attachment":[{"href":"https:\/\/dogpride.nl\/de\/wp-json\/wp\/v2\/media?parent=136281"}],"wp:term":[{"taxonomy":"product_brand","embeddable":true,"href":"https:\/\/dogpride.nl\/de\/wp-json\/wp\/v2\/product_brand?post=136281"},{"taxonomy":"product_cat","embeddable":true,"href":"https:\/\/dogpride.nl\/de\/wp-json\/wp\/v2\/product_cat?post=136281"},{"taxonomy":"product_tag","embeddable":true,"href":"https:\/\/dogpride.nl\/de\/wp-json\/wp\/v2\/product_tag?post=136281"}],"curies":[{"name":"wp","href":"https:\/\/api.w.org\/{rel}","templated":true}]}}