{"id":136278,"date":"2025-09-22T10:12:49","date_gmt":"2025-09-22T08:12:49","guid":{"rendered":"https:\/\/dogpride.nl\/?post_type=product&#038;p=136278"},"modified":"2026-02-12T09:16:43","modified_gmt":"2026-02-12T08:16:43","slug":"pride-lederen-bijtworst-2-5-x-20-cm-leer","status":"publish","type":"product","link":"https:\/\/dogpride.nl\/de\/pride-lederen-bijtworst-2-5-x-20-cm-leer\/","title":{"rendered":"PRIDE Lederbei\u00dfer 2,5 x 20 cm Leder"},"content":{"rendered":"<h4>PRIDE Lederbei\u00dfer 2,5 x 20 cm Leder<\/h4>\n<p>PRIDE Lederbei\u00dfer 2,5 x 20 cm Leder<\/p>\n<div style=\"color: #000000; font-size: 13px; text-align: left; text-decoration: none;\">\n<p>Deze PRIDE Lederen bijtworst 2.5 x 20 cm leer\u00a0 is gemaakt van sterk leer voor duurzaamheid en met een nylon handvat. Ideaal voor puppy&#8217;s.<\/p>\n<p>Wird zur Nachahmung von Beutetieren in den fr\u00fchen Phasen des Bisstrainings verwendet. Kann auch als Bissbelohnung beim Erlernen neuer F\u00e4higkeiten oder als einfaches Spiel mit Ihrem Hund verwendet werden.<\/p>\n<\/div>\n<div style=\"color: #000000; font-size: 13px; text-align: left; text-decoration: none;\">\n<ul>\n<li>Abmessungen: 20 cm x 2,5 cm<\/li>\n<\/ul>\n<\/div>\n<div style=\"color: #000000; font-size: 13px; text-align: left; text-decoration: none;\">\n<p>Dieses haltbare Material ist superstark und sicher f\u00fcr die Z\u00e4hne von Welpen und kr\u00e4ftigen erwachsenen Hunden.<\/p>\n<p>Modell: T-014<br \/>\nMaterial: Leder<br \/>\nAbmessungen: 2,5 x 20 cm<\/p>\n<p>* Die Farben variieren je nach aktueller Farbcharge.<\/p>\n<p><strong>Hinweis:<\/strong><\/p>\n<p>Dieser Bei\u00dfbei\u00dfer ist kein Kauspielzeug und sollte auf Sch\u00e4den untersucht und ersetzt werden, wenn er Anzeichen \u00fcberm\u00e4\u00dfiger Abnutzung aufweist. Es wird nicht empfohlen, Ihren Hund beim Spielen mit einem Bei\u00dfzerrer unbeaufsichtigt zu lassen.<\/p>\n<\/div>\n<p>&nbsp;<\/p>\n<p><a href=\"https:\/\/www.dogpride.eu\/\" target=\"_blank\" rel=\"noopener\"><img loading=\"lazy\" decoding=\"async\" class=\"alignnone wp-image-71202 size-medium\" src=\"https:\/\/dogpride.nl\/wp-content\/uploads\/Logo-Pride2-2-300x96.png\" alt=\"Pride\" width=\"300\" height=\"96\" srcset=\"https:\/\/dogpride.nl\/wp-content\/uploads\/Logo-Pride2-2-300x96.png 300w, https:\/\/dogpride.nl\/wp-content\/uploads\/Logo-Pride2-2-250x80.png 250w, https:\/\/dogpride.nl\/wp-content\/uploads\/Logo-Pride2-2-200x64.png 200w, https:\/\/dogpride.nl\/wp-content\/uploads\/Logo-Pride2-2.png 327w\" sizes=\"auto, (max-width: 300px) 100vw, 300px\" \/><\/a><\/p>\n<p><a href=\"https:\/\/dogpride.nl\/de\/pride-bijtworst-5-x-20-cm-leer-2\/\"><img loading=\"lazy\" decoding=\"async\" class=\"alignnone wp-image-137133\" src=\"https:\/\/dogpride.nl\/wp-content\/uploads\/PRIDE-Lederen-bijtworst-2.5-x-20-cm-leer.jpg\" alt=\"PRIDE Lederen bijtworst 2.5 x 20 cm leer\" width=\"215\" height=\"215\" srcset=\"https:\/\/dogpride.nl\/wp-content\/uploads\/PRIDE-Lederen-bijtworst-2.5-x-20-cm-leer.jpg 480w, https:\/\/dogpride.nl\/wp-content\/uploads\/PRIDE-Lederen-bijtworst-2.5-x-20-cm-leer-300x300.jpg 300w, https:\/\/dogpride.nl\/wp-content\/uploads\/PRIDE-Lederen-bijtworst-2.5-x-20-cm-leer-150x150.jpg 150w, https:\/\/dogpride.nl\/wp-content\/uploads\/PRIDE-Lederen-bijtworst-2.5-x-20-cm-leer-12x12.jpg 12w, https:\/\/dogpride.nl\/wp-content\/uploads\/PRIDE-Lederen-bijtworst-2.5-x-20-cm-leer-250x250.jpg 250w, https:\/\/dogpride.nl\/wp-content\/uploads\/PRIDE-Lederen-bijtworst-2.5-x-20-cm-leer-400x400.jpg 400w, https:\/\/dogpride.nl\/wp-content\/uploads\/PRIDE-Lederen-bijtworst-2.5-x-20-cm-leer-100x100.jpg 100w\" sizes=\"auto, (max-width: 215px) 100vw, 215px\" \/><\/a><\/p>\n<p>&nbsp;<\/p>","protected":false},"excerpt":{"rendered":"<p>PRIDE Lederbei\u00dfer 2,5 x 20 cm Leder. Wird zur Nachahmung von Beutetieren in den fr\u00fchen Phasen des Bisstrainings verwendet.<\/p>","protected":false},"featured_media":23534,"template":"","meta":[],"product_brand":[],"product_cat":[352],"product_tag":[],"class_list":{"0":"post-136278","1":"product","2":"type-product","3":"status-publish","4":"has-post-thumbnail","6":"product_cat-bijtworsten-voor-honden","8":"first","9":"instock","10":"taxable","11":"shipping-taxable","12":"purchasable","13":"product-type-simple"},"mb":[],"mfb_rest_fields":["title"],"_links":{"self":[{"href":"https:\/\/dogpride.nl\/de\/wp-json\/wp\/v2\/product\/136278","targetHints":{"allow":["GET"]}}],"collection":[{"href":"https:\/\/dogpride.nl\/de\/wp-json\/wp\/v2\/product"}],"about":[{"href":"https:\/\/dogpride.nl\/de\/wp-json\/wp\/v2\/types\/product"}],"wp:featuredmedia":[{"embeddable":true,"href":"https:\/\/dogpride.nl\/de\/wp-json\/wp\/v2\/media\/23534"}],"wp:attachment":[{"href":"https:\/\/dogpride.nl\/de\/wp-json\/wp\/v2\/media?parent=136278"}],"wp:term":[{"taxonomy":"product_brand","embeddable":true,"href":"https:\/\/dogpride.nl\/de\/wp-json\/wp\/v2\/product_brand?post=136278"},{"taxonomy":"product_cat","embeddable":true,"href":"https:\/\/dogpride.nl\/de\/wp-json\/wp\/v2\/product_cat?post=136278"},{"taxonomy":"product_tag","embeddable":true,"href":"https:\/\/dogpride.nl\/de\/wp-json\/wp\/v2\/product_tag?post=136278"}],"curies":[{"name":"wp","href":"https:\/\/api.w.org\/{rel}","templated":true}]}}