{"id":136266,"date":"2025-09-22T10:08:34","date_gmt":"2025-09-22T08:08:34","guid":{"rendered":"https:\/\/dogpride.nl\/?post_type=product&#038;p=136266"},"modified":"2025-11-02T09:10:13","modified_gmt":"2025-11-02T08:10:13","slug":"pride-bijtworst-6-x-60-cm-jute-2","status":"publish","type":"product","link":"https:\/\/dogpride.nl\/de\/pride-bijtworst-6-x-60-cm-jute-2\/","title":{"rendered":"PRIDE Bei\u00dfschlepper 6 x 60 cm Jute"},"content":{"rendered":"<h4>PRIDE Bei\u00dfschlepper 6 x 60 cm Jute<\/h4>\n<p>PRIDE Bei\u00dfschlepper 6 x 60 cm Jute<\/p>\n<div style=\"color: #000000; font-size: 13px; text-align: left; text-decoration: none;\">\n<p>Deze PRIDE Bijtworst 6 x 60 cm jute is gemaakt van sterk jute voor duurzaamheid en met een nylon handvat. Ideaal voor puppies.<\/p>\n<p>Wird zur Nachahmung von Beutetieren in den fr\u00fchen Phasen des Bisstrainings verwendet. Kann auch als Bissbelohnung beim Erlernen neuer F\u00e4higkeiten oder als einfaches Spiel mit Ihrem Hund verwendet werden.<\/p>\n<\/div>\n<div style=\"color: #000000; font-size: 13px; text-align: left; text-decoration: none;\">\n<ul>\n<li>Abmessungen: 60 cm x 6 cm<\/li>\n<\/ul>\n<\/div>\n<div style=\"color: #000000; font-size: 13px; text-align: left; text-decoration: none;\">\n<p>Dieses haltbare Material ist superstark und sicher f\u00fcr die Z\u00e4hne von Welpen und kr\u00e4ftigen erwachsenen Hunden.<\/p>\n<p>Modell: T-015<br \/>\nMaterial: Jute<br \/>\nAbmessungen: 6 x 60 cm<\/p>\n<p>* Die Farben variieren je nach aktueller Farbcharge.<\/p>\n<p><strong>Hinweis:<\/strong><\/p>\n<p>Dieser Bei\u00dfbei\u00dfer ist kein Kauspielzeug und sollte auf Sch\u00e4den untersucht und ersetzt werden, wenn er Anzeichen \u00fcberm\u00e4\u00dfiger Abnutzung aufweist. Es wird nicht empfohlen, Ihren Hund beim Spielen mit einem Bei\u00dfzerrer unbeaufsichtigt zu lassen.<\/p>\n<\/div>\n<p>&nbsp;<\/p>\n<p><a href=\"https:\/\/www.dogpride.eu\/\" target=\"_blank\" rel=\"noopener\"><img loading=\"lazy\" decoding=\"async\" class=\"alignnone wp-image-71202 size-medium\" src=\"https:\/\/dogpride.nl\/wp-content\/uploads\/Logo-Pride2-2-300x96.png\" alt=\"Pride\" width=\"300\" height=\"96\" srcset=\"https:\/\/dogpride.nl\/wp-content\/uploads\/Logo-Pride2-2-300x96.png 300w, https:\/\/dogpride.nl\/wp-content\/uploads\/Logo-Pride2-2-250x80.png 250w, https:\/\/dogpride.nl\/wp-content\/uploads\/Logo-Pride2-2-200x64.png 200w, https:\/\/dogpride.nl\/wp-content\/uploads\/Logo-Pride2-2.png 327w\" sizes=\"auto, (max-width: 300px) 100vw, 300px\" \/><\/a><\/p>\n<p>&nbsp;<\/p>\n<p><a href=\"https:\/\/dogpride.nl\/de\/pride-bijtworst-6-x-60-cm-jute-2\/\"><img loading=\"lazy\" decoding=\"async\" class=\"alignnone wp-image-137165 size-full\" src=\"https:\/\/dogpride.nl\/wp-content\/uploads\/PRIDE-Bijtworst-6-x-60-cm-jute.jpg\" alt=\"PRIDE Bijtworst 6 x 60 cm jute\" width=\"200\" height=\"200\" srcset=\"https:\/\/dogpride.nl\/wp-content\/uploads\/PRIDE-Bijtworst-6-x-60-cm-jute.jpg 200w, https:\/\/dogpride.nl\/wp-content\/uploads\/PRIDE-Bijtworst-6-x-60-cm-jute-150x150.jpg 150w, https:\/\/dogpride.nl\/wp-content\/uploads\/PRIDE-Bijtworst-6-x-60-cm-jute-12x12.jpg 12w, https:\/\/dogpride.nl\/wp-content\/uploads\/PRIDE-Bijtworst-6-x-60-cm-jute-100x100.jpg 100w\" sizes=\"auto, (max-width: 200px) 100vw, 200px\" \/><\/a><\/p>\n<p>&nbsp;<\/p>","protected":false},"excerpt":{"rendered":"<p>Wird zur Nachahmung von Beutetieren in den fr\u00fchen Phasen des Bisstrainings verwendet. Kann auch als Bissbelohnung beim Erlernen neuer F\u00e4higkeiten oder als einfaches Spiel mit Ihrem Hund verwendet werden.<\/p>","protected":false},"featured_media":23570,"template":"","meta":[],"product_brand":[],"product_cat":[352],"product_tag":[],"class_list":{"0":"post-136266","1":"product","2":"type-product","3":"status-publish","4":"has-post-thumbnail","6":"product_cat-bijtworsten-voor-honden","8":"first","9":"instock","10":"taxable","11":"shipping-taxable","12":"purchasable","13":"product-type-simple"},"mb":[],"mfb_rest_fields":["title"],"_links":{"self":[{"href":"https:\/\/dogpride.nl\/de\/wp-json\/wp\/v2\/product\/136266","targetHints":{"allow":["GET"]}}],"collection":[{"href":"https:\/\/dogpride.nl\/de\/wp-json\/wp\/v2\/product"}],"about":[{"href":"https:\/\/dogpride.nl\/de\/wp-json\/wp\/v2\/types\/product"}],"wp:featuredmedia":[{"embeddable":true,"href":"https:\/\/dogpride.nl\/de\/wp-json\/wp\/v2\/media\/23570"}],"wp:attachment":[{"href":"https:\/\/dogpride.nl\/de\/wp-json\/wp\/v2\/media?parent=136266"}],"wp:term":[{"taxonomy":"product_brand","embeddable":true,"href":"https:\/\/dogpride.nl\/de\/wp-json\/wp\/v2\/product_brand?post=136266"},{"taxonomy":"product_cat","embeddable":true,"href":"https:\/\/dogpride.nl\/de\/wp-json\/wp\/v2\/product_cat?post=136266"},{"taxonomy":"product_tag","embeddable":true,"href":"https:\/\/dogpride.nl\/de\/wp-json\/wp\/v2\/product_tag?post=136266"}],"curies":[{"name":"wp","href":"https:\/\/api.w.org\/{rel}","templated":true}]}}