{"id":136259,"date":"2025-09-22T10:04:26","date_gmt":"2025-09-22T08:04:26","guid":{"rendered":"https:\/\/dogpride.nl\/?post_type=product&#038;p=136259"},"modified":"2025-10-31T16:06:10","modified_gmt":"2025-10-31T15:06:10","slug":"pride-rond-bijtkussen-2-handgrepen","status":"publish","type":"product","link":"https:\/\/dogpride.nl\/de\/pride-rond-bijtkussen-2-handgrepen\/","title":{"rendered":"PRIDE Rundes Bei\u00dfpad mit 2 Griffen"},"content":{"rendered":"<h4>PRIDE Rundes Bei\u00dfpad mit 2 Griffen<\/h4>\n<p>PRIDE Rundes Bei\u00dfpad mit 2 Griffen<\/p>\n<p>PRIDE Rundes Bei\u00dfpad mit 2 Griffen. Rundes Kissen mit 2 Griffen, geeignet f\u00fcr Gehorsamkeits- und Bisstraining.<\/p>\n<p>Dieser Hundespielzeugball ist ideal f\u00fcr Hundetraining und Retriever.<\/p>\n<p>Pl\u00fcschtiere f\u00fcr Hunde sind ein unverzichtbarer Bestandteil der Hundeerziehung. Wenn Sie m\u00f6chten, dass Ihr Hund gl\u00fccklich und motiviert ist, Sport zu treiben, verwenden Sie unsere farbenfrohen, weichen, sicheren und zuverl\u00e4ssigen Hundeb\u00e4lle.<\/p>\n<p>Unsere weichen Hundespielzeuge werden von professionellen H\u00e4nden aus sicherem und starkem Stoff hergestellt.<\/p>\n<p>Modell: T-002<\/p>\n<p>Material: NylonCot<\/p>\n<h3>Weich<\/h3>\n<ul>\n<li>Lengte &#8211; ong. 22 cm<\/li>\n<li>Durchmesser 12 cm<\/li>\n<\/ul>\n<p><strong>* Die Farben variieren je nach aktueller Farbcharge<\/strong><\/p>\n<p><strong>NB<\/strong>: geen enkel stuk speelgoed is volledig onverwoestbaar. Zoals bij elk ander product, dient u met dit speeltje toezicht te houden op uw huisdier.<br \/>\nControleer het product regelmatig op schade en vervang het speeltje als het beschadigd is of onderdelen mist om mogelijk letsel bij uw huisdier te voorkomen.<\/p>\n<p>&nbsp;<\/p>\n<p><a href=\"https:\/\/www.dogpride.eu\/\" target=\"_blank\" rel=\"noopener\"><img loading=\"lazy\" decoding=\"async\" class=\"alignnone wp-image-71202 size-medium\" title=\"PRIDE Rundes Bei\u00dfpad mit 2 Griffen\" src=\"https:\/\/dogpride.nl\/wp-content\/uploads\/Logo-Pride2-2-300x96.png\" alt=\"Logo Pride\" width=\"300\" height=\"96\" srcset=\"https:\/\/dogpride.nl\/wp-content\/uploads\/Logo-Pride2-2-300x96.png 300w, https:\/\/dogpride.nl\/wp-content\/uploads\/Logo-Pride2-2-250x80.png 250w, https:\/\/dogpride.nl\/wp-content\/uploads\/Logo-Pride2-2-200x64.png 200w, https:\/\/dogpride.nl\/wp-content\/uploads\/Logo-Pride2-2.png 327w\" sizes=\"auto, (max-width: 300px) 100vw, 300px\" \/><\/a><\/p>\n<p><a href=\"https:\/\/dogpride.nl\/de\/igp\/bijtworsten-voor-honden\/?product-page=2\"><img loading=\"lazy\" decoding=\"async\" class=\"alignnone wp-image-137176\" src=\"https:\/\/dogpride.nl\/wp-content\/uploads\/PRIDE-Rond-bijtkussen-2-handgrepen.jpg\" alt=\"PRIDE Rond bijtkussen 2-handgrepen\" width=\"294\" height=\"191\" srcset=\"https:\/\/dogpride.nl\/wp-content\/uploads\/PRIDE-Rond-bijtkussen-2-handgrepen.jpg 960w, https:\/\/dogpride.nl\/wp-content\/uploads\/PRIDE-Rond-bijtkussen-2-handgrepen-300x195.jpg 300w, https:\/\/dogpride.nl\/wp-content\/uploads\/PRIDE-Rond-bijtkussen-2-handgrepen-768x498.jpg 768w, https:\/\/dogpride.nl\/wp-content\/uploads\/PRIDE-Rond-bijtkussen-2-handgrepen-18x12.jpg 18w, https:\/\/dogpride.nl\/wp-content\/uploads\/PRIDE-Rond-bijtkussen-2-handgrepen-250x162.jpg 250w, https:\/\/dogpride.nl\/wp-content\/uploads\/PRIDE-Rond-bijtkussen-2-handgrepen-400x260.jpg 400w\" sizes=\"auto, (max-width: 294px) 100vw, 294px\" \/><\/a><\/p>\n<p>&nbsp;<\/p>","protected":false},"excerpt":{"rendered":"<p>Pl\u00fcschtiere f\u00fcr Hunde sind ein unverzichtbarer Bestandteil der Hundeerziehung. Wenn Sie m\u00f6chten, dass Ihr Hund gl\u00fccklich und motiviert ist, Sport zu treiben, verwenden Sie unsere farbenfrohen, weichen, sicheren und zuverl\u00e4ssigen Hundeb\u00e4lle.<\/p>","protected":false},"featured_media":136300,"template":"","meta":[],"product_brand":[],"product_cat":[352],"product_tag":[9432,5507,4865,6588,5532],"class_list":{"0":"post-136259","1":"product","2":"type-product","3":"status-publish","4":"has-post-thumbnail","6":"product_cat-bijtworsten-voor-honden","7":"product_tag-2-handgrepen","8":"product_tag-bijtkussen","9":"product_tag-pride","10":"product_tag-rond","11":"product_tag-zacht","13":"first","14":"instock","15":"taxable","16":"shipping-taxable","17":"purchasable","18":"product-type-simple"},"mb":[],"mfb_rest_fields":["title"],"_links":{"self":[{"href":"https:\/\/dogpride.nl\/de\/wp-json\/wp\/v2\/product\/136259","targetHints":{"allow":["GET"]}}],"collection":[{"href":"https:\/\/dogpride.nl\/de\/wp-json\/wp\/v2\/product"}],"about":[{"href":"https:\/\/dogpride.nl\/de\/wp-json\/wp\/v2\/types\/product"}],"wp:featuredmedia":[{"embeddable":true,"href":"https:\/\/dogpride.nl\/de\/wp-json\/wp\/v2\/media\/136300"}],"wp:attachment":[{"href":"https:\/\/dogpride.nl\/de\/wp-json\/wp\/v2\/media?parent=136259"}],"wp:term":[{"taxonomy":"product_brand","embeddable":true,"href":"https:\/\/dogpride.nl\/de\/wp-json\/wp\/v2\/product_brand?post=136259"},{"taxonomy":"product_cat","embeddable":true,"href":"https:\/\/dogpride.nl\/de\/wp-json\/wp\/v2\/product_cat?post=136259"},{"taxonomy":"product_tag","embeddable":true,"href":"https:\/\/dogpride.nl\/de\/wp-json\/wp\/v2\/product_tag?post=136259"}],"curies":[{"name":"wp","href":"https:\/\/api.w.org\/{rel}","templated":true}]}}