{"id":136257,"date":"2025-09-22T10:01:06","date_gmt":"2025-09-22T08:01:06","guid":{"rendered":"https:\/\/dogpride.nl\/?post_type=product&#038;p=136257"},"modified":"2025-11-02T09:13:30","modified_gmt":"2025-11-02T08:13:30","slug":"pride-bijtlap-aan-lijn-microvezel-2","status":"publish","type":"product","link":"https:\/\/dogpride.nl\/de\/pride-bijtlap-aan-lijn-microvezel-2\/","title":{"rendered":"PRIDE Bei\u00dfklappe an der Leine aus Mikrofaser"},"content":{"rendered":"<h4>PRIDE Bei\u00dfklappe an der Leine aus Mikrofaser<\/h4>\n<p>PRIDE Bei\u00dfklappe an der Leine aus Mikrofaser<\/p>\n<p>Deze PRIDE bijtlap aan lijn microvezel is ideaal voor puppytraining.<\/p>\n<p>Diese Bei\u00dfklappe besteht aus 120 cm langer Nylonleine mit Griff. Es wird zum Aufbau des Beutetriebs zu Beginn des Bisstrainings oder als Apportierpuppe f\u00fcr die Jagdhundearbeit eingesetzt.<br \/>\nWird auch als Bissbelohnung beim Erlernen neuer Fertigkeiten oder als einfaches Spiel beim Spielen mit Ihrem Hund verwendet.<\/p>\n<p>Gedacht f\u00fcr Welpen im Alter von bis zu 3\u20134 Monaten.<\/p>\n<ul>\n<li>Material: Mikrofaser<\/li>\n<li>Leinenl\u00e4nge: 120 cm<\/li>\n<\/ul>\n<p>* Die Farben variieren je nach aktueller Farbcharge.<\/p>\n<p><strong>NB<\/strong>, Dieser Bei\u00dflappen ist kein Kauspielzeug und sollte auf Besch\u00e4digungen \u00fcberpr\u00fcft und ersetzt werden, wenn er Anzeichen \u00fcberm\u00e4\u00dfiger Abnutzung zeigt.<br \/>\nEs wird nicht empfohlen, Ihren Hund beim Spielen mit einem Bei\u00dfpflaster unbeaufsichtigt zu lassen.<\/p>\n<p>&nbsp;<\/p>\n<p><a href=\"https:\/\/www.dogpride.eu\/\" target=\"_blank\" rel=\"noopener\"><img loading=\"lazy\" decoding=\"async\" class=\"alignnone wp-image-71202 size-medium\" src=\"https:\/\/dogpride.nl\/wp-content\/uploads\/Logo-Pride2-2-300x96.png\" alt=\"Pride\" width=\"300\" height=\"96\" srcset=\"https:\/\/dogpride.nl\/wp-content\/uploads\/Logo-Pride2-2-300x96.png 300w, https:\/\/dogpride.nl\/wp-content\/uploads\/Logo-Pride2-2-250x80.png 250w, https:\/\/dogpride.nl\/wp-content\/uploads\/Logo-Pride2-2-200x64.png 200w, https:\/\/dogpride.nl\/wp-content\/uploads\/Logo-Pride2-2.png 327w\" sizes=\"auto, (max-width: 300px) 100vw, 300px\" \/><\/a><\/p>\n<p><a href=\"https:\/\/dogpride.nl\/de\/igp\/bijtworsten-voor-honden\/?product-page=3\"><img loading=\"lazy\" decoding=\"async\" class=\"alignnone wp-image-137181\" src=\"https:\/\/dogpride.nl\/wp-content\/uploads\/PRIDE-bijtlap-aan-lijn-microvezel.jpg\" alt=\"PRIDE bijtlap aan lijn microvezel\" width=\"307\" height=\"205\" srcset=\"https:\/\/dogpride.nl\/wp-content\/uploads\/PRIDE-bijtlap-aan-lijn-microvezel.jpg 1820w, https:\/\/dogpride.nl\/wp-content\/uploads\/PRIDE-bijtlap-aan-lijn-microvezel-300x200.jpg 300w, https:\/\/dogpride.nl\/wp-content\/uploads\/PRIDE-bijtlap-aan-lijn-microvezel-1024x684.jpg 1024w, https:\/\/dogpride.nl\/wp-content\/uploads\/PRIDE-bijtlap-aan-lijn-microvezel-768x513.jpg 768w, https:\/\/dogpride.nl\/wp-content\/uploads\/PRIDE-bijtlap-aan-lijn-microvezel-1536x1025.jpg 1536w, https:\/\/dogpride.nl\/wp-content\/uploads\/PRIDE-bijtlap-aan-lijn-microvezel-18x12.jpg 18w, https:\/\/dogpride.nl\/wp-content\/uploads\/PRIDE-bijtlap-aan-lijn-microvezel-250x167.jpg 250w, https:\/\/dogpride.nl\/wp-content\/uploads\/PRIDE-bijtlap-aan-lijn-microvezel-400x267.jpg 400w\" sizes=\"auto, (max-width: 307px) 100vw, 307px\" \/><\/a><\/p>\n<p>&nbsp;<\/p>","protected":false},"excerpt":{"rendered":"<p>Diese Bei\u00dfklappe besteht aus 120 cm langer Nylonleine mit Griff. Es wird zum Aufbau des Beutetriebs zu Beginn des Bisstrainings oder als Apportierpuppe f\u00fcr die Jagdhundearbeit eingesetzt.<\/p>","protected":false},"featured_media":22002,"template":"","meta":[],"product_brand":[],"product_cat":[352],"product_tag":[],"class_list":{"0":"post-136257","1":"product","2":"type-product","3":"status-publish","4":"has-post-thumbnail","6":"product_cat-bijtworsten-voor-honden","8":"first","9":"instock","10":"taxable","11":"shipping-taxable","12":"purchasable","13":"product-type-simple"},"mb":[],"mfb_rest_fields":["title"],"_links":{"self":[{"href":"https:\/\/dogpride.nl\/de\/wp-json\/wp\/v2\/product\/136257","targetHints":{"allow":["GET"]}}],"collection":[{"href":"https:\/\/dogpride.nl\/de\/wp-json\/wp\/v2\/product"}],"about":[{"href":"https:\/\/dogpride.nl\/de\/wp-json\/wp\/v2\/types\/product"}],"wp:featuredmedia":[{"embeddable":true,"href":"https:\/\/dogpride.nl\/de\/wp-json\/wp\/v2\/media\/22002"}],"wp:attachment":[{"href":"https:\/\/dogpride.nl\/de\/wp-json\/wp\/v2\/media?parent=136257"}],"wp:term":[{"taxonomy":"product_brand","embeddable":true,"href":"https:\/\/dogpride.nl\/de\/wp-json\/wp\/v2\/product_brand?post=136257"},{"taxonomy":"product_cat","embeddable":true,"href":"https:\/\/dogpride.nl\/de\/wp-json\/wp\/v2\/product_cat?post=136257"},{"taxonomy":"product_tag","embeddable":true,"href":"https:\/\/dogpride.nl\/de\/wp-json\/wp\/v2\/product_tag?post=136257"}],"curies":[{"name":"wp","href":"https:\/\/api.w.org\/{rel}","templated":true}]}}