{"id":136256,"date":"2025-09-22T09:59:39","date_gmt":"2025-09-22T07:59:39","guid":{"rendered":"https:\/\/dogpride.nl\/?post_type=product&#038;p=136256"},"modified":"2025-11-02T09:43:00","modified_gmt":"2025-11-02T08:43:00","slug":"pride-bijtlap-aan-lijn-pile-fleece","status":"publish","type":"product","link":"https:\/\/dogpride.nl\/de\/pride-bijtlap-aan-lijn-pile-fleece\/","title":{"rendered":"PRIDE Bei\u00dflasche aus Fleece"},"content":{"rendered":"<h4>PRIDE Bei\u00dflasche aus Fleece<\/h4>\n<p>PRIDE Bei\u00dflasche aus Fleece<\/p>\n<p>Deze PRIDE bijtlap aan lijn pile fleece is ideaal voor puppytraining.<\/p>\n<p>Diese Bei\u00dfklappe besteht aus 120 cm langer Nylonleine mit Griff. Es wird zum Aufbau des Beutetriebs zu Beginn des Bisstrainings oder als Apportierpuppe f\u00fcr die Jagdhundearbeit eingesetzt.<br \/>\nWird auch als Bissbelohnung beim Erlernen neuer Fertigkeiten oder als einfaches Spiel beim Spielen mit Ihrem Hund verwendet.<\/p>\n<p>Gedacht f\u00fcr Welpen im Alter von bis zu 3\u20134 Monaten.<\/p>\n<ul>\n<li>Material: Florfleece<\/li>\n<li>Leinenl\u00e4nge: 120 cm<\/li>\n<\/ul>\n<p>* Die Farben variieren je nach aktueller Farbcharge.<\/p>\n<p><strong>NB<\/strong>, Dieser Bei\u00dflappen ist kein Kauspielzeug und sollte auf Besch\u00e4digungen \u00fcberpr\u00fcft und ersetzt werden, wenn er Anzeichen \u00fcberm\u00e4\u00dfiger Abnutzung zeigt. Es wird nicht empfohlen, Ihren Hund beim Spielen mit einem Bei\u00dfpflaster unbeaufsichtigt zu lassen.<\/p>\n<p>&nbsp;<\/p>\n<p><a href=\"https:\/\/www.dogpride.eu\/\" target=\"_blank\" rel=\"noopener\"><img loading=\"lazy\" decoding=\"async\" class=\"alignnone wp-image-71202 size-medium\" src=\"https:\/\/dogpride.nl\/wp-content\/uploads\/Logo-Pride2-2-300x96.png\" alt=\"Pride\" width=\"300\" height=\"96\" srcset=\"https:\/\/dogpride.nl\/wp-content\/uploads\/Logo-Pride2-2-300x96.png 300w, https:\/\/dogpride.nl\/wp-content\/uploads\/Logo-Pride2-2-250x80.png 250w, https:\/\/dogpride.nl\/wp-content\/uploads\/Logo-Pride2-2-200x64.png 200w, https:\/\/dogpride.nl\/wp-content\/uploads\/Logo-Pride2-2.png 327w\" sizes=\"auto, (max-width: 300px) 100vw, 300px\" \/><\/a><\/p>\n<p><a href=\"https:\/\/dogpride.nl\/de\/igp\/bijtworsten-voor-honden\/?product-page=3\"><img loading=\"lazy\" decoding=\"async\" class=\"alignnone wp-image-137182\" src=\"https:\/\/dogpride.nl\/wp-content\/uploads\/PRIDE-bijtlap-aan-lijn-pile-fleece.jpg\" alt=\"PRIDE bijtlap aan lijn pile fleece\" width=\"174\" height=\"232\" srcset=\"https:\/\/dogpride.nl\/wp-content\/uploads\/PRIDE-bijtlap-aan-lijn-pile-fleece.jpg 720w, https:\/\/dogpride.nl\/wp-content\/uploads\/PRIDE-bijtlap-aan-lijn-pile-fleece-225x300.jpg 225w, https:\/\/dogpride.nl\/wp-content\/uploads\/PRIDE-bijtlap-aan-lijn-pile-fleece-9x12.jpg 9w, https:\/\/dogpride.nl\/wp-content\/uploads\/PRIDE-bijtlap-aan-lijn-pile-fleece-250x333.jpg 250w, https:\/\/dogpride.nl\/wp-content\/uploads\/PRIDE-bijtlap-aan-lijn-pile-fleece-400x533.jpg 400w\" sizes=\"auto, (max-width: 174px) 100vw, 174px\" \/><\/a><\/p>\n<p>&nbsp;<\/p>","protected":false},"excerpt":{"rendered":"<p>Diese Bei\u00dfklappe besteht aus 120 cm langer Nylonleine mit Griff. Es wird zum Aufbau des Beutetriebs zu Beginn des Bisstrainings oder als Apportierpuppe f\u00fcr die Jagdhundearbeit eingesetzt.<\/p>","protected":false},"featured_media":22001,"template":"","meta":[],"product_brand":[],"product_cat":[352],"product_tag":[],"class_list":{"0":"post-136256","1":"product","2":"type-product","3":"status-publish","4":"has-post-thumbnail","6":"product_cat-bijtworsten-voor-honden","8":"first","9":"instock","10":"taxable","11":"shipping-taxable","12":"purchasable","13":"product-type-simple"},"mb":[],"mfb_rest_fields":["title"],"_links":{"self":[{"href":"https:\/\/dogpride.nl\/de\/wp-json\/wp\/v2\/product\/136256","targetHints":{"allow":["GET"]}}],"collection":[{"href":"https:\/\/dogpride.nl\/de\/wp-json\/wp\/v2\/product"}],"about":[{"href":"https:\/\/dogpride.nl\/de\/wp-json\/wp\/v2\/types\/product"}],"wp:featuredmedia":[{"embeddable":true,"href":"https:\/\/dogpride.nl\/de\/wp-json\/wp\/v2\/media\/22001"}],"wp:attachment":[{"href":"https:\/\/dogpride.nl\/de\/wp-json\/wp\/v2\/media?parent=136256"}],"wp:term":[{"taxonomy":"product_brand","embeddable":true,"href":"https:\/\/dogpride.nl\/de\/wp-json\/wp\/v2\/product_brand?post=136256"},{"taxonomy":"product_cat","embeddable":true,"href":"https:\/\/dogpride.nl\/de\/wp-json\/wp\/v2\/product_cat?post=136256"},{"taxonomy":"product_tag","embeddable":true,"href":"https:\/\/dogpride.nl\/de\/wp-json\/wp\/v2\/product_tag?post=136256"}],"curies":[{"name":"wp","href":"https:\/\/api.w.org\/{rel}","templated":true}]}}