{"id":13535,"date":"2019-09-04T15:00:32","date_gmt":"2019-09-04T13:00:32","guid":{"rendered":"https:\/\/dogpride1.wpengine.com\/product\/savic-snooze-plastic-mand-zwart-117x80x34-cm-3\/"},"modified":"2025-11-26T08:49:55","modified_gmt":"2025-11-26T07:49:55","slug":"savic-snooze-plastic-mand-zwart-117x80x34-cm-3","status":"publish","type":"product","link":"https:\/\/dogpride.nl\/de\/savic-snooze-plastic-mand-zwart-117x80x34-cm-3\/","title":{"rendered":"Savic Snooze plastic mand zwart"},"content":{"rendered":"<h4>Savic Snooze plastic mand zwart<\/h4>\n<p>Snooze Kunststoffkorb schwarz 117x80x34 cm<\/p>\n<div>Dieser robuste Kunststoffkorb ist f\u00fcr Katzen und Hunde geeignet. Dank des niedrigen Einstiegs kann Ihr Liebling problemlos in sein K\u00f6rbchen ein- und aussteigen. Es ist daher ein sehr praktischer Korb f\u00fcr junge, \u00e4ltere oder kranke Tiere.<\/div>\n<div><\/div>\n<div>Durch die elegante Form des Korbes kann Ihr Hund oder Ihre Katze in jeder bequemen Position entspannen. Der rutschfeste Fu\u00df unter dem Korb sorgt f\u00fcr Stabilit\u00e4t und die L\u00f6cher am Boden des Korbs sorgen f\u00fcr eine gute Luftzirkulation durch den Korb.<\/div>\n<div><\/div>\n<div>F\u00fcr maximalen Komfort f\u00fcr Ihren Hund oder Ihre Katze legen Sie nach Wunsch ein Kissen in den Korb.<\/div>\n<div><\/div>\n<div>Dieser Korb ist leicht zu reinigen: Wischen Sie den Korb mit einem feuchten Tuch und einem milden Reinigungsmittel ab. So haben Schmutz und Insekten keine Chance!<\/div>\n<div><\/div>\n<div>Material: Kunststoff<\/div>\n<div>Abmessungen: 117x80x34 cm<\/div>\n<div>Farbe schwarz<\/div>\n<div><\/div>\n<div>Dieser Korb ist auch in der Farbe Schwarz mit den Ma\u00dfen 98,5x70x30cm erh\u00e4ltlich<\/div>\n<div>Dieser Korb ist in den Farben Khakigr\u00fcn und Pink in den Gr\u00f6\u00dfen 70x49x23 cm und 60x42x20 cm erh\u00e4ltlich.<\/div>\n<div><a href=\"https:\/\/dogpride.nl\/de\/hondenmanden\/manden-matrassen\/\"><img loading=\"lazy\" decoding=\"async\" class=\"alignnone\" title=\"Savic Snooze plastic mand zwart\" src=\"https:\/\/dogpride.nl\/wp-content\/uploads\/savic-snooze-hondenmand-plastic-zwart-1.jpg\" alt=\"Savic Snooze plastic mand zwart\" width=\"115\" height=\"73\" \/><\/a><\/div>\n<div><span style=\"color: #ffffff;\"><a style=\"color: #ffffff;\" href=\"https:\/\/www.bol.com\/nl\/nl\/\" target=\"_blank\" rel=\"noopener\">https:\/\/www.bol.com\/nl\/nl\/<\/a><\/span><\/div>\n<div><\/div>","protected":false},"excerpt":{"rendered":"<p>Savic Snooze Kunststoffkorb schwarz 117x80x34 cm<\/p>","protected":false},"featured_media":13536,"template":"","meta":[],"product_brand":[],"product_cat":[307],"product_tag":[],"class_list":{"0":"post-13535","1":"product","2":"type-product","3":"status-publish","4":"has-post-thumbnail","6":"product_cat-hondenmanden-en-matrassen","8":"first","9":"instock","10":"taxable","11":"shipping-taxable","12":"purchasable","13":"product-type-simple"},"mb":[],"mfb_rest_fields":["title"],"_links":{"self":[{"href":"https:\/\/dogpride.nl\/de\/wp-json\/wp\/v2\/product\/13535","targetHints":{"allow":["GET"]}}],"collection":[{"href":"https:\/\/dogpride.nl\/de\/wp-json\/wp\/v2\/product"}],"about":[{"href":"https:\/\/dogpride.nl\/de\/wp-json\/wp\/v2\/types\/product"}],"wp:featuredmedia":[{"embeddable":true,"href":"https:\/\/dogpride.nl\/de\/wp-json\/wp\/v2\/media\/13536"}],"wp:attachment":[{"href":"https:\/\/dogpride.nl\/de\/wp-json\/wp\/v2\/media?parent=13535"}],"wp:term":[{"taxonomy":"product_brand","embeddable":true,"href":"https:\/\/dogpride.nl\/de\/wp-json\/wp\/v2\/product_brand?post=13535"},{"taxonomy":"product_cat","embeddable":true,"href":"https:\/\/dogpride.nl\/de\/wp-json\/wp\/v2\/product_cat?post=13535"},{"taxonomy":"product_tag","embeddable":true,"href":"https:\/\/dogpride.nl\/de\/wp-json\/wp\/v2\/product_tag?post=13535"}],"curies":[{"name":"wp","href":"https:\/\/api.w.org\/{rel}","templated":true}]}}