{"id":134673,"date":"2025-08-15T17:36:26","date_gmt":"2025-08-15T15:36:26","guid":{"rendered":"https:\/\/dogpride.nl\/?post_type=product&#038;p=134673"},"modified":"2025-11-02T12:37:48","modified_gmt":"2025-11-02T11:37:48","slug":"dogs4me-hondensport-trainingsjacket-spider-mask","status":"publish","type":"product","link":"https:\/\/dogpride.nl\/de\/dogs4me-hondensport-trainingsjacket-spider-mask\/","title":{"rendered":"DOGS4ME Hondensport Trainingsjacket SPIDER MASK"},"content":{"rendered":"<h4>DOGS4ME Hondensport Trainingsjacket SPIDER MASK<\/h4>\n<p>DOGS4ME Hondensport Trainingsjacket SPIDER MASK<\/p>\n<ul>\n<li>Unisex jas<\/li>\n<li>Teilweise wasserdicht, 100% PES<\/li>\n<li>Kwaliteit zwarte voering<\/li>\n<li>Rits YKK<\/li>\n<\/ul>\n<p>De jas is zwart met groene of winter camouflage en heeft een <strong>reflecterende<\/strong> bies<br \/>\nHoogwaardige katoenen gebreide boorden aan de mouwen<br \/>\nVerstelbare taille door middel van een zogenaamde tunnelband<br \/>\nOog aan de zijkant van de jas voor de riem of een snoepzakje<br \/>\n2 Ruime zakken aan de voorkant en een grote achterzak &#8211; de achterzak kan op verzoek worden genaaid als 2 aparte zakken<br \/>\nAan de bovenkant van de jas 2 afgedekte zakken met rits &#8211; mobiele telefoon, sleutels &#8230;<br \/>\nCapuchonkraag &#8211; geschikt voor slecht weer, capuchon kan worden dichtgetrokken<\/p>\n<h4>We kunnen al onze afbeeldingen op de achter- of voorkant of op de zakken borduren.<\/h4>\n<p>Leverbaar in de kleuren: Groene Camouflage, Winter Camouflage<\/p>\n<ul>\n<li>Gr\u00f6\u00dfen XS bis XXL (oder angepasst an Ihre Gr\u00f6\u00dfe)<\/li>\n<\/ul>\n<p>Wir k\u00f6nnen verschiedene Bilder auf die Vorder- oder R\u00fcckseite oder auf die Taschen sticken.<br \/>\nDeze jassen kunnen op maat op bestelling worden genaaid. Voor de standaard maten zijn de DOGS4ME Hondensport Trainingsjacket SPIDER MASK meestal op voorraad.<\/p>\n<p><strong>Diese Jacke hat standardm\u00e4\u00dfig einen normalen Rei\u00dfverschluss. Die Lieferzeit f\u00fcr eine Jacke mit Zwei-Wege-Rei\u00dfverschluss betr\u00e4gt 2-3 Wochen.<\/strong><\/p>\n<p>GR\u00d6SSENTABELLE ANZEIGEN<\/p>\n<p><img loading=\"lazy\" decoding=\"async\" class=\"alignnone wp-image-69739 size-full\" src=\"https:\/\/www.dogpride.nl\/wp-content\/uploads\/Spider-Therm.jpg\" alt=\"\" width=\"583\" height=\"317\" srcset=\"https:\/\/dogpride.nl\/wp-content\/uploads\/Spider-Therm.jpg 583w, https:\/\/dogpride.nl\/wp-content\/uploads\/Spider-Therm-250x136.jpg 250w, https:\/\/dogpride.nl\/wp-content\/uploads\/Spider-Therm-400x217.jpg 400w, https:\/\/dogpride.nl\/wp-content\/uploads\/Spider-Therm-300x163.jpg 300w, https:\/\/dogpride.nl\/wp-content\/uploads\/Spider-Therm-200x109.jpg 200w\" sizes=\"auto, (max-width: 583px) 100vw, 583px\" \/><\/p>\n<p><a href=\"https:\/\/dogpride.nl\/de\/kleding\/jassen\/dogs4me-jassen\/\"><img loading=\"lazy\" decoding=\"async\" class=\"alignnone\" title=\"DOGS4ME Hondensport Trainingsjacket SPIDER MASK\" src=\"https:\/\/dogpride.nl\/wp-content\/uploads\/spider-dogsport-training-jacket-2-1-150x150.jpg\" alt=\"DOGS4ME Hondensport Trainingsjacket SPIDER MASK\" width=\"150\" height=\"150\" \/><\/a><\/p>\n<p><a href=\"https:\/\/d4m.eu\/en\/\" target=\"_blank\" rel=\"noopener\"><img loading=\"lazy\" decoding=\"async\" class=\"alignnone wp-image-139645 size-thumbnail\" src=\"https:\/\/dogpride.nl\/wp-content\/uploads\/Logo-Dogs4me-150x150.jpg\" alt=\"Logo\" width=\"150\" height=\"150\" srcset=\"https:\/\/dogpride.nl\/wp-content\/uploads\/Logo-Dogs4me-150x150.jpg 150w, https:\/\/dogpride.nl\/wp-content\/uploads\/Logo-Dogs4me-100x100.jpg 100w\" sizes=\"auto, (max-width: 150px) 100vw, 150px\" \/><\/a><\/p>","protected":false},"excerpt":{"rendered":"<p>DOGS4ME Hondensport Trainingsjacket SPIDER MASK. De jas is zwart met groene of winter camouflage en heeft een <strong>reflecterende<\/strong> bies. Hoogwaardige katoenen gebreide boorden aan de mouwen. Verstelbare taille door middel van een zogenaamde tunnelband.<\/p>","protected":false},"featured_media":134758,"template":"","meta":[],"product_brand":[],"product_cat":[3859],"product_tag":[5343,8221,3332,5500,4881,5345],"class_list":{"0":"post-134673","1":"product","2":"type-product","3":"status-publish","4":"has-post-thumbnail","6":"product_cat-dogs4me-jassen","7":"product_tag-dogs4me","8":"product_tag-dogsports","9":"product_tag-hondensport","10":"product_tag-mask","11":"product_tag-spider","12":"product_tag-trainingsjacket","14":"first","15":"instock","16":"taxable","17":"shipping-taxable","18":"purchasable","19":"product-type-variable"},"mb":[],"mfb_rest_fields":["title"],"_links":{"self":[{"href":"https:\/\/dogpride.nl\/de\/wp-json\/wp\/v2\/product\/134673","targetHints":{"allow":["GET"]}}],"collection":[{"href":"https:\/\/dogpride.nl\/de\/wp-json\/wp\/v2\/product"}],"about":[{"href":"https:\/\/dogpride.nl\/de\/wp-json\/wp\/v2\/types\/product"}],"wp:featuredmedia":[{"embeddable":true,"href":"https:\/\/dogpride.nl\/de\/wp-json\/wp\/v2\/media\/134758"}],"wp:attachment":[{"href":"https:\/\/dogpride.nl\/de\/wp-json\/wp\/v2\/media?parent=134673"}],"wp:term":[{"taxonomy":"product_brand","embeddable":true,"href":"https:\/\/dogpride.nl\/de\/wp-json\/wp\/v2\/product_brand?post=134673"},{"taxonomy":"product_cat","embeddable":true,"href":"https:\/\/dogpride.nl\/de\/wp-json\/wp\/v2\/product_cat?post=134673"},{"taxonomy":"product_tag","embeddable":true,"href":"https:\/\/dogpride.nl\/de\/wp-json\/wp\/v2\/product_tag?post=134673"}],"curies":[{"name":"wp","href":"https:\/\/api.w.org\/{rel}","templated":true}]}}