{"id":134629,"date":"2025-08-15T16:48:49","date_gmt":"2025-08-15T14:48:49","guid":{"rendered":"https:\/\/dogpride.nl\/?post_type=product&#038;p=134629"},"modified":"2025-11-16T09:33:18","modified_gmt":"2025-11-16T08:33:18","slug":"dogs4me-dogsport-vest-sonn-rip","status":"publish","type":"product","link":"https:\/\/dogpride.nl\/de\/dogs4me-dogsport-vest-sonn-rip\/","title":{"rendered":"DOGS4ME Dogsport vest SONN RIP"},"content":{"rendered":"<h4>DOGS4ME Dogsport vest SONN RIP<\/h4>\n<p>DOGS4ME Dogsport vest SONN RIP<\/p>\n<p>Trainingszomervest SONN unisex<br \/>\nbovenmateriaal 100% PES + hoogwaardige en duurzame meshvoering mesh<br \/>\nhet vest heeft een meshvoering over de gehele lengte voor een betere duurzaamheid<br \/>\ntwee ruime zakken aan de voor- en achterkant<br \/>\n2 bovenzakken met rits<br \/>\ndit vest (mash) is niet geschikt voor borduren<br \/>\nkatrol aan de zijkant voor een riem of traktatiezakje<br \/>\nYKK-Rei\u00dfverschluss<\/p>\n<p>Verkrijgbaar in de kleurcombinaties: Zwart, Zwart\/Blauw, Zwart\/Grijs, Zwart\/Roze, Zwart\/Groen<\/p>\n<ul>\n<li>Unisex-Modell<\/li>\n<\/ul>\n<p><strong>Diese Weste verf\u00fcgt standardm\u00e4\u00dfig \u00fcber einen normalen Rei\u00dfverschluss. Die Lieferzeit f\u00fcr eine Strickjacke mit Zwei-Wege-Rei\u00dfverschluss betr\u00e4gt \u00b1 2-3 Wochen.<\/strong><\/p>\n<p><strong>Gr\u00f6\u00dfentabelle:<\/strong><\/p>\n<p><img loading=\"lazy\" decoding=\"async\" class=\"alignnone size-full wp-image-134646\" src=\"https:\/\/dogpride.nl\/wp-content\/uploads\/Maattabel-Sonn.jpg\" alt=\"Maattabel\" width=\"897\" height=\"466\" srcset=\"https:\/\/dogpride.nl\/wp-content\/uploads\/Maattabel-Sonn.jpg 897w, https:\/\/dogpride.nl\/wp-content\/uploads\/Maattabel-Sonn-300x156.jpg 300w, https:\/\/dogpride.nl\/wp-content\/uploads\/Maattabel-Sonn-768x399.jpg 768w, https:\/\/dogpride.nl\/wp-content\/uploads\/Maattabel-Sonn-18x9.jpg 18w, https:\/\/dogpride.nl\/wp-content\/uploads\/Maattabel-Sonn-250x130.jpg 250w, https:\/\/dogpride.nl\/wp-content\/uploads\/Maattabel-Sonn-400x208.jpg 400w\" sizes=\"auto, (max-width: 897px) 100vw, 897px\" \/><\/p>\n<p><a href=\"https:\/\/dogpride.nl\/de\/kleding\/trainingsvesten\/dogs4me-trainingsvesten\/\"><img loading=\"lazy\" decoding=\"async\" class=\"alignnone\" title=\"DOGS4ME Dogsport vest SONN RIP\" src=\"https:\/\/dogpride.nl\/wp-content\/uploads\/dogsport-vest-sonn-5-150x150.jpg\" alt=\"DOGS4ME Dogsport vest SONN RIP\" width=\"150\" height=\"150\" \/><\/a><\/p>\n<p><a href=\"https:\/\/d4m.eu\/en\/\" target=\"_blank\" rel=\"noopener\"><img loading=\"lazy\" decoding=\"async\" class=\"alignnone wp-image-142870 size-medium\" src=\"https:\/\/dogpride.nl\/wp-content\/uploads\/Logo-Dogs4me-2-300x188.jpg\" alt=\"Logo\" width=\"300\" height=\"188\" srcset=\"https:\/\/dogpride.nl\/wp-content\/uploads\/Logo-Dogs4me-2-300x188.jpg 300w, https:\/\/dogpride.nl\/wp-content\/uploads\/Logo-Dogs4me-2-1024x640.jpg 1024w, https:\/\/dogpride.nl\/wp-content\/uploads\/Logo-Dogs4me-2-768x480.jpg 768w, https:\/\/dogpride.nl\/wp-content\/uploads\/Logo-Dogs4me-2-1536x960.jpg 1536w, https:\/\/dogpride.nl\/wp-content\/uploads\/Logo-Dogs4me-2-18x12.jpg 18w, https:\/\/dogpride.nl\/wp-content\/uploads\/Logo-Dogs4me-2-250x156.jpg 250w, https:\/\/dogpride.nl\/wp-content\/uploads\/Logo-Dogs4me-2-400x250.jpg 400w, https:\/\/dogpride.nl\/wp-content\/uploads\/Logo-Dogs4me-2.jpg 1680w\" sizes=\"auto, (max-width: 300px) 100vw, 300px\" \/><\/a><\/p>","protected":false},"excerpt":{"rendered":"<p>Trainingszomervest SONN RIP unisex. Bovenmateriaal 100% PES + hoogwaardige en duurzame meshvoering mesh. Het vest heeft een meshvoering over de gehele lengte voor een betere duurzaamheid. Twee ruime zakken aan de voor- en achterkant.<\/p>","protected":false},"featured_media":134645,"template":"","meta":[],"product_brand":[],"product_cat":[3872],"product_tag":[5343,5344,3332,6049,9334,4152],"class_list":{"0":"post-134629","1":"product","2":"type-product","3":"status-publish","4":"has-post-thumbnail","6":"product_cat-dogs4me-trainingsvesten","7":"product_tag-dogs4me","8":"product_tag-dogsport","9":"product_tag-hondensport","10":"product_tag-hondensportvest","11":"product_tag-sonn","12":"product_tag-vest","13":"product_shipping_class-vast-tarief-eu-overig","15":"first","16":"instock","17":"taxable","18":"shipping-taxable","19":"purchasable","20":"product-type-variable"},"mb":[],"mfb_rest_fields":["title"],"_links":{"self":[{"href":"https:\/\/dogpride.nl\/de\/wp-json\/wp\/v2\/product\/134629","targetHints":{"allow":["GET"]}}],"collection":[{"href":"https:\/\/dogpride.nl\/de\/wp-json\/wp\/v2\/product"}],"about":[{"href":"https:\/\/dogpride.nl\/de\/wp-json\/wp\/v2\/types\/product"}],"wp:featuredmedia":[{"embeddable":true,"href":"https:\/\/dogpride.nl\/de\/wp-json\/wp\/v2\/media\/134645"}],"wp:attachment":[{"href":"https:\/\/dogpride.nl\/de\/wp-json\/wp\/v2\/media?parent=134629"}],"wp:term":[{"taxonomy":"product_brand","embeddable":true,"href":"https:\/\/dogpride.nl\/de\/wp-json\/wp\/v2\/product_brand?post=134629"},{"taxonomy":"product_cat","embeddable":true,"href":"https:\/\/dogpride.nl\/de\/wp-json\/wp\/v2\/product_cat?post=134629"},{"taxonomy":"product_tag","embeddable":true,"href":"https:\/\/dogpride.nl\/de\/wp-json\/wp\/v2\/product_tag?post=134629"}],"curies":[{"name":"wp","href":"https:\/\/api.w.org\/{rel}","templated":true}]}}