{"id":134614,"date":"2025-08-15T16:28:16","date_gmt":"2025-08-15T14:28:16","guid":{"rendered":"https:\/\/dogpride.nl\/?post_type=product&#038;p=134614"},"modified":"2025-11-16T09:33:28","modified_gmt":"2025-11-16T08:33:28","slug":"dogs4me-dogsport-vest-hexa-pro","status":"publish","type":"product","link":"https:\/\/dogpride.nl\/de\/dogs4me-dogsport-vest-hexa-pro\/","title":{"rendered":"DOGS4ME Dogsport vest HEXA PRO"},"content":{"rendered":"<h4>DOGS4ME Dogsport vest HEXA PRO<\/h4>\n<p>DOGS4ME Dogsport vest HEXA PRO<\/p>\n<p>DOGS4ME Dogsport vest HEXA PRO zonder compromissen<br \/>\n&#8220;Het perfecte vest voor hondenbegeleiders \u2013 uw nieuwe beste trainingspartner&#8221;<br \/>\nStelt u zich een vest voor dat u begeleidt tijdens ochtendwandelingen, intensieve middagtrainingen op het trainingsveld en een stijlvolle avondwandeling.<br \/>\nEen vest dat alles kan bevatten wat u nodig hebt (en niet nodig hebt) zonder u te beperken tijdens een wandeling of speeltijd met uw viervoeter.<\/p>\n<h4>Ontworpen door professionals, getest in de praktijk \u2013 klaar voor u.<\/h4>\n<p>We hebben ons eigen innovatieve materiaal ontworpen, dat we speciaal voor ons hebben laten maken door kynologen, genaamd EverTough\u2122 \u2013 langdurige duurzaamheid en stabiliteit.<br \/>\nKleding van dit materiaal is ontwikkeld in samenwerking met ervaren hondenbegeleiders, trainers en wedstrijdlopers, die precies weten wat er in de praktijk nodig is en wat gewoon onnodig gewicht is.<br \/>\nElk detail heeft zijn doel \u2013 van de plaatsing van de zakken tot de snit.<\/p>\n<p><a href=\"https:\/\/dogpride.nl\/de\/kleding\/trainingsvesten\/dogs4me-trainingsvesten\/\"><img loading=\"lazy\" decoding=\"async\" class=\"alignnone\" title=\"DOGS4ME Dogsport vest HEXA PRO\" src=\"https:\/\/dogpride.nl\/wp-content\/uploads\/1hexapro_orange_45_web-150x150.jpg\" alt=\"DOGS4ME Dogsport vest HEXA PRO\" width=\"150\" height=\"150\" \/><\/a><\/p>\n<ul>\n<li>Zakken voor alles wat u nodig hebt<\/li>\n<li>Een enorme hoge achterzak, die helemaal doorloopt tot aan de voorkant van het vest, geeft u ruimte voor alles wat u nodig hebt.<\/li>\n<li>Twee diepe, opgestikte zakken aan de voorkant met een elegante klep met een merkknoop. Groot genoeg voor een bal, riem, clicker, trackingitems of snacks.<\/li>\n<li>Op de borst twee zakken met rits voor je telefoon of sleutels.<\/li>\n<\/ul>\n<h4>Wat is EverTough\u2122-stof?<\/h4>\n<p>In \u00e9\u00e9n zin: &#8220;Duurzaamheid, comfort en functionaliteit in \u00e9\u00e9n laag.&#8221; Dit speciale textiel combineert de sterkte van industri\u00eble stof met het comfort van moderne functionele materialen. De dichtgeweven structuur zorgt voor een hoge weerstand.<\/p>\n<p>Verkrijgbaar in de kleurcombinaties: Zwart\/Blauw, Zwart\/Rood, Zwart\/Oranje<\/p>\n<p>DOGS4ME Dogsport vest HEXA PRO is een Unisex model<\/p>\n<p><strong>Diese Weste verf\u00fcgt standardm\u00e4\u00dfig \u00fcber einen normalen Rei\u00dfverschluss. Die Lieferzeit f\u00fcr eine Strickjacke mit Zwei-Wege-Rei\u00dfverschluss betr\u00e4gt \u00b1 2-3 Wochen.<\/strong><\/p>\n<p><strong>Gr\u00f6\u00dfentabelle:<\/strong><\/p>\n<p><img loading=\"lazy\" decoding=\"async\" class=\"alignnone wp-image-70272 size-full\" src=\"https:\/\/www.dogpride.nl\/wp-content\/uploads\/Maattabel-Kabala.png\" alt=\"Maattabel\" width=\"591\" height=\"315\" srcset=\"https:\/\/dogpride.nl\/wp-content\/uploads\/Maattabel-Kabala.png 591w, https:\/\/dogpride.nl\/wp-content\/uploads\/Maattabel-Kabala-250x133.png 250w, https:\/\/dogpride.nl\/wp-content\/uploads\/Maattabel-Kabala-400x213.png 400w, https:\/\/dogpride.nl\/wp-content\/uploads\/Maattabel-Kabala-300x160.png 300w, https:\/\/dogpride.nl\/wp-content\/uploads\/Maattabel-Kabala-200x107.png 200w\" sizes=\"auto, (max-width: 591px) 100vw, 591px\" \/><\/p>\n<p><a href=\"https:\/\/dogpride.nl\/de\/kleding\/trainingsvesten\/dogs4me-trainingsvesten\/\"><img loading=\"lazy\" decoding=\"async\" class=\"alignnone\" title=\"DOGS4ME Dogsport vest HEXA PRO\" src=\"https:\/\/dogpride.nl\/wp-content\/uploads\/1hexapro_orange_45_web-150x150.jpg\" alt=\"DOGS4ME Dogsport vest HEXA PRO\" width=\"150\" height=\"150\" \/><\/a><\/p>\n<p><a href=\"https:\/\/d4m.eu\/en\/\" target=\"_blank\" rel=\"noopener\"><img loading=\"lazy\" decoding=\"async\" class=\"alignnone wp-image-142870 size-medium\" src=\"https:\/\/dogpride.nl\/wp-content\/uploads\/Logo-Dogs4me-2-300x188.jpg\" alt=\"Logo\" width=\"300\" height=\"188\" srcset=\"https:\/\/dogpride.nl\/wp-content\/uploads\/Logo-Dogs4me-2-300x188.jpg 300w, https:\/\/dogpride.nl\/wp-content\/uploads\/Logo-Dogs4me-2-1024x640.jpg 1024w, https:\/\/dogpride.nl\/wp-content\/uploads\/Logo-Dogs4me-2-768x480.jpg 768w, https:\/\/dogpride.nl\/wp-content\/uploads\/Logo-Dogs4me-2-1536x960.jpg 1536w, https:\/\/dogpride.nl\/wp-content\/uploads\/Logo-Dogs4me-2-18x12.jpg 18w, https:\/\/dogpride.nl\/wp-content\/uploads\/Logo-Dogs4me-2-250x156.jpg 250w, https:\/\/dogpride.nl\/wp-content\/uploads\/Logo-Dogs4me-2-400x250.jpg 400w, https:\/\/dogpride.nl\/wp-content\/uploads\/Logo-Dogs4me-2.jpg 1680w\" sizes=\"auto, (max-width: 300px) 100vw, 300px\" \/><\/a><\/p>","protected":false},"excerpt":{"rendered":"<p>Stelt u zich een vest voor dat u begeleidt tijdens ochtendwandelingen, intensieve middagtrainingen op het trainingsveld en een stijlvolle avondwandeling. Een vest dat alles kan bevatten wat u nodig hebt (en niet nodig hebt) zonder u te beperken tijdens een wandeling<\/p>","protected":false},"featured_media":134621,"template":"","meta":[],"product_brand":[],"product_cat":[3872],"product_tag":[5343,5344,7434,3332,6049,4933,4152],"class_list":{"0":"post-134614","1":"product","2":"type-product","3":"status-publish","4":"has-post-thumbnail","6":"product_cat-dogs4me-trainingsvesten","7":"product_tag-dogs4me","8":"product_tag-dogsport","9":"product_tag-hexa","10":"product_tag-hondensport","11":"product_tag-hondensportvest","12":"product_tag-pro","13":"product_tag-vest","14":"product_shipping_class-vast-tarief-eu-overig","16":"first","17":"instock","18":"taxable","19":"shipping-taxable","20":"purchasable","21":"product-type-variable"},"mb":[],"mfb_rest_fields":["title"],"_links":{"self":[{"href":"https:\/\/dogpride.nl\/de\/wp-json\/wp\/v2\/product\/134614","targetHints":{"allow":["GET"]}}],"collection":[{"href":"https:\/\/dogpride.nl\/de\/wp-json\/wp\/v2\/product"}],"about":[{"href":"https:\/\/dogpride.nl\/de\/wp-json\/wp\/v2\/types\/product"}],"wp:featuredmedia":[{"embeddable":true,"href":"https:\/\/dogpride.nl\/de\/wp-json\/wp\/v2\/media\/134621"}],"wp:attachment":[{"href":"https:\/\/dogpride.nl\/de\/wp-json\/wp\/v2\/media?parent=134614"}],"wp:term":[{"taxonomy":"product_brand","embeddable":true,"href":"https:\/\/dogpride.nl\/de\/wp-json\/wp\/v2\/product_brand?post=134614"},{"taxonomy":"product_cat","embeddable":true,"href":"https:\/\/dogpride.nl\/de\/wp-json\/wp\/v2\/product_cat?post=134614"},{"taxonomy":"product_tag","embeddable":true,"href":"https:\/\/dogpride.nl\/de\/wp-json\/wp\/v2\/product_tag?post=134614"}],"curies":[{"name":"wp","href":"https:\/\/api.w.org\/{rel}","templated":true}]}}