{"id":134065,"date":"2025-08-06T18:02:39","date_gmt":"2025-08-06T16:02:39","guid":{"rendered":"https:\/\/dogpride.nl\/?post_type=product&#038;p=134065"},"modified":"2025-11-16T10:24:47","modified_gmt":"2025-11-16T09:24:47","slug":"gappay-mesh-hondentrainingsvest-air","status":"publish","type":"product","link":"https:\/\/dogpride.nl\/de\/gappay-mesh-hondentrainingsvest-air\/","title":{"rendered":"GAPPAY Mesh Hondentrainingsvest AIR"},"content":{"rendered":"<h4>GAPPAY Mesh Hondentrainingsvest AIR<\/h4>\n<p>GAPPAY Mesh Hondentrainingsvest AIR<\/p>\n<p>Unisex hondentrainingsvest dat ideaal is voor de warmere dagen.<\/p>\n<ul>\n<li>Unisex snit<\/li>\n<li>Stevige mesh-stof op de rug en schouders<\/li>\n<li>Kangoeroezak over de hele lengte op het bekken<\/li>\n<li>Stevige YKK-rits in twee richtingen<\/li>\n<li>6 zakken aan de voorkant, twee met ritsen voor waardevolle spullen<\/li>\n<li>Zijzakken kunnen worden vergroot door middel van een ritssluiting<\/li>\n<li>Kortere snit om de heupen vrij te laten bewegen<\/li>\n<li>Ideaal voor warme dagen<\/li>\n<\/ul>\n<p><strong>Verkrijbaar in de kleuren:<\/strong> Zwart, Blauw, Groen en Roze<\/p>\n<p><strong>Erh\u00e4ltlich in den Gr\u00f6\u00dfen:<\/strong> XXS t\/m 3XL<\/p>\n<h5>Gr\u00f6\u00dfentabelle:<\/h5>\n<p><img loading=\"lazy\" decoding=\"async\" class=\"alignnone size-full wp-image-134079\" src=\"https:\/\/dogpride.nl\/wp-content\/uploads\/2554-Masstabelle.jpeg\" alt=\"Maattabel\" width=\"541\" height=\"714\" srcset=\"https:\/\/dogpride.nl\/wp-content\/uploads\/2554-Masstabelle.jpeg 541w, https:\/\/dogpride.nl\/wp-content\/uploads\/2554-Masstabelle-227x300.jpeg 227w, https:\/\/dogpride.nl\/wp-content\/uploads\/2554-Masstabelle-9x12.jpeg 9w, https:\/\/dogpride.nl\/wp-content\/uploads\/2554-Masstabelle-250x330.jpeg 250w, https:\/\/dogpride.nl\/wp-content\/uploads\/2554-Masstabelle-400x528.jpeg 400w\" sizes=\"auto, (max-width: 541px) 100vw, 541px\" \/><\/p>\n<p><a href=\"https:\/\/dogpride.nl\/de\/kleding\/trainingsvesten\/gappay-trainingsvesten\/\"><img loading=\"lazy\" decoding=\"async\" class=\"alignnone\" title=\"GAPPAY Mesh Hondentrainingsvest AIR\" src=\"https:\/\/dogpride.nl\/wp-content\/uploads\/2554-D-150x150.jpg\" alt=\"GAPPAY Mesh Hondentrainingsvest AIR\" width=\"150\" height=\"150\" \/><\/a><\/p>\n<p><a href=\"https:\/\/www.gappay-hundesport.com\/en\" target=\"_blank\" rel=\"noopener\"><img loading=\"lazy\" decoding=\"async\" class=\"alignnone wp-image-142913 size-medium\" src=\"https:\/\/dogpride.nl\/wp-content\/uploads\/gappay_logo-4-300x63.jpg\" alt=\"Logo Gappay\" width=\"300\" height=\"63\" srcset=\"https:\/\/dogpride.nl\/wp-content\/uploads\/gappay_logo-4-300x63.jpg 300w, https:\/\/dogpride.nl\/wp-content\/uploads\/gappay_logo-4-18x4.jpg 18w, https:\/\/dogpride.nl\/wp-content\/uploads\/gappay_logo-4-250x52.jpg 250w, https:\/\/dogpride.nl\/wp-content\/uploads\/gappay_logo-4.jpg 305w\" sizes=\"auto, (max-width: 300px) 100vw, 300px\" \/><\/a><\/p>","protected":false},"excerpt":{"rendered":"<p>GAPPAY Mesh Hondentrainingsvest AIR dat ideaal is voor de warmere dagen. Kangoeroezak over de hele lengte op het bekken. Stevige YKK-rits in twee richtingen. 6 zakken aan de voorkant, twee met ritsen voor waardevolle spullen.<\/p>","protected":false},"featured_media":134080,"template":"","meta":[],"product_brand":[],"product_cat":[3875],"product_tag":[6007,3331,3288,8890,5001,9286,4152,4111],"class_list":{"0":"post-134065","1":"product","2":"type-product","3":"status-publish","4":"has-post-thumbnail","6":"product_cat-gappay-trainingsvesten","7":"product_tag-air","8":"product_tag-gappay","9":"product_tag-honden","10":"product_tag-hondentrainingsvest","11":"product_tag-mesh","12":"product_tag-trainings","13":"product_tag-vest","14":"product_tag-zomer","16":"first","17":"instock","18":"taxable","19":"shipping-taxable","20":"purchasable","21":"product-type-variable"},"mb":[],"mfb_rest_fields":["title"],"_links":{"self":[{"href":"https:\/\/dogpride.nl\/de\/wp-json\/wp\/v2\/product\/134065","targetHints":{"allow":["GET"]}}],"collection":[{"href":"https:\/\/dogpride.nl\/de\/wp-json\/wp\/v2\/product"}],"about":[{"href":"https:\/\/dogpride.nl\/de\/wp-json\/wp\/v2\/types\/product"}],"wp:featuredmedia":[{"embeddable":true,"href":"https:\/\/dogpride.nl\/de\/wp-json\/wp\/v2\/media\/134080"}],"wp:attachment":[{"href":"https:\/\/dogpride.nl\/de\/wp-json\/wp\/v2\/media?parent=134065"}],"wp:term":[{"taxonomy":"product_brand","embeddable":true,"href":"https:\/\/dogpride.nl\/de\/wp-json\/wp\/v2\/product_brand?post=134065"},{"taxonomy":"product_cat","embeddable":true,"href":"https:\/\/dogpride.nl\/de\/wp-json\/wp\/v2\/product_cat?post=134065"},{"taxonomy":"product_tag","embeddable":true,"href":"https:\/\/dogpride.nl\/de\/wp-json\/wp\/v2\/product_tag?post=134065"}],"curies":[{"name":"wp","href":"https:\/\/api.w.org\/{rel}","templated":true}]}}