{"id":134055,"date":"2025-08-06T17:59:09","date_gmt":"2025-08-06T15:59:09","guid":{"rendered":"https:\/\/dogpride.nl\/?post_type=product&#038;p=134055"},"modified":"2025-11-27T12:33:52","modified_gmt":"2025-11-27T11:33:52","slug":"mooria-lijn-reflex-neon-yellow-2","status":"publish","type":"product","link":"https:\/\/dogpride.nl\/de\/mooria-lijn-reflex-neon-yellow-2\/","title":{"rendered":"MOORIA Lijn Reflex Neon Yellow"},"content":{"rendered":"<h4>MOORIA Lijn Reflex Neon Yellow<\/h4>\n<p>MOORIA Lijn Reflex Neon Yellow.<\/p>\n<p>De MOORIA Reflecterende lijnen zijn gemaakt van functionele waterdichte stoffen. De basis is gemaakt van zwaar nylonweefsel dat bedekt is met bedrukte of monochrome softshell-stof.<br \/>\nUnsere Halsb\u00e4nder und Leinen haben die gleiche Funktionalit\u00e4t und Widerstandsf\u00e4higkeit wie beliebte Nylonprodukte; Dar\u00fcber hinaus bieten wir ein attraktives Erscheinungsbild durch eine gro\u00dfe Auswahl an Mustern, Drucken und Farben.<\/p>\n<p><a href=\"https:\/\/dogpride.nl\/de\/lijnen-en-tuigjes-voor-honden\/mooria-hondenlijnen\/\"><img loading=\"lazy\" decoding=\"async\" class=\"alignnone\" title=\"MOORIA Lijn Reflex Neon Yellow\" src=\"https:\/\/dogpride.nl\/wp-content\/uploads\/set1-reflex-neon-yellow-150x150.jpg\" alt=\"MOORIA Lijn Reflex Neon Yellow\" width=\"150\" height=\"150\" \/><\/a><\/p>\n<p>Sie k\u00f6nnen zwischen zwei Arten von Linien w\u00e4hlen: Einzel- und Doppellinien.<br \/>\nEinige Leinen sind 1,3 Meter lang und mit einem Karabiner ausgestattet. Dies sind typische Leinen, die zum Gassigehen mit einem Hund gedacht sind.<br \/>\nDoppelleinen sind 2,6 Meter lang und verf\u00fcgen \u00fcber zwei Karabinerhaken, die zum Gassigehen mit zwei Hunden oder zur individuellen Anpassung der Leinengr\u00f6\u00dfe \u2013 135, 185 und 205 cm \u2013 geeignet sind.<\/p>\n<p>Breiten:<\/p>\n<p>S&gt;1,6 cm<br \/>\nM &gt; 2cm<br \/>\nL &gt; 2,5 cm<\/p>\n<p>Bijpassende halsband:<\/p>\n<p><a href=\"https:\/\/dogpride.nl\/de\/mooria-halsband-reflex-neon-yellow-ii\/\">https:\/\/dogpride.nl\/mooria-halsband-reflex-royal-red-ii\/<\/a><\/p>\n<p>&nbsp;<\/p>\n<p><a href=\"https:\/\/dogpride.nl\/de\/lijnen-en-tuigjes-voor-honden\/mooria-hondenlijnen\/\"><img loading=\"lazy\" decoding=\"async\" class=\"alignnone\" title=\"MOORIA Lijn Reflex Neon Yellow\" src=\"https:\/\/dogpride.nl\/wp-content\/uploads\/set1-reflex-neon-yellow-150x150.jpg\" alt=\"MOORIA Lijn Reflex Neon Yellow\" width=\"150\" height=\"150\" \/><\/a><\/p>\n<p>&nbsp;<\/p>\n<p><a href=\"https:\/\/www.mooria.eu\/\" target=\"_blank\" rel=\"noopener\"><img loading=\"lazy\" decoding=\"async\" class=\"alignnone wp-image-118346 size-full\" title=\"MOORIA Collar Danger \" src=\"https:\/\/dogpride.nl\/wp-content\/uploads\/Logo-MOORIA-2.png\" sizes=\"auto, (max-width: 233px) 100vw, 233px\" srcset=\"https:\/\/dogpride.nl\/wp-content\/uploads\/Logo-MOORIA-2.png 233w, https:\/\/dogpride.nl\/wp-content\/uploads\/Logo-MOORIA-2-18x4.png 18w\" alt=\"MOORIA Collar Danger \" width=\"233\" height=\"53\" \/><\/a><\/p>","protected":false},"excerpt":{"rendered":"<p>Unsere Halsb\u00e4nder und Leinen haben die gleiche Funktionalit\u00e4t und Widerstandsf\u00e4higkeit wie beliebte Nylonprodukte; Dar\u00fcber hinaus bieten wir ein attraktives Erscheinungsbild durch eine gro\u00dfe Auswahl an Mustern, Drucken und Farben.<\/p>","protected":false},"featured_media":134062,"template":"","meta":[],"product_brand":[],"product_cat":[1911],"product_tag":[],"class_list":{"0":"post-134055","1":"product","2":"type-product","3":"status-publish","4":"has-post-thumbnail","6":"product_cat-mooria-hondenlijnen","7":"product_shipping_class-vast-tarief-eu-overig","9":"first","10":"instock","11":"taxable","12":"shipping-taxable","13":"purchasable","14":"product-type-variable"},"mb":[],"mfb_rest_fields":["title"],"_links":{"self":[{"href":"https:\/\/dogpride.nl\/de\/wp-json\/wp\/v2\/product\/134055","targetHints":{"allow":["GET"]}}],"collection":[{"href":"https:\/\/dogpride.nl\/de\/wp-json\/wp\/v2\/product"}],"about":[{"href":"https:\/\/dogpride.nl\/de\/wp-json\/wp\/v2\/types\/product"}],"wp:featuredmedia":[{"embeddable":true,"href":"https:\/\/dogpride.nl\/de\/wp-json\/wp\/v2\/media\/134062"}],"wp:attachment":[{"href":"https:\/\/dogpride.nl\/de\/wp-json\/wp\/v2\/media?parent=134055"}],"wp:term":[{"taxonomy":"product_brand","embeddable":true,"href":"https:\/\/dogpride.nl\/de\/wp-json\/wp\/v2\/product_brand?post=134055"},{"taxonomy":"product_cat","embeddable":true,"href":"https:\/\/dogpride.nl\/de\/wp-json\/wp\/v2\/product_cat?post=134055"},{"taxonomy":"product_tag","embeddable":true,"href":"https:\/\/dogpride.nl\/de\/wp-json\/wp\/v2\/product_tag?post=134055"}],"curies":[{"name":"wp","href":"https:\/\/api.w.org\/{rel}","templated":true}]}}