{"id":132743,"date":"2025-07-01T15:48:17","date_gmt":"2025-07-01T13:48:17","guid":{"rendered":"https:\/\/dogpride.nl\/?post_type=product&#038;p=132743"},"modified":"2026-02-19T13:09:15","modified_gmt":"2026-02-19T12:09:15","slug":"arrak-action-tights-long-men-black","status":"publish","type":"product","link":"https:\/\/dogpride.nl\/de\/arrak-action-tights-long-men-black\/","title":{"rendered":"ARRAK Action Tights Long Men Black"},"content":{"rendered":"<h4>ARRAK Action Tights Long Men Black<\/h4>\n<p>ARRAK Action Tights Long Men Black<\/p>\n<p>Arrak Action panty&#8217;s zijn de perfecte panty&#8217;s voor actieve mensen. Panty&#8217;s voor hardlopen, trainen, enz. Breed elastiek in de taille voor de beste pasvorm. 2 open vakken aan de zijkant om bijv. mobiele telefoon of sleutels in op te bergen. Arrak reflex afdrukken.<br \/>\nDe panty is gemaakt van 74% Nylon\/26% Spandex. Hoge taille.<\/p>\n<ul>\n<li>Hardloop-\/trainingstights<\/li>\n<li>74% Nylon\/26% Spandex<\/li>\n<li>2 open zakken aan de zijkanten<\/li>\n<li>Breed elastiek in de taille<\/li>\n<li>Hoge taille<\/li>\n<\/ul>\n<p>Erh\u00e4ltlich in den Gr\u00f6\u00dfen: S bis 2XL<\/p>\n<h4>Gr\u00f6\u00dfentabelle:<\/h4>\n<p><img loading=\"lazy\" decoding=\"async\" class=\"alignnone size-full wp-image-132756\" src=\"https:\/\/dogpride.nl\/wp-content\/uploads\/men_s_pants-4.jpg\" alt=\"Maattabel\" width=\"822\" height=\"1200\" srcset=\"https:\/\/dogpride.nl\/wp-content\/uploads\/men_s_pants-4.jpg 822w, https:\/\/dogpride.nl\/wp-content\/uploads\/men_s_pants-4-206x300.jpg 206w, https:\/\/dogpride.nl\/wp-content\/uploads\/men_s_pants-4-701x1024.jpg 701w, https:\/\/dogpride.nl\/wp-content\/uploads\/men_s_pants-4-768x1121.jpg 768w, https:\/\/dogpride.nl\/wp-content\/uploads\/men_s_pants-4-8x12.jpg 8w, https:\/\/dogpride.nl\/wp-content\/uploads\/men_s_pants-4-250x365.jpg 250w, https:\/\/dogpride.nl\/wp-content\/uploads\/men_s_pants-4-400x584.jpg 400w\" sizes=\"auto, (max-width: 822px) 100vw, 822px\" \/><\/p>\n<p>&nbsp;<\/p>\n<p><a href=\"https:\/\/arrakoutdoor.com\/\" target=\"_blank\" rel=\"noopener\"><img loading=\"lazy\" decoding=\"async\" class=\"alignnone wp-image-136085 size-full\" src=\"https:\/\/dogpride.nl\/wp-content\/uploads\/Logo-1.jpg\" alt=\"Arrak Quick Dry Pants Woman Navy Blue \" width=\"313\" height=\"137\" srcset=\"https:\/\/dogpride.nl\/wp-content\/uploads\/Logo-1.jpg 313w, https:\/\/dogpride.nl\/wp-content\/uploads\/Logo-1-300x131.jpg 300w, https:\/\/dogpride.nl\/wp-content\/uploads\/Logo-1-18x8.jpg 18w, https:\/\/dogpride.nl\/wp-content\/uploads\/Logo-1-250x109.jpg 250w\" sizes=\"auto, (max-width: 313px) 100vw, 313px\" \/><\/a><\/p>\n<p><a href=\"https:\/\/dogpride.nl\/de\/kleding\/broeken\/arrak-outdoor-broeken\/\"><img loading=\"lazy\" decoding=\"async\" class=\"alignnone\" title=\"ARRAK Action Tights Long Men Black\" src=\"https:\/\/dogpride.nl\/wp-content\/uploads\/23051web_11-150x150.jpg\" alt=\"ARRAK Action Tights Long Men Black\" width=\"150\" height=\"150\" \/><\/a><\/p>","protected":false},"excerpt":{"rendered":"<p>Arrak Action panty&#8217;s zijn de perfecte panty&#8217;s voor actieve mensen. Panty&#8217;s voor hardlopen, trainen, enz. Breed elastiek in de taille voor de beste pasvorm. 2 open vakken aan de zijkant om bijv. mobiele telefoon of sleutels in op te bergen. Arrak reflex afdrukken.<\/p>","protected":false},"featured_media":132754,"template":"","meta":[],"product_brand":[],"product_cat":[24458],"product_tag":[3338,3335,4751,3208,6520,3171,8243],"class_list":{"0":"post-132743","1":"product","2":"type-product","3":"status-publish","4":"has-post-thumbnail","6":"product_cat-arrak-outdoor-heren-broeken","7":"product_tag-action","8":"product_tag-arrak","9":"product_tag-black","10":"product_tag-heren","11":"product_tag-long","12":"product_tag-men","13":"product_tag-tights","15":"first","16":"instock","17":"taxable","18":"shipping-taxable","19":"purchasable","20":"product-type-variable"},"mb":[],"mfb_rest_fields":["title"],"_links":{"self":[{"href":"https:\/\/dogpride.nl\/de\/wp-json\/wp\/v2\/product\/132743","targetHints":{"allow":["GET"]}}],"collection":[{"href":"https:\/\/dogpride.nl\/de\/wp-json\/wp\/v2\/product"}],"about":[{"href":"https:\/\/dogpride.nl\/de\/wp-json\/wp\/v2\/types\/product"}],"wp:featuredmedia":[{"embeddable":true,"href":"https:\/\/dogpride.nl\/de\/wp-json\/wp\/v2\/media\/132754"}],"wp:attachment":[{"href":"https:\/\/dogpride.nl\/de\/wp-json\/wp\/v2\/media?parent=132743"}],"wp:term":[{"taxonomy":"product_brand","embeddable":true,"href":"https:\/\/dogpride.nl\/de\/wp-json\/wp\/v2\/product_brand?post=132743"},{"taxonomy":"product_cat","embeddable":true,"href":"https:\/\/dogpride.nl\/de\/wp-json\/wp\/v2\/product_cat?post=132743"},{"taxonomy":"product_tag","embeddable":true,"href":"https:\/\/dogpride.nl\/de\/wp-json\/wp\/v2\/product_tag?post=132743"}],"curies":[{"name":"wp","href":"https:\/\/api.w.org\/{rel}","templated":true}]}}