{"id":132142,"date":"2025-05-28T11:56:31","date_gmt":"2025-05-28T09:56:31","guid":{"rendered":"https:\/\/dogpride.nl\/?post_type=product&#038;p=132142"},"modified":"2026-02-23T13:08:45","modified_gmt":"2026-02-23T12:08:45","slug":"speed-dogsport-dog-sports-winterjas-luca-l","status":"publish","type":"product","link":"https:\/\/dogpride.nl\/de\/speed-dogsport-dog-sports-winterjas-luca-l\/","title":{"rendered":"Speed Dogsport Dog Sports Winterjas LUCA L"},"content":{"rendered":"<h4>Speed Dogsport Dog Sports Winterjas LUCA L<\/h4>\n<p>Speed Dogsport Dog Sports Winterjas LUCA L<\/p>\n<p><span class=\"aCOpRe\">Hondensport winterjas<\/span><strong><span class=\"aCOpRe\">\u00a0(<\/span><\/strong>anorak) LUCA Unisex van Speed Dogsport\u00ae kenmerkt zich door bijzonder robuust en krasbestendig materiaal en een hoge functionaliteit met draagcomfort.<\/p>\n<p>Praktische en doordachte details maken het onmisbaar voor hondensport en hondenbezitters.<\/p>\n<p><a href=\"https:\/\/dogpride.nl\/de\/\"><img loading=\"lazy\" decoding=\"async\" class=\"alignnone\" title=\"Speed Dogsport Dog Sports Winterjas LUCA L\" src=\"https:\/\/dogpride.nl\/wp-content\/uploads\/hundesport-winterjacke-luca-3.jpg\" alt=\"Speed Dogsport Dog Sports Winterjas LUCA L\" width=\"206\" height=\"206\" \/><\/a><\/p>\n<p>Trainingsjack \/ anorak LUCA ideaal voor het hondenpark, maar het werkt ook geweldig als een overgangstrainingsjas, maar het werkt ook geweldig voor wandelingen. Het is wind- en waterafstotend en heeft een gewatteerde voering om warmteverlies te voorkomen.<\/p>\n<p>Fachmann\u00a0<span class=\"aCOpRe\">hondengeleidersjas in\u00a0<strong>een lange uitvoering<\/strong>\u00a0speciaal voor gebruik op het hondenpark en voor training.<em><br \/>\n<\/em><\/span><\/p>\n<ul>\n<li>Modisches Design<\/li>\n<li>Wind- und wasserabweisend<\/li>\n<li>gestepptes Futter<\/li>\n<li>elastische armtailleband met vingeropening<\/li>\n<li>Capuchon aan de binnenkant met fleece<\/li>\n<li>Verstellbare Taille<\/li>\n<li>Kangoeroezak heup (continu)<\/li>\n<li>Ringen voor riem<\/li>\n<li>Brust 2 Rei\u00dfverschlusstaschen<\/li>\n<li>Ger\u00e4umige Taschen auf der Vorderseite<\/li>\n<li>Gen\u00fcgend Taschen f\u00fcr die notwendigen Trainingsutensilien<\/li>\n<li>hoogwaardige ritsen<\/li>\n<li>kleines Knochen-Accessoire am Rei\u00dfverschluss<\/li>\n<li>Gro\u00dfe Gr\u00f6\u00dfen 3-XL und 4-XL erh\u00e4ltlich<\/li>\n<li>Marke: Speed Dogsport\u00ae<\/li>\n<li>\u00a0Unisex<\/li>\n<li>Material: 100% Polyester<\/li>\n<li>waschbar bei 30 \u00b0C.<\/li>\n<\/ul>\n<p>Leverbaar in de kleuren: Roze<\/p>\n<p>Leverbaar in de maten: S t\/m 4XL<\/p>\n<p>&nbsp;<\/p>\n<p><a href=\"https:\/\/dogpride.nl\/de\/\"><img loading=\"lazy\" decoding=\"async\" class=\"alignnone\" title=\"Speed Dogsport Dog Sports Winterjas LUCA L\" src=\"https:\/\/dogpride.nl\/wp-content\/uploads\/hundesport-winterjacke-luca-3.jpg\" alt=\"Speed Dogsport Dog Sports Winterjas LUCA L\" width=\"206\" height=\"206\" \/><\/a><\/p>\n<h3>Gr\u00f6\u00dfentabelle:<\/h3>\n<p><a href=\"https:\/\/store.dm-motorsport.com\/de\/\" target=\"_blank\" rel=\"noopener\"><img loading=\"lazy\" decoding=\"async\" class=\"alignnone wp-image-114252 size-full\" src=\"https:\/\/dogpride.nl\/wp-content\/uploads\/Tabelle-London-M-1.jpg\" alt=\"Maattabel\" width=\"1146\" height=\"625\" srcset=\"https:\/\/dogpride.nl\/wp-content\/uploads\/Tabelle-London-M-1.jpg 1146w, https:\/\/dogpride.nl\/wp-content\/uploads\/Tabelle-London-M-1-250x136.jpg 250w, https:\/\/dogpride.nl\/wp-content\/uploads\/Tabelle-London-M-1-400x218.jpg 400w, https:\/\/dogpride.nl\/wp-content\/uploads\/Tabelle-London-M-1-300x164.jpg 300w, https:\/\/dogpride.nl\/wp-content\/uploads\/Tabelle-London-M-1-1024x558.jpg 1024w, https:\/\/dogpride.nl\/wp-content\/uploads\/Tabelle-London-M-1-768x419.jpg 768w, https:\/\/dogpride.nl\/wp-content\/uploads\/Tabelle-London-M-1-18x10.jpg 18w\" sizes=\"auto, (max-width: 1146px) 100vw, 1146px\" \/><\/a><\/p>","protected":false},"excerpt":{"rendered":"<p><span class=\"aCOpRe\">Hondensport winterjas<\/span><strong><span class=\"aCOpRe\">\u00a0(<\/span><\/strong>anorak) LUCA Unisex van Speed Dogsport\u00ae kenmerkt zich door bijzonder robuust en krasbestendig materiaal en een hoge functionaliteit met draagcomfort. <strong>Maat L Kleur Zwart-Roze<\/strong><\/p>","protected":false},"featured_media":114246,"template":"","meta":[],"product_brand":[],"product_cat":[5230],"product_tag":[5071,3199,6381,4686,3200],"class_list":{"0":"post-132142","1":"product","2":"type-product","3":"status-publish","4":"has-post-thumbnail","6":"product_cat-sale","7":"product_tag-dog-sports","8":"product_tag-hondensportjas","9":"product_tag-luca","10":"product_tag-speed-dogsport","11":"product_tag-winterjas","12":"product_shipping_class-vast-tarief-eu-overig","14":"first","15":"instock","16":"sale","17":"taxable","18":"shipping-taxable","19":"purchasable","20":"product-type-simple"},"mb":[],"mfb_rest_fields":["title"],"_links":{"self":[{"href":"https:\/\/dogpride.nl\/de\/wp-json\/wp\/v2\/product\/132142","targetHints":{"allow":["GET"]}}],"collection":[{"href":"https:\/\/dogpride.nl\/de\/wp-json\/wp\/v2\/product"}],"about":[{"href":"https:\/\/dogpride.nl\/de\/wp-json\/wp\/v2\/types\/product"}],"wp:featuredmedia":[{"embeddable":true,"href":"https:\/\/dogpride.nl\/de\/wp-json\/wp\/v2\/media\/114246"}],"wp:attachment":[{"href":"https:\/\/dogpride.nl\/de\/wp-json\/wp\/v2\/media?parent=132142"}],"wp:term":[{"taxonomy":"product_brand","embeddable":true,"href":"https:\/\/dogpride.nl\/de\/wp-json\/wp\/v2\/product_brand?post=132142"},{"taxonomy":"product_cat","embeddable":true,"href":"https:\/\/dogpride.nl\/de\/wp-json\/wp\/v2\/product_cat?post=132142"},{"taxonomy":"product_tag","embeddable":true,"href":"https:\/\/dogpride.nl\/de\/wp-json\/wp\/v2\/product_tag?post=132142"}],"curies":[{"name":"wp","href":"https:\/\/api.w.org\/{rel}","templated":true}]}}