{"id":132125,"date":"2025-05-28T11:51:37","date_gmt":"2025-05-28T09:51:37","guid":{"rendered":"https:\/\/dogpride.nl\/?post_type=product&#038;p=132125"},"modified":"2026-02-23T13:09:31","modified_gmt":"2026-02-23T12:09:31","slug":"speed-dogsport-dog-sports-winterjas-duke-xs","status":"publish","type":"product","link":"https:\/\/dogpride.nl\/de\/speed-dogsport-dog-sports-winterjas-duke-xs\/","title":{"rendered":"Speed Dogsport Dog Sports Winterjas DUKE XS"},"content":{"rendered":"<h4>Speed Dogsport Dog Sports Winterjas DUKE XS<\/h4>\n<p>Speed Dogsport Dog Sports Winterjas DUKE XS<\/p>\n<h3><span class=\"aCOpRe\">Dog Sports Winterjas<\/span><span class=\"aCOpRe\">\u00a0DUKE<\/span>\u00a0Unisex van Speed Dogsport\u00ae<\/h3>\n<p><strong>Short cut voor maximale bewegingsvrijheid!<\/strong><\/p>\n<p><a href=\"https:\/\/dogpride.nl\/de\/\"><img loading=\"lazy\" decoding=\"async\" class=\"alignnone\" title=\"Speed Dogsport Dog Sports Winterjas DUKE XS\" src=\"https:\/\/dogpride.nl\/wp-content\/uploads\/hundesport-winterjacke-duke-1-150x150.jpg\" alt=\"Speed Dogsport Dog Sports Winterjas DUKE XS\" width=\"150\" height=\"150\" \/><\/a><\/p>\n<p>Praktische en doordachte details maken ze onmisbaar voor hondensport en hondenbezitters.<\/p>\n<p>\u2713 Hondensport- en geleiderjas als winterjas ideaal voor training op het hondenpark!<\/p>\n<dl class=\"data-sheet\">\n<dt class=\"name\">\u2713 ademend<\/dt>\n<\/dl>\n<p>DUKE trainingsjack met extra short cut voor maximale bewegingsvrijheid op het hondenpark. Het is wind- en waterafstotend en heeft een gewatteerde binnenvoering om warmteverlies te voorkomen.<\/p>\n<p>Fachmann\u00a0<span class=\"aCOpRe\">hondengeleidersjas in\u00a0<strong>kurze Version<\/strong>\u00a0speciaal voor gebruik op het hondenpark en voor training.<em><br \/>\n<\/em><\/span><\/p>\n<ul>\n<li>Modisches Design<\/li>\n<li>Wind- und wasserabweisend<\/li>\n<li>Gewatteerde voering<\/li>\n<li>Elastische pols tailleband met vingeropening<\/li>\n<li>Capuchon aan de binnenkant met fleece<\/li>\n<li>Taille verstellbar<\/li>\n<li>Kangoeroezak heup (volledige lengte)<\/li>\n<li>Ringen voor riem<\/li>\n<li>Brust 2 Rei\u00dfverschlusstaschen<\/li>\n<li>Ger\u00e4umige Taschen auf der Vorderseite<\/li>\n<li>Genoeg zakken om het nodige trainingsgerei in op te bergen<\/li>\n<li>Hoogwaardige ritsen<\/li>\n<li>Kleines Knochen-Accessoire am Rei\u00dfverschluss<\/li>\n<li>Gro\u00dfe Gr\u00f6\u00dfen 3-XL und 4-XL erh\u00e4ltlich<\/li>\n<li>Marke: Speed Dogsport\u00ae<\/li>\n<li>Basiskleur: Zwart\/Roze<\/li>\n<li>Applique: Borduurwerk (MADEIRA borduurgaren)<\/li>\n<li>Unisex<\/li>\n<li>Material: 100%-Polyester<\/li>\n<li>waschbar bei 30 \u00b0C.<\/li>\n<\/ul>\n<p><a href=\"https:\/\/store.dm-motorsport.com\/de\/\" target=\"_blank\" rel=\"noopener\"><img loading=\"lazy\" decoding=\"async\" class=\"alignnone\" src=\"https:\/\/dogpride.nl\/wp-content\/uploads\/hundesport-winterjacke-duke-1-150x150.jpg\" alt=\"Speed Dogsport Dog Sports Winterjas DUKE pink\" width=\"150\" height=\"150\" \/><\/a><\/p>\n<h3>Gr\u00f6\u00dfentabelle:<\/h3>\n<p><img loading=\"lazy\" decoding=\"async\" class=\"alignnone wp-image-114748 size-large\" src=\"https:\/\/dogpride.nl\/wp-content\/uploads\/Maattabel-Duke-1024x724.jpg\" alt=\"Maattabel\" width=\"1024\" height=\"724\" srcset=\"https:\/\/dogpride.nl\/wp-content\/uploads\/Maattabel-Duke-1024x724.jpg 1024w, https:\/\/dogpride.nl\/wp-content\/uploads\/Maattabel-Duke-250x177.jpg 250w, https:\/\/dogpride.nl\/wp-content\/uploads\/Maattabel-Duke-400x283.jpg 400w, https:\/\/dogpride.nl\/wp-content\/uploads\/Maattabel-Duke-300x212.jpg 300w, https:\/\/dogpride.nl\/wp-content\/uploads\/Maattabel-Duke-768x543.jpg 768w, https:\/\/dogpride.nl\/wp-content\/uploads\/Maattabel-Duke-1536x1086.jpg 1536w, https:\/\/dogpride.nl\/wp-content\/uploads\/Maattabel-Duke-18x12.jpg 18w, https:\/\/dogpride.nl\/wp-content\/uploads\/Maattabel-Duke.jpg 1754w\" sizes=\"auto, (max-width: 1024px) 100vw, 1024px\" \/><\/p>\n<p>&nbsp;<\/p>","protected":false},"excerpt":{"rendered":"<p>DUKE trainingsjack met extra short cut voor maximale bewegingsvrijheid op het hondenpark. Het is wind- en waterafstotend en heeft een gewatteerde binnen voering om warmteverlies te voorkomen. <strong>Maat XS. Kleur Zwart-Roze<\/strong><\/p>","protected":false},"featured_media":114719,"template":"","meta":[],"product_brand":[],"product_cat":[5230],"product_tag":[5071,6422,3199,4782,4686,3200],"class_list":{"0":"post-132125","1":"product","2":"type-product","3":"status-publish","4":"has-post-thumbnail","6":"product_cat-sale","7":"product_tag-dog-sports","8":"product_tag-duke","9":"product_tag-hondensportjas","10":"product_tag-kort","11":"product_tag-speed-dogsport","12":"product_tag-winterjas","13":"product_shipping_class-vast-tarief-eu-overig","15":"first","16":"instock","17":"sale","18":"taxable","19":"shipping-taxable","20":"purchasable","21":"product-type-simple"},"mb":[],"mfb_rest_fields":["title"],"_links":{"self":[{"href":"https:\/\/dogpride.nl\/de\/wp-json\/wp\/v2\/product\/132125","targetHints":{"allow":["GET"]}}],"collection":[{"href":"https:\/\/dogpride.nl\/de\/wp-json\/wp\/v2\/product"}],"about":[{"href":"https:\/\/dogpride.nl\/de\/wp-json\/wp\/v2\/types\/product"}],"wp:featuredmedia":[{"embeddable":true,"href":"https:\/\/dogpride.nl\/de\/wp-json\/wp\/v2\/media\/114719"}],"wp:attachment":[{"href":"https:\/\/dogpride.nl\/de\/wp-json\/wp\/v2\/media?parent=132125"}],"wp:term":[{"taxonomy":"product_brand","embeddable":true,"href":"https:\/\/dogpride.nl\/de\/wp-json\/wp\/v2\/product_brand?post=132125"},{"taxonomy":"product_cat","embeddable":true,"href":"https:\/\/dogpride.nl\/de\/wp-json\/wp\/v2\/product_cat?post=132125"},{"taxonomy":"product_tag","embeddable":true,"href":"https:\/\/dogpride.nl\/de\/wp-json\/wp\/v2\/product_tag?post=132125"}],"curies":[{"name":"wp","href":"https:\/\/api.w.org\/{rel}","templated":true}]}}