{"id":132087,"date":"2025-05-28T11:03:13","date_gmt":"2025-05-28T09:03:13","guid":{"rendered":"https:\/\/dogpride.nl\/?post_type=product&#038;p=132087"},"modified":"2026-02-23T13:10:04","modified_gmt":"2026-02-23T12:10:04","slug":"speed-dogsport-trainingsvest-liverpool-maat-2xl","status":"publish","type":"product","link":"https:\/\/dogpride.nl\/de\/speed-dogsport-trainingsvest-liverpool-maat-2xl\/","title":{"rendered":"SPEED-DOGSPORT trainingsvest Liverpool Maat 2XL"},"content":{"rendered":"<h4>SPEED-DOGSPORT trainingsvest Liverpool Maat 2XL<\/h4>\n<p>SPEED-DOGSPORT trainingsvest Liverpool Maat 2XL<\/p>\n<p>SPEED-DOGSPORT trainingsvest Liverpool Maat 2XL . Het Speed \u200b\u200bDogsport hondensport- en vrijetijdsvest Liverpool wordt gekenmerkt door bijzonder robuust en krasbestendig materiaal en hoge functionaliteit met comfort. De praktische en doordachte details maken ze onmisbaar voor hondensport en hondenbezitters.<\/p>\n<p><a href=\"https:\/\/dogpride.nl\/de\/\"><img loading=\"lazy\" decoding=\"async\" class=\"alignnone\" title=\"SPEED-DOGSPORT trainingsvest Liverpool Maat 2XL\" src=\"https:\/\/dogpride.nl\/wp-content\/uploads\/dog-sports-vest-liverpool-1.webp\" alt=\"SPEED-DOGSPORT trainingsvest Liverpool Maat 2XL\" width=\"132\" height=\"132\" \/><\/a><\/p>\n<h4>Het gebruikte materiaal is zeer goed licht reflecterend dat als toepassing heeft om uw passieve veiligheid te vergroten er altijd voor zorgt dat u goed herkend wordt in het donker.<\/h4>\n<ul>\n<li>Hundesport- und Freizeitweste mit Halsband<\/li>\n<li>Abnehmbare Kapuze<\/li>\n<li>Wasserabweisend und kratzfest<\/li>\n<li>Modisches Aussehen<\/li>\n<li>Hoher Tragekomfort<\/li>\n<li>Verschlei\u00dffestes Material<\/li>\n<li>Zur\u00fcck mit Bel\u00fcftung<\/li>\n<li>Bequemes und modernes Mesh-Futter<\/li>\n<li>Verstellbarer Saum<\/li>\n<li>2 Brusttaschen mit Rei\u00dfverschluss f\u00fcr Handy, Portemonnaie etc.<\/li>\n<li>K\u00e4ngurutasche auf der R\u00fcckseite (durchgehend)<\/li>\n<li>Ger\u00e4umige Taschen auf der Vorderseite<\/li>\n<li>Genug Taschen, um die notwendige Trainingsausr\u00fcstung zu transportieren<\/li>\n<li>Ring f\u00fcr Leine<\/li>\n<li>Hochwertige YKK-Rei\u00dfverschl\u00fcsse<\/li>\n<li>Kleines Knochen-Accessoire am Rei\u00dfverschluss<\/li>\n<\/ul>\n<p>Verkrijgbaar in de kleuren: Geel\/Zwart<\/p>\n<p><a href=\"https:\/\/store.dm-motorsport.com\/de\/\" target=\"_blank\" rel=\"noopener\"><img loading=\"lazy\" decoding=\"async\" class=\"alignnone\" title=\"SPEED-DOGSPORT trainingsvest Liverpool Maat 2XL\" src=\"https:\/\/dogpride.nl\/wp-content\/uploads\/dog-sports-vest-liverpool-1.webp\" alt=\"SPEED-DOGSPORT trainingsvest Liverpool Maat 2XL\" width=\"132\" height=\"132\" \/><\/a><\/p>\n<p>Maten: 2XL<\/p>\n<p>Material: 80% Nylon-Twill * | 20%-Polyester<br \/>\nWaschbar bei 30\u00b0C.<\/p>\n<p>* Nylon-Twill = Der Stoff ist mit einer Kette aus Nylon (gl\u00e4nzend und matt) und mit Taslan behandeltem Nylon mit einer extrem dichten Struktur f\u00fcr h\u00f6here Haltbarkeit und Abriebfestigkeit gewebt.<\/p>\n<p><strong>Gr\u00f6\u00dfentabelle:<\/strong><\/p>\n<p><img loading=\"lazy\" decoding=\"async\" class=\"alignnone wp-image-75310 size-large\" src=\"https:\/\/www.dogpride.nl\/wp-content\/uploads\/Maattabel-Bristol-1024x726.jpg\" alt=\"\" width=\"1024\" height=\"726\" srcset=\"https:\/\/dogpride.nl\/wp-content\/uploads\/Maattabel-Bristol-1024x726.jpg 1024w, https:\/\/dogpride.nl\/wp-content\/uploads\/Maattabel-Bristol-250x177.jpg 250w, https:\/\/dogpride.nl\/wp-content\/uploads\/Maattabel-Bristol-400x284.jpg 400w, https:\/\/dogpride.nl\/wp-content\/uploads\/Maattabel-Bristol-300x214.jpg 300w, https:\/\/dogpride.nl\/wp-content\/uploads\/Maattabel-Bristol-768x545.jpg 768w, https:\/\/dogpride.nl\/wp-content\/uploads\/Maattabel-Bristol-200x142.jpg 200w, https:\/\/dogpride.nl\/wp-content\/uploads\/Maattabel-Bristol-600x425.jpg 600w, https:\/\/dogpride.nl\/wp-content\/uploads\/Maattabel-Bristol-800x567.jpg 800w, https:\/\/dogpride.nl\/wp-content\/uploads\/Maattabel-Bristol.jpg 1114w\" sizes=\"auto, (max-width: 1024px) 100vw, 1024px\" \/><\/p>\n<p>Speed \u200b\u200bDogsport\u00ae die neue Marke rund um den Hundesport. Outdoor- und Hundesportbekleidung, Hundezubeh\u00f6r, Spielzeug, Vereinsbedarf und vieles mehr!<br \/>\nSpeed-Dogsport vom Hersteller der Marke Speed-Racewear, seit mehr als 20 Jahren bekannt und erfolgreich am Markt als Hersteller von Motorsport- und Kart-Bekleidung.<br \/>\nInnovative und funktionelle Bekleidung von Hundesportlern f\u00fcr Hundesportler. Unsere Produkte wurden in enger Zusammenarbeit mit Hundetrainern und Hundesportlern entwickelt und bereits ausgiebig auf Hunderennbahnen und bei Freizeitaktivit\u00e4ten getestet.<br \/>\nWeitere Produkte sind in Planung und werden in K\u00fcrze in unseren Shop aufgenommen.<\/p>\n<p><img loading=\"lazy\" decoding=\"async\" class=\"alignnone size-medium wp-image-75332\" src=\"https:\/\/www.dogpride.nl\/wp-content\/uploads\/Logo-Speed-dogsport-300x116.jpg\" alt=\"\" width=\"300\" height=\"116\" srcset=\"https:\/\/dogpride.nl\/wp-content\/uploads\/Logo-Speed-dogsport-300x116.jpg 300w, https:\/\/dogpride.nl\/wp-content\/uploads\/Logo-Speed-dogsport-250x96.jpg 250w, https:\/\/dogpride.nl\/wp-content\/uploads\/Logo-Speed-dogsport-320x124.jpg 320w, https:\/\/dogpride.nl\/wp-content\/uploads\/Logo-Speed-dogsport-200x77.jpg 200w, https:\/\/dogpride.nl\/wp-content\/uploads\/Logo-Speed-dogsport.jpg 322w\" sizes=\"auto, (max-width: 300px) 100vw, 300px\" \/><\/p>\n<p>&nbsp;<\/p>\n<p><a href=\"https:\/\/devrolijkekwispel.nl\/\" target=\"_blank\" rel=\"noopener\">Dogpride NL sponsert Kelly Albers<\/a><\/p>\n<p><em>Ich (Kelly Albers) bin seit 2015 im Tierbereich t\u00e4tig. Nach mehreren Ausbildungen, langj\u00e4hriger Erfahrung im Hundesport und langj\u00e4hriger T\u00e4tigkeit bei verschiedenen Tierbetrieben.<\/em><br \/>\n<em>Im Mai 2018 erreichte ich den H\u00f6hepunkt meiner Hundesportkarriere. Ich wurde WDSF-Weltmeister in der Klasse ipo2 und nahm anschlie\u00dfend an der niederl\u00e4ndischen Meisterschaft aller Rassen teil.<\/em><\/p>","protected":false},"excerpt":{"rendered":"<p>SPEED-DOGSPORT trainingsvest Liverpool Maat 2XL. Speed \u200b\u200bDogsport hondensport- en vrijetijdsvest BRISTOL wordt gekenmerkt door bijzonder robuust en krasbestendig materiaal en hoge functionaliteit met comfort. <strong>Maat 2XL Kleur Geel-Zwart<\/strong><\/p>","protected":false},"featured_media":132088,"template":"","meta":[],"product_brand":[],"product_cat":[5230],"product_tag":[],"class_list":{"0":"post-132087","1":"product","2":"type-product","3":"status-publish","4":"has-post-thumbnail","6":"product_cat-sale","7":"product_shipping_class-vast-tarief-eu-overig","9":"first","10":"instock","11":"sale","12":"taxable","13":"shipping-taxable","14":"purchasable","15":"product-type-simple"},"mb":[],"mfb_rest_fields":["title"],"_links":{"self":[{"href":"https:\/\/dogpride.nl\/de\/wp-json\/wp\/v2\/product\/132087","targetHints":{"allow":["GET"]}}],"collection":[{"href":"https:\/\/dogpride.nl\/de\/wp-json\/wp\/v2\/product"}],"about":[{"href":"https:\/\/dogpride.nl\/de\/wp-json\/wp\/v2\/types\/product"}],"wp:featuredmedia":[{"embeddable":true,"href":"https:\/\/dogpride.nl\/de\/wp-json\/wp\/v2\/media\/132088"}],"wp:attachment":[{"href":"https:\/\/dogpride.nl\/de\/wp-json\/wp\/v2\/media?parent=132087"}],"wp:term":[{"taxonomy":"product_brand","embeddable":true,"href":"https:\/\/dogpride.nl\/de\/wp-json\/wp\/v2\/product_brand?post=132087"},{"taxonomy":"product_cat","embeddable":true,"href":"https:\/\/dogpride.nl\/de\/wp-json\/wp\/v2\/product_cat?post=132087"},{"taxonomy":"product_tag","embeddable":true,"href":"https:\/\/dogpride.nl\/de\/wp-json\/wp\/v2\/product_tag?post=132087"}],"curies":[{"name":"wp","href":"https:\/\/api.w.org\/{rel}","templated":true}]}}