{"id":131867,"date":"2025-05-25T19:32:29","date_gmt":"2025-05-25T17:32:29","guid":{"rendered":"https:\/\/dogpride.nl\/?post_type=product&#038;p=131867"},"modified":"2026-02-23T13:15:05","modified_gmt":"2026-02-23T12:15:05","slug":"owney-outdoor-dog-sport-vest-women-xxl","status":"publish","type":"product","link":"https:\/\/dogpride.nl\/de\/owney-outdoor-dog-sport-vest-women-xxl\/","title":{"rendered":"Owney Outdoor Dog Sport Vest Women XXL"},"content":{"rendered":"<h4>Owney Outdoor Dog Sport Vest Women XXL<\/h4>\n<p>Owney Outdoor Dog Sport Vest Women XXL<\/p>\n<p>Damen-Hundesportweste mit 6 Vordertaschen, gro\u00dfer Dummy-R\u00fcckentasche und zus\u00e4tzlicher Rei\u00dfverschluss-R\u00fcckentasche, 2 D-Ringen zum Anbringen weiterer Ausr\u00fcstung, Klettverschluss zum Anbringen eines Namensschilds oder Logos, Reflektoren vorne und hinten.<\/p>\n<p><a href=\"https:\/\/dogpride.nl\/de\/\"><img loading=\"lazy\" decoding=\"async\" class=\"alignnone\" title=\"Owney Outdoor Dog Sport Vest Women XXL\" src=\"https:\/\/dogpride.nl\/wp-content\/uploads\/18668_3i_600x600@2x.jpg\" alt=\"Owney Outdoor Dog Sport Vest Women XXL\" width=\"422\" height=\"281\" \/><\/a><\/p>\n<ul class=\"product--base-info list--unstyled\">\n<li class=\"base-info--entry entry-attribute\"><strong class=\"entry--label\">Material:<\/strong>\u00a0<span class=\"entry--content\">Oberstoff 65% Polyester, 35% Baumwolle \/ Futter 100% Polyester<\/span><\/li>\n<\/ul>\n<p>Die gemeinsame Zeit in der Natur ist ein wichtiger Teil des Zusammenlebens von Mensch und Hund!<br \/>\nOWNEY OUTDOOR bietet das ganze Jahr \u00fcber und f\u00fcr jedes Wetter zuverl\u00e4ssige und innovative Produkte f\u00fcr diese kostbare Zeit.<\/p>\n<p><strong>Gr\u00f6\u00dfentabelle:<\/strong><\/p>\n<p><img loading=\"lazy\" decoding=\"async\" class=\"alignnone size-full wp-image-92595\" src=\"https:\/\/www.dogpride.nl\/wp-content\/uploads\/DogSportVestwomen.jpg\" alt=\"Maattabel\" width=\"682\" height=\"646\" srcset=\"https:\/\/dogpride.nl\/wp-content\/uploads\/DogSportVestwomen.jpg 682w, https:\/\/dogpride.nl\/wp-content\/uploads\/DogSportVestwomen-250x237.jpg 250w, https:\/\/dogpride.nl\/wp-content\/uploads\/DogSportVestwomen-400x379.jpg 400w, https:\/\/dogpride.nl\/wp-content\/uploads\/DogSportVestwomen-300x284.jpg 300w, https:\/\/dogpride.nl\/wp-content\/uploads\/DogSportVestwomen-200x189.jpg 200w, https:\/\/dogpride.nl\/wp-content\/uploads\/DogSportVestwomen-600x568.jpg 600w\" sizes=\"auto, (max-width: 682px) 100vw, 682px\" \/><\/p>\n<p><a href=\"https:\/\/dogpride.nl\/de\/\"><img loading=\"lazy\" decoding=\"async\" class=\"alignnone\" title=\"Owney Outdoor Dog Sport Vest Women XXL\" src=\"https:\/\/dogpride.nl\/wp-content\/uploads\/18668_3i_600x600@2x.jpg\" alt=\"Owney Outdoor Dog Sport Vest Women XXL\" width=\"422\" height=\"281\" \/><\/a><\/p>\n<p>&nbsp;<\/p>\n<p><a href=\"https:\/\/owney.de\/\" target=\"_blank\" rel=\"noopener\"><img loading=\"lazy\" decoding=\"async\" class=\"TZ--description-logo2 alignnone\" src=\"https:\/\/owney.de\/media\/logo.png\" alt=\"\" width=\"139\" height=\"66\" \/><\/a><\/p>","protected":false},"excerpt":{"rendered":"<p>Dames hondensportvest met 6 voorzakken, enorme dummy achterzak en extra achterzak met rits, 2 D-ringen voor het bevestigen van meer uitrusting, klittenband voor het bevestigen van een naam plaatje of logo, voor- en achter reflectoren.<\/p>\n<p><strong>Kleur-Antraciet. Maat XXL<\/strong><\/p>","protected":false},"featured_media":131892,"template":"","meta":[],"product_brand":[],"product_cat":[5230],"product_tag":[6423,24575],"class_list":{"0":"post-131867","1":"product","2":"type-product","3":"status-publish","4":"has-post-thumbnail","6":"product_cat-sale","7":"product_tag-owney","8":"product_tag-xxl","9":"product_shipping_class-vast-tarief-eu-overig","11":"first","12":"instock","13":"sale","14":"taxable","15":"shipping-taxable","16":"purchasable","17":"product-type-simple"},"mb":[],"mfb_rest_fields":["title"],"_links":{"self":[{"href":"https:\/\/dogpride.nl\/de\/wp-json\/wp\/v2\/product\/131867","targetHints":{"allow":["GET"]}}],"collection":[{"href":"https:\/\/dogpride.nl\/de\/wp-json\/wp\/v2\/product"}],"about":[{"href":"https:\/\/dogpride.nl\/de\/wp-json\/wp\/v2\/types\/product"}],"wp:featuredmedia":[{"embeddable":true,"href":"https:\/\/dogpride.nl\/de\/wp-json\/wp\/v2\/media\/131892"}],"wp:attachment":[{"href":"https:\/\/dogpride.nl\/de\/wp-json\/wp\/v2\/media?parent=131867"}],"wp:term":[{"taxonomy":"product_brand","embeddable":true,"href":"https:\/\/dogpride.nl\/de\/wp-json\/wp\/v2\/product_brand?post=131867"},{"taxonomy":"product_cat","embeddable":true,"href":"https:\/\/dogpride.nl\/de\/wp-json\/wp\/v2\/product_cat?post=131867"},{"taxonomy":"product_tag","embeddable":true,"href":"https:\/\/dogpride.nl\/de\/wp-json\/wp\/v2\/product_tag?post=131867"}],"curies":[{"name":"wp","href":"https:\/\/api.w.org\/{rel}","templated":true}]}}