{"id":131755,"date":"2025-05-25T17:01:58","date_gmt":"2025-05-25T15:01:58","guid":{"rendered":"https:\/\/dogpride.nl\/?post_type=product&#038;p=131755"},"modified":"2026-02-23T13:23:56","modified_gmt":"2026-02-23T12:23:56","slug":"dogger-winterhoodie-heren-blauw-l","status":"publish","type":"product","link":"https:\/\/dogpride.nl\/de\/dogger-winterhoodie-heren-blauw-l\/","title":{"rendered":"DOGGER Winterhoodie Heren Blauw L"},"content":{"rendered":"<h4>DOGGER Winterhoodie Heren Blauw L<\/h4>\n<p>DOGGER Winterhoodie Heren Blauw L<\/p>\n<div id=\"description-tab-pane\" class=\"tab-pane fade show active\" role=\"tabpanel\" aria-labelledby=\"description-tab\">\n<div class=\"offcanvas-content-container\">\n<div class=\"product-detail-description tab-pane-container\">\n<div class=\"product-detail-description-text\">\n<p><strong>Dogger winter hoodie mannen met donzige warme voering in de mouwen tot aan de manchetten.<br \/>\nZus\u00e4tzliche Ges\u00e4\u00dftasche bietet mehr Stauraum.<\/strong><\/p>\n<\/div>\n<p><a href=\"https:\/\/dogpride.nl\/de\/\"><img loading=\"lazy\" decoding=\"async\" class=\"alignnone\" title=\"DOGGER Winterhoodie Heren Blauw L\" src=\"https:\/\/dogpride.nl\/wp-content\/uploads\/1974_4.png\" alt=\"DOGGER Winterhoodie Heren Blauw L\" width=\"272\" height=\"272\" \/><\/a><\/p>\n<div class=\"product-detail-description-text\">\n<p>Material: \u2013 Oberstoff: 65 % Baumwolle, 35 % Polyester<br \/>\n- Beschichtung:<br \/>\n100 % Polyester<\/p>\n<p><strong>Farbe:<\/strong> Braun<\/p>\n<p><strong>Erh\u00e4ltlich in den Gr\u00f6\u00dfen:<\/strong> L<\/p>\n<p><strong>Sorge:<\/strong>\u00a0Waschbar bei 30 Grad und b\u00fcgelbar auf Stufe eins (110 Grad). Nicht trocknergeeignet.<\/p>\n<p><a href=\"https:\/\/dogpride.nl\/de\/\"><img loading=\"lazy\" decoding=\"async\" class=\"alignnone\" title=\"DOGGER Winterhoodie Heren Blauw L\" src=\"https:\/\/dogpride.nl\/wp-content\/uploads\/1974_4.png\" alt=\"DOGGER Winterhoodie Heren Blauw L\" width=\"272\" height=\"272\" \/><\/a><\/p>\n<\/div>\n<\/div>\n<\/div>\n<\/div>\n<h3>Gr\u00f6\u00dfentabelle:<\/h3>\n<div id=\"technische-daten-tab-pane\" class=\"tab-pane fade show active\" role=\"tabpanel\" aria-labelledby=\"technische-daten-tab\">\n<table border=\"1\" cellspacing=\"2\" cellpadding=\"2\">\n<tbody>\n<tr>\n<td>Gr\u00f6\u00dfe<\/td>\n<td>R\u00fcckenl\u00e4nge<\/td>\n<td>Oberweite<\/td>\n<\/tr>\n<tr>\n<td>XS<\/td>\n<td>68 cm<\/td>\n<td>114 cm<\/td>\n<\/tr>\n<tr>\n<td>S<\/td>\n<td>70 cm<\/td>\n<td>118cm<\/td>\n<\/tr>\n<tr>\n<td>M<\/td>\n<td>72 cm<\/td>\n<td>122cm<\/td>\n<\/tr>\n<tr>\n<td>L<\/td>\n<td>74 cm<\/td>\n<td>126 cm<\/td>\n<\/tr>\n<tr>\n<td>XL<\/td>\n<td>76 cm<\/td>\n<td>130 cm<\/td>\n<\/tr>\n<tr>\n<td>2XL<\/td>\n<td>78 cm<\/td>\n<td>134 cm<\/td>\n<\/tr>\n<tr>\n<td>3XL<\/td>\n<td>80 cm<\/td>\n<td>138cm<\/td>\n<\/tr>\n<\/tbody>\n<\/table>\n<p><a href=\"https:\/\/dogpride.nl\/de\/sale\/?product-page=2\"><img loading=\"lazy\" decoding=\"async\" class=\"alignnone\" title=\"DOGGER Winterhoodie Heren Blauw L\" src=\"https:\/\/dogpride.nl\/wp-content\/uploads\/1974_4-150x150.png\" alt=\"DOGGER Winterhoodie Heren Blauw L\" width=\"150\" height=\"150\" \/><\/a><\/p>\n<p><span style=\"color: #ffffff;\"><a style=\"color: #ffffff;\" href=\"https:\/\/www.dogger.ch\/en?srsltid=AfmBOorIP2egpomlEo1h-zO4F8QsItra6Ti6GiovUIKiRr7_4Kj8vLi0\" target=\"_blank\" rel=\"noopener\">https:\/\/www.dogger.ch\/en?srsltid=AfmBOorIP2egpomlEo1h-zO4F8QsItra6Ti6GiovUIKiRr7_4Kj8vLi0<\/a><\/span><\/p>\n<\/div>","protected":false},"excerpt":{"rendered":"<p>Dogger Winter-Hoodie Herren mit flauschigem Warmfutter in den \u00c4rmeln bis zu den B\u00fcndchen. Zus\u00e4tzliche Ges\u00e4\u00dftasche bietet mehr Stauraum. <strong>Kleur nachtblauw. Maat L<\/strong><\/p>\n<p style=\"text-align: center;\"><span style=\"color: #ff0000;\"><strong>Producten in de Sale kunnen niet worden geretourneerd!<\/strong><\/span><\/p>","protected":false},"featured_media":131763,"template":"","meta":[],"product_brand":[],"product_cat":[5230],"product_tag":[5392,5384,5387,3208,5385],"class_list":{"0":"post-131755","1":"product","2":"type-product","3":"status-publish","4":"has-post-thumbnail","6":"product_cat-sale","7":"product_tag-bruin","8":"product_tag-dogger","9":"product_tag-donkerblauw","10":"product_tag-heren","11":"product_tag-winterhoodie","12":"product_shipping_class-vast-tarief-eu-overig","14":"first","15":"instock","16":"sale","17":"taxable","18":"shipping-taxable","19":"purchasable","20":"product-type-simple"},"mb":[],"mfb_rest_fields":["title"],"_links":{"self":[{"href":"https:\/\/dogpride.nl\/de\/wp-json\/wp\/v2\/product\/131755","targetHints":{"allow":["GET"]}}],"collection":[{"href":"https:\/\/dogpride.nl\/de\/wp-json\/wp\/v2\/product"}],"about":[{"href":"https:\/\/dogpride.nl\/de\/wp-json\/wp\/v2\/types\/product"}],"wp:featuredmedia":[{"embeddable":true,"href":"https:\/\/dogpride.nl\/de\/wp-json\/wp\/v2\/media\/131763"}],"wp:attachment":[{"href":"https:\/\/dogpride.nl\/de\/wp-json\/wp\/v2\/media?parent=131755"}],"wp:term":[{"taxonomy":"product_brand","embeddable":true,"href":"https:\/\/dogpride.nl\/de\/wp-json\/wp\/v2\/product_brand?post=131755"},{"taxonomy":"product_cat","embeddable":true,"href":"https:\/\/dogpride.nl\/de\/wp-json\/wp\/v2\/product_cat?post=131755"},{"taxonomy":"product_tag","embeddable":true,"href":"https:\/\/dogpride.nl\/de\/wp-json\/wp\/v2\/product_tag?post=131755"}],"curies":[{"name":"wp","href":"https:\/\/api.w.org\/{rel}","templated":true}]}}