{"id":131741,"date":"2025-05-24T12:34:29","date_gmt":"2025-05-24T10:34:29","guid":{"rendered":"https:\/\/dogpride.nl\/?post_type=product&#038;p=131741"},"modified":"2026-02-23T13:24:59","modified_gmt":"2026-02-23T12:24:59","slug":"gappay-trainingsvest-profi-unisex-s","status":"publish","type":"product","link":"https:\/\/dogpride.nl\/de\/gappay-trainingsvest-profi-unisex-s\/","title":{"rendered":"GAPPAY Trainingsvest PROFI Unisex S"},"content":{"rendered":"<h4>GAPPAY Trainingsvest PROFI Unisex S<\/h4>\n<p>GAPPAY Trainingsvest PROFI Unisex S<\/p>\n<p><a href=\"https:\/\/dogpride.nl\/de\/\"><img loading=\"lazy\" decoding=\"async\" class=\"alignnone\" title=\"GAPPAY Trainingsvest PROFI Unisex S\" src=\"https:\/\/dogpride.nl\/wp-content\/uploads\/3235-60ffefbe45b39.jpg\" alt=\"GAPPAY Trainingsvest PROFI Unisex S\" width=\"155\" height=\"155\" \/><\/a><\/p>\n<ul>\n<li>Die Weste besteht aus leichtem Nylonmaterial<br \/>\nSehr gut gemacht<br \/>\nAngenehm zu tragen<br \/>\nHat ger\u00e4umige Taschen<br \/>\nEine gro\u00dfe K\u00e4ngurutasche an der H\u00fcfte<br \/>\nZwei verschlie\u00dfbare Brusttaschen<br \/>\nRing am Becken f\u00fcr den G\u00fcrtel<br \/>\nEine gro\u00dfe, durchgehende Tasche am Ges\u00e4\u00df<br \/>\nDank spezieller Ecken sind die Taschen leicht zug\u00e4nglich<br \/>\nH\u00f6here Qualit\u00e4t<br \/>\nNeue Rei\u00dfverschl\u00fcsse<br \/>\nVerbesserte Materialien<br \/>\nViele ger\u00e4umige Taschen auf der Vorderseite<br \/>\nAbschlie\u00dfbare Brusttaschen<br \/>\nSehr verschlei\u00dffestes Material<br \/>\nWasserabweisend<br \/>\nSehr atmungsaktiv<br \/>\nKratzfest<br \/>\n<strong>Dieses Modell ist Unisex<\/strong><\/li>\n<\/ul>\n<p><a href=\"https:\/\/dogpride.nl\/de\/\"><img loading=\"lazy\" decoding=\"async\" class=\"alignnone\" title=\"GAPPAY Trainingsvest PROFI Unisex S\" src=\"https:\/\/dogpride.nl\/wp-content\/uploads\/3235-60ffefbe45b39.jpg\" alt=\"GAPPAY Trainingsvest PROFI Unisex S\" width=\"155\" height=\"155\" \/><\/a><\/p>\n<p><a href=\"https:\/\/www.gappay-hundesport.com\/en\" target=\"_blank\" rel=\"noopener\"><img loading=\"lazy\" decoding=\"async\" class=\"alignnone wp-image-88179 size-full\" src=\"https:\/\/dogpride.nl\/wp-content\/uploads\/Tabelle-1590-en-1597.jpg\" alt=\"GAPPAY Trainingsvest PROFI Unisex\" width=\"600\" height=\"600\" srcset=\"https:\/\/dogpride.nl\/wp-content\/uploads\/Tabelle-1590-en-1597.jpg 600w, https:\/\/dogpride.nl\/wp-content\/uploads\/Tabelle-1590-en-1597-250x250.jpg 250w, https:\/\/dogpride.nl\/wp-content\/uploads\/Tabelle-1590-en-1597-100x100.jpg 100w, https:\/\/dogpride.nl\/wp-content\/uploads\/Tabelle-1590-en-1597-400x400.jpg 400w, https:\/\/dogpride.nl\/wp-content\/uploads\/Tabelle-1590-en-1597-300x300.jpg 300w, https:\/\/dogpride.nl\/wp-content\/uploads\/Tabelle-1590-en-1597-150x150.jpg 150w, https:\/\/dogpride.nl\/wp-content\/uploads\/Tabelle-1590-en-1597-66x66.jpg 66w, https:\/\/dogpride.nl\/wp-content\/uploads\/Tabelle-1590-en-1597-200x200.jpg 200w\" sizes=\"auto, (max-width: 600px) 100vw, 600px\" \/><\/a><\/p>","protected":false},"excerpt":{"rendered":"<p>Trainingsweste PROFI Unisex. Die Weste besteht aus leichtem Nylonmaterial. Angenehm zu tragen. Eine gro\u00dfe K\u00e4ngurutasche an der H\u00fcfte. Zwei verschlie\u00dfbare Brusttaschen. <strong>Gr\u00f6\u00dfe S<\/strong><\/p>\n<p style=\"text-align: center;\"><span style=\"color: #ff0000;\"><strong>Producten in de Sale kunnen niet worden geretourneerd!<\/strong><\/span><\/p>","protected":false},"featured_media":88181,"template":"","meta":[],"product_brand":[],"product_cat":[5230],"product_tag":[3331,7503,4144,4763],"class_list":{"0":"post-131741","1":"product","2":"type-product","3":"status-publish","4":"has-post-thumbnail","6":"product_cat-sale","7":"product_tag-gappay","8":"product_tag-profi","9":"product_tag-trainingsvest","10":"product_tag-unisex","11":"product_shipping_class-vast-tarief-eu-overig","13":"first","14":"instock","15":"sale","16":"taxable","17":"shipping-taxable","18":"purchasable","19":"product-type-simple"},"exclude_global_add_ons":[],"addons":[],"mb":[],"mfb_rest_fields":["title","exclude_global_add_ons","addons"],"_links":{"self":[{"href":"https:\/\/dogpride.nl\/de\/wp-json\/wp\/v2\/product\/131741","targetHints":{"allow":["GET"]}}],"collection":[{"href":"https:\/\/dogpride.nl\/de\/wp-json\/wp\/v2\/product"}],"about":[{"href":"https:\/\/dogpride.nl\/de\/wp-json\/wp\/v2\/types\/product"}],"wp:featuredmedia":[{"embeddable":true,"href":"https:\/\/dogpride.nl\/de\/wp-json\/wp\/v2\/media\/88181"}],"wp:attachment":[{"href":"https:\/\/dogpride.nl\/de\/wp-json\/wp\/v2\/media?parent=131741"}],"wp:term":[{"taxonomy":"product_brand","embeddable":true,"href":"https:\/\/dogpride.nl\/de\/wp-json\/wp\/v2\/product_brand?post=131741"},{"taxonomy":"product_cat","embeddable":true,"href":"https:\/\/dogpride.nl\/de\/wp-json\/wp\/v2\/product_cat?post=131741"},{"taxonomy":"product_tag","embeddable":true,"href":"https:\/\/dogpride.nl\/de\/wp-json\/wp\/v2\/product_tag?post=131741"}],"curies":[{"name":"wp","href":"https:\/\/api.w.org\/{rel}","templated":true}]}}