{"id":131723,"date":"2025-05-24T12:15:00","date_gmt":"2025-05-24T10:15:00","guid":{"rendered":"https:\/\/dogpride.nl\/?post_type=product&#038;p=131723"},"modified":"2025-10-09T12:13:14","modified_gmt":"2025-10-09T10:13:14","slug":"owney-outdoor-softshell-vest-dames-basic-s","status":"publish","type":"product","link":"https:\/\/dogpride.nl\/de\/owney-outdoor-softshell-vest-dames-basic-s\/","title":{"rendered":"Owney Outdoor Softshell Weste Damen BASIC"},"content":{"rendered":"<h4>Owney Outdoor Softshell Weste Damen BASIC<\/h4>\n<p>Owney Outdoor Softshell Weste Damen BASIC<\/p>\n<p>Winddichte und wasserabweisende Softshellweste f\u00fcr Damen, ohne Kapuze.<\/p>\n<ul class=\"product--base-info list--unstyled\">\n<li class=\"base-info--entry entry-attribute\"><strong class=\"entry--label\">Material:<\/strong>\u00a0<span class=\"entry--content\">Au\u00dfenstoff 96% Polyester, 4% Elasthan \/ Innenstoff (Fleece) 100% Polyester<\/span><\/li>\n<li><strong>F\u00e4rben:<\/strong> Rot<\/li>\n<\/ul>\n<p>Die gemeinsame Zeit in der Natur ist ein wichtiger Teil des Zusammenlebens von Mensch und Hund!<br \/>\nOWNEY OUTDOOR bietet das ganze Jahr \u00fcber und f\u00fcr jedes Wetter zuverl\u00e4ssige und innovative Produkte f\u00fcr diese kostbare Zeit.<\/p>\n<p><strong>Gr\u00f6\u00dfentabelle:<\/strong><\/p>\n<p><img loading=\"lazy\" decoding=\"async\" class=\"alignnone size-full wp-image-92686\" src=\"https:\/\/www.dogpride.nl\/wp-content\/uploads\/18661_2_600x600.jpg\" alt=\"Maattabel\" width=\"600\" height=\"600\" srcset=\"https:\/\/dogpride.nl\/wp-content\/uploads\/18661_2_600x600.jpg 600w, https:\/\/dogpride.nl\/wp-content\/uploads\/18661_2_600x600-250x250.jpg 250w, https:\/\/dogpride.nl\/wp-content\/uploads\/18661_2_600x600-100x100.jpg 100w, https:\/\/dogpride.nl\/wp-content\/uploads\/18661_2_600x600-400x400.jpg 400w, https:\/\/dogpride.nl\/wp-content\/uploads\/18661_2_600x600-300x300.jpg 300w, https:\/\/dogpride.nl\/wp-content\/uploads\/18661_2_600x600-150x150.jpg 150w, https:\/\/dogpride.nl\/wp-content\/uploads\/18661_2_600x600-66x66.jpg 66w, https:\/\/dogpride.nl\/wp-content\/uploads\/18661_2_600x600-200x200.jpg 200w\" sizes=\"auto, (max-width: 600px) 100vw, 600px\" \/><\/p>\n<p>&nbsp;<\/p>\n<p><a href=\"https:\/\/owney.de\/\" target=\"_blank\" rel=\"noopener\"><img loading=\"lazy\" decoding=\"async\" class=\"alignnone\" src=\"https:\/\/owney.de\/media\/logo.png\" alt=\"\" width=\"139\" height=\"66\" \/><\/a><\/p>\n<p><a href=\"https:\/\/dogpride.nl\/de\/kleding\/trainingsvesten\/\"><img loading=\"lazy\" decoding=\"async\" class=\"alignnone\" title=\"Owney Outdoor Softshell Weste Damen BASIC \" src=\"https:\/\/dogpride.nl\/wp-content\/uploads\/18661_1a_600x600-150x150.jpg\" alt=\"Owney Outdoor Softshell Vest Dames BASIC \" width=\"150\" height=\"150\" \/><\/a><\/p>","protected":false},"excerpt":{"rendered":"<p>Winddicht en waterafstotend softshellvest voor dames, zonder capuchon. OWNEY OUTDOOR biedt betrouwbare en innovatieve producten voor deze kostbare tijd het hele jaar door en voor alle weersomstandigheden.<\/p>\n<p>&nbsp;<\/p>\n<p>&nbsp;<\/p>\n<p>&nbsp;<\/p>","protected":false},"featured_media":92681,"template":"","meta":[],"product_brand":[],"product_cat":[3993],"product_tag":[],"class_list":{"0":"post-131723","1":"product","2":"type-product","3":"status-publish","4":"has-post-thumbnail","6":"product_cat-owney-outdoor-trainingsvesten","7":"product_shipping_class-vast-tarief-eu-overig","9":"first","10":"instock","11":"taxable","12":"shipping-taxable","13":"purchasable","14":"product-type-variable"},"mb":[],"mfb_rest_fields":["title"],"_links":{"self":[{"href":"https:\/\/dogpride.nl\/de\/wp-json\/wp\/v2\/product\/131723","targetHints":{"allow":["GET"]}}],"collection":[{"href":"https:\/\/dogpride.nl\/de\/wp-json\/wp\/v2\/product"}],"about":[{"href":"https:\/\/dogpride.nl\/de\/wp-json\/wp\/v2\/types\/product"}],"wp:featuredmedia":[{"embeddable":true,"href":"https:\/\/dogpride.nl\/de\/wp-json\/wp\/v2\/media\/92681"}],"wp:attachment":[{"href":"https:\/\/dogpride.nl\/de\/wp-json\/wp\/v2\/media?parent=131723"}],"wp:term":[{"taxonomy":"product_brand","embeddable":true,"href":"https:\/\/dogpride.nl\/de\/wp-json\/wp\/v2\/product_brand?post=131723"},{"taxonomy":"product_cat","embeddable":true,"href":"https:\/\/dogpride.nl\/de\/wp-json\/wp\/v2\/product_cat?post=131723"},{"taxonomy":"product_tag","embeddable":true,"href":"https:\/\/dogpride.nl\/de\/wp-json\/wp\/v2\/product_tag?post=131723"}],"curies":[{"name":"wp","href":"https:\/\/api.w.org\/{rel}","templated":true}]}}