{"id":131712,"date":"2025-05-23T16:35:04","date_gmt":"2025-05-23T14:35:04","guid":{"rendered":"https:\/\/dogpride.nl\/?post_type=product&#038;p=131712"},"modified":"2026-02-23T13:27:04","modified_gmt":"2026-02-23T12:27:04","slug":"dogs4me-dogsport-vest-class-xxl","status":"publish","type":"product","link":"https:\/\/dogpride.nl\/de\/dogs4me-dogsport-vest-class-xxl\/","title":{"rendered":"DOGS4ME Dogsport Vest CLASS XXL"},"content":{"rendered":"<h4>DOGS4ME Dogsport Vest CLASS XXL<\/h4>\n<p>DOGS4ME Dogsport Vest CLASS XXL<\/p>\n<p>DOGS4ME Dogsport Vest CLASS. Beschikbaar in zwart\/Rood<\/p>\n<p><a href=\"https:\/\/dogpride.nl\/de\/\"><img loading=\"lazy\" decoding=\"async\" class=\"alignnone\" title=\"DOGS4ME Dogsport Vest CLASS XXL\" src=\"https:\/\/dogpride.nl\/wp-content\/uploads\/dogsport-vest-class-1.jpg\" alt=\"DOGS4ME Dogsport Vest CLASS XXL\" width=\"222\" height=\"264\" \/><\/a><\/p>\n<p>* Komplett schwarze Unisex-Weste mit farbigem Besatz und D4M-Logo<br \/>\n* Tunnel mit Kordelzug in der Taille.<br \/>\n*Material ist 100% PES \u2013 teilweise wasserdicht.<br \/>\n* Ger\u00e4umige Taschen hinten und vorne<br \/>\n* 2 obere Taschen mit Rei\u00dfverschluss abgedeckt<br \/>\n* Ein Ring an der Seite f\u00fcr den G\u00fcrtel<br \/>\n* Die Stickerei auf der R\u00fcckseite ist in der Farbe des Besatzes<br \/>\n* YKK-Rei\u00dfverschluss<\/p>\n<p><a href=\"https:\/\/nl.wikipedia.org\/wiki\/Hoofdpagina\" target=\"_blank\" rel=\"noopener\"><img loading=\"lazy\" decoding=\"async\" class=\"alignnone\" title=\"DOGS4ME Dogsport Vest CLASS XXL\" src=\"https:\/\/dogpride.nl\/wp-content\/uploads\/dogsport-vest-class-1.jpg\" alt=\"DOGS4ME Dogsport Vest CLASS XXL\" width=\"222\" height=\"264\" \/><\/a><\/p>\n<p><strong>Diese Weste verf\u00fcgt standardm\u00e4\u00dfig \u00fcber einen normalen Rei\u00dfverschluss. Die Lieferzeit f\u00fcr eine Strickjacke mit Zwei-Wege-Rei\u00dfverschluss betr\u00e4gt \u00b1 2-3 Wochen.<\/strong><\/p>\n<p>GR\u00d6SSENTABELLE ANZEIGEN<\/p>\n<p><img loading=\"lazy\" decoding=\"async\" class=\"alignnone wp-image-70278 size-full\" src=\"https:\/\/www.dogpride.nl\/wp-content\/uploads\/Maattabel-CLASS.png\" alt=\"Maattabel\" width=\"604\" height=\"321\" srcset=\"https:\/\/dogpride.nl\/wp-content\/uploads\/Maattabel-CLASS.png 604w, https:\/\/dogpride.nl\/wp-content\/uploads\/Maattabel-CLASS-250x133.png 250w, https:\/\/dogpride.nl\/wp-content\/uploads\/Maattabel-CLASS-400x213.png 400w, https:\/\/dogpride.nl\/wp-content\/uploads\/Maattabel-CLASS-300x159.png 300w, https:\/\/dogpride.nl\/wp-content\/uploads\/Maattabel-CLASS-200x106.png 200w, https:\/\/dogpride.nl\/wp-content\/uploads\/Maattabel-CLASS-600x319.png 600w\" sizes=\"auto, (max-width: 604px) 100vw, 604px\" \/><\/p>","protected":false},"excerpt":{"rendered":"<p>D4M Hundesportweste KLASSE. Komplett schwarze Unisex-Weste mit farbigem Besatz und D4M-Logo. Tunnel mit Kordelzug in der Taille. Material ist 100% PES \u2013 teilweise wasserdicht. <strong>Beschikbaar in zwart\/Rood<\/strong><\/p>\n<p style=\"text-align: center;\"><span style=\"color: #ff0000;\">Dit artikel kan niet worden geretourneerd!<\/span><\/p>","protected":false},"featured_media":27616,"template":"","meta":[],"product_brand":[],"product_cat":[5230],"product_tag":[24577,5343,5344,4152,24575],"class_list":{"0":"post-131712","1":"product","2":"type-product","3":"status-publish","4":"has-post-thumbnail","6":"product_cat-sale","7":"product_tag-class","8":"product_tag-dogs4me","9":"product_tag-dogsport","10":"product_tag-vest","11":"product_tag-xxl","12":"product_shipping_class-vast-tarief-eu-overig","14":"first","15":"instock","16":"sale","17":"taxable","18":"shipping-taxable","19":"purchasable","20":"product-type-simple"},"mb":[],"mfb_rest_fields":["title"],"_links":{"self":[{"href":"https:\/\/dogpride.nl\/de\/wp-json\/wp\/v2\/product\/131712","targetHints":{"allow":["GET"]}}],"collection":[{"href":"https:\/\/dogpride.nl\/de\/wp-json\/wp\/v2\/product"}],"about":[{"href":"https:\/\/dogpride.nl\/de\/wp-json\/wp\/v2\/types\/product"}],"wp:featuredmedia":[{"embeddable":true,"href":"https:\/\/dogpride.nl\/de\/wp-json\/wp\/v2\/media\/27616"}],"wp:attachment":[{"href":"https:\/\/dogpride.nl\/de\/wp-json\/wp\/v2\/media?parent=131712"}],"wp:term":[{"taxonomy":"product_brand","embeddable":true,"href":"https:\/\/dogpride.nl\/de\/wp-json\/wp\/v2\/product_brand?post=131712"},{"taxonomy":"product_cat","embeddable":true,"href":"https:\/\/dogpride.nl\/de\/wp-json\/wp\/v2\/product_cat?post=131712"},{"taxonomy":"product_tag","embeddable":true,"href":"https:\/\/dogpride.nl\/de\/wp-json\/wp\/v2\/product_tag?post=131712"}],"curies":[{"name":"wp","href":"https:\/\/api.w.org\/{rel}","templated":true}]}}