{"id":131677,"date":"2025-05-23T14:14:23","date_gmt":"2025-05-23T12:14:23","guid":{"rendered":"https:\/\/dogpride.nl\/?post_type=product&#038;p=131677"},"modified":"2026-02-23T13:29:24","modified_gmt":"2026-02-23T12:29:24","slug":"auto-hondenbed-travelmat-basic-m-2","status":"publish","type":"product","link":"https:\/\/dogpride.nl\/de\/auto-hondenbed-travelmat-basic-m-2\/","title":{"rendered":"Auto hondenbed Travelmat Basic M"},"content":{"rendered":"<h4>Auto hondenbed Travelmat Basic M<\/h4>\n<p>Auto hondenbed Travelmat Basic M<\/p>\n<div class=\"ea-tab-text-container\">\n<p>Hond in de auto? Travelmat!<\/p>\n<p><a href=\"https:\/\/dogpride.nl\/de\/\"><img loading=\"lazy\" decoding=\"async\" class=\"alignnone\" title=\"Auto hondenbed Travelmat Basic M\" src=\"https:\/\/dogpride.nl\/wp-content\/uploads\/travelmat-basic-autohundebett-kunstleder-grau-02_600x600.jpg\" alt=\"Auto hondenbed Travelmat Basic M\" width=\"326\" height=\"216\" \/><\/a><\/p>\n<\/div>\n<div class=\"ea-tab-text-container ea-text\">\n<div class=\"div_content\">\n<p class=\"beschreibung_spalte1\"><strong>Perfekt f\u00fcr unterwegs<\/strong><br \/>\nNa een regenachtige wandeling in het bos in de auto? Scherpe bochten of abrupt remmen? Krassen op de bumper en hondenhaar overal? Iedereen kent de eigenaardigheden van de relatie tussen je trouwe viervoeter en je voertuig: het is ingewikkeld.<br \/>\nMet het Auto hondenbed Travelmat Basic M zal alles nu anders zijn! Maximaal <strong>Komfort<\/strong><\/p>\n<p class=\"beschreibung_spalte1\">Auto hondenbed Travelmat Basic M is gemaakt van een extreem vuilbestendig en gemakkelijk te reinigen bovenwerk van kunstleer. Het afneembare ligvlak van Travelmat \u00ae is zacht en aaibaar voor maximaal comfort.<br \/>\nStevig gewatteerde hoge zijranden bieden optimale ondersteuning en bescherming voor uw trouwe vriend tijdens het rijden. Allround\u00a0<strong>Schutz<\/strong><\/p>\n<p class=\"beschreibung_spalte1\">Het hoogtepunt van het geheel is echter het aangesloten, ongeveer 60 centimeter lange gewatteerde bumperbeschermer. Het is een toegangshulpmiddel voor uw hond en bumperkrasbescherming voor uw voertuig tegelijkertijd.<br \/>\nVuil en hondenhaar komen \u00ae op de Travelmat terecht en niet in je auto. Dit maakt honden comfortabel en veilig in de auto \u2013 voor alle betrokkenen!<br \/>\nPerfekt\u00a0<strong>geeignet <\/strong>Travelmat \u00ae ist standardm\u00e4\u00dfig in drei verschiedenen Farben \u2013 Schwarz, Grau und Creme \u2013 und in verschiedenen Gr\u00f6\u00dfen von 90\u00d770 cm bis 110\u00d7100 cm erh\u00e4ltlich.<\/p>\n<h4 class=\"beschreibung_spalte1\">Als geen van de standaardmaten en kleuren geschikt is, produceren wij graag uw Travelmat \u00ae op maat en in de door u gewenste kleur. Gebruik gewoon onze productconfigurator.<br \/>\nTravelmat \u00ae past bij bijna elk hondenras, voertuiggrootte en interieurontwerp.<\/h4>\n<div><strong>Optional:<\/strong><br \/>\nBei der F\u00fcllung der Liegefl\u00e4che k\u00f6nnen Sie zwischen der Standardf\u00fcllung aus Kaltschaum oder einer F\u00fcllung aus viskoelastischem Schaumstoff f\u00fcr eine orthop\u00e4dische Liegefl\u00e4che w\u00e4hlen.<br \/>\nViskoelastische Schaumtechnologie: Viscoschaum bildet keinen aktiven Gegendruck.<br \/>\nUm die wichtige St\u00fctzkraft f\u00fcr den K\u00f6rper zu erzeugen, wird der Viscoschaum mit einer Kaltschaummatratze verschwei\u00dft. Der Kern der Liegefl\u00e4che besteht aus 2 cm dickem Schaumstoff (RG30) und einem 3 cm dicken viskoelastischen Schaumstoff (RG50). Die Gesamth\u00f6he betr\u00e4gt 5 cm.<\/div>\n<div><a href=\"https:\/\/nl.wikipedia.org\/wiki\/Hoofdpagina\" target=\"_blank\" rel=\"noopener\"><img loading=\"lazy\" decoding=\"async\" class=\"alignnone\" title=\"Auto hondenbed Travelmat Basic M\" src=\"https:\/\/dogpride.nl\/wp-content\/uploads\/travelmat-basic-autohundebett-kunstleder-grau-02_600x600.jpg\" alt=\"Auto hondenbed Travelmat Basic M\" width=\"326\" height=\"216\" \/><\/a><\/div>\n<div><strong><br \/>\nViskoelastischer Schaum \u2013 Vorteile:<\/strong><\/div>\n<div>\n<ul>\n<li>Beim Zusammenklappen des K\u00f6rpers passt sich der z\u00e4hfl\u00fcssige Schaum individuell an und entlastet Druckstellen auf ein Minimum<\/li>\n<li>Mehr Komfort durch gezielte Entlastung druckempfindlicher K\u00f6rperbereiche<\/li>\n<li>Schmerzlinderung durch pr\u00e4zise Druckentlastung<\/li>\n<li>Vorbeugung von Arthrose, Gelenkerkrankungen oder Rheuma<\/li>\n<li>Empfohlen nach Operationen, sehr gut geeignet f\u00fcr \u00fcbergewichtige \u00e4ltere Hunde<\/li>\n<\/ul>\n<p><strong>Materiaal Auto hondenbed Travelmat Basic M:<\/strong><\/p>\n<\/div>\n<div class=\"ea-tab-text-container ea-text\">\n<div class=\"div_content\">\n<div class=\"beschreibung_spalte1\">\n<ul>\n<li>Oberer Bezug: 100% PU-Kunstleder, unterer Bezug: 100% Polyacryl<\/li>\n<li>Lederoptik durch leichte Narbung<\/li>\n<li>Besonders verschlei\u00dffest und verschlei\u00dffest<\/li>\n<li>Wasserabweisend und schmutzabweisend<\/li>\n<\/ul>\n<\/div>\n<div class=\"beschreibung_spalte2\">\n<p><strong>Vulling Auto hondenbed Travelmat Basic M:<\/strong><\/p>\n<ul>\n<li>Innenkissen: Standardf\u00fcllung aus festem Kaltschaum (5 cm dick)<\/li>\n<li>Seitenkanten: Kaltschaum (5 cm dick)<\/li>\n<li>Alle F\u00fcllmaterialien werden in Deutschland hergestellt<\/li>\n<\/ul>\n<\/div>\n<p><strong>Reiniging Auto hondenbed Travelmat Basic M:<\/strong><\/p>\n<\/div>\n<div class=\"div_content\">\n<div class=\"beschreibung_spalte1\">\n<ul>\n<li>Schnelle und einfache Reinigung mit einem feuchten Tuch \u2013 auch bei starker Verschmutzung!<\/li>\n<li>Abnehmbares Innenkissen<\/li>\n<\/ul>\n<\/div>\n<div class=\"beschreibung_spalte2\">\n<p><strong>Bijzonderheden Auto hondenbed Travelmat Basic M:<\/strong><\/p>\n<ul>\n<li>St\u00fctzende und stabile Liegefl\u00e4che, geeignet f\u00fcr leichte und schwere Vierbeiner<\/li>\n<li>Hohe Seitenkanten f\u00fcr eine sichere Fahrt<\/li>\n<li>Langer Ladekantenschutz f\u00fcr leichteren Einstieg und Kratz- und Schmutzschutz f\u00fcr Fahrzeugheck und Kofferraum<\/li>\n<li>Liegefl\u00e4che frei w\u00e4hlbar<\/li>\n<\/ul>\n<div class=\"ea-tab-text-container\">\n<h4 class=\"fusion-responsive-typography-calculated\" data-fontsize=\"24\" data-lineheight=\"24px\">Gr\u00f6\u00dfentabelle (in cm)<\/h4>\n<ul>\n<li><strong>M \u2013 Au\u00dfengr\u00f6\u00dfe<\/strong> 100x80x25x60 (BxTxHxP), Binnenmaat 90x70x18x60 (BxTxHxP)<\/li>\n<\/ul>\n<\/div>\n<div class=\"ea-tab-text-container ea-text\">\n<div class=\"div_content\">\n<div class=\"beschreibung_spalte1\"><\/div>\n<div class=\"beschreibung_spalte2\">\n<p><a href=\"https:\/\/www.dogpride.nl\/wp-content\/uploads\/Kofferbak-opmeten.docx\">Messen Sie den Stamm<\/a><\/p>\n<\/div>\n<\/div>\n<\/div>\n<\/div>\n<\/div>\n<\/div>\n<\/div>\n<\/div>","protected":false},"excerpt":{"rendered":"<p>Travelmat \u00ae besteht aus einem \u00e4u\u00dferst schmutzabweisenden und leicht zu reinigenden Obermaterial aus Kunstleder. Die herausnehmbare Travelmat\u00ae-Liegefl\u00e4che ist weich und anschmiegsam f\u00fcr maximalen Komfort.<strong> Kleur CREME<\/strong><\/p>\n<ul>\n<li><strong>M \u2013 Au\u00dfengr\u00f6\u00dfe<\/strong> 100x80x25x60 (BxTxHxP), Binnenmaat 90x70x18x60 (BxTxHxP)<\/li>\n<\/ul>\n<p style=\"text-align: center;\"><span style=\"color: #ff0000;\"><strong>DEZE HONDENMAND KAN NIET WORDEN GERETOUNEERD!<\/strong><\/span><\/p>","protected":false},"featured_media":79343,"template":"","meta":[],"product_brand":[],"product_cat":[5230],"product_tag":[7234,8637,4757,7235],"class_list":{"0":"post-131677","1":"product","2":"type-product","3":"status-publish","4":"has-post-thumbnail","6":"product_cat-sale","7":"product_tag-auto","8":"product_tag-basic","9":"product_tag-hondenbed","10":"product_tag-travelmat","11":"product_shipping_class-vast-tarief-eu-overig","13":"first","14":"instock","15":"sale","16":"taxable","17":"shipping-taxable","18":"purchasable","19":"product-type-simple"},"mb":[],"mfb_rest_fields":["title"],"_links":{"self":[{"href":"https:\/\/dogpride.nl\/de\/wp-json\/wp\/v2\/product\/131677","targetHints":{"allow":["GET"]}}],"collection":[{"href":"https:\/\/dogpride.nl\/de\/wp-json\/wp\/v2\/product"}],"about":[{"href":"https:\/\/dogpride.nl\/de\/wp-json\/wp\/v2\/types\/product"}],"wp:featuredmedia":[{"embeddable":true,"href":"https:\/\/dogpride.nl\/de\/wp-json\/wp\/v2\/media\/79343"}],"wp:attachment":[{"href":"https:\/\/dogpride.nl\/de\/wp-json\/wp\/v2\/media?parent=131677"}],"wp:term":[{"taxonomy":"product_brand","embeddable":true,"href":"https:\/\/dogpride.nl\/de\/wp-json\/wp\/v2\/product_brand?post=131677"},{"taxonomy":"product_cat","embeddable":true,"href":"https:\/\/dogpride.nl\/de\/wp-json\/wp\/v2\/product_cat?post=131677"},{"taxonomy":"product_tag","embeddable":true,"href":"https:\/\/dogpride.nl\/de\/wp-json\/wp\/v2\/product_tag?post=131677"}],"curies":[{"name":"wp","href":"https:\/\/api.w.org\/{rel}","templated":true}]}}