{"id":130890,"date":"2025-04-28T16:10:29","date_gmt":"2025-04-28T14:10:29","guid":{"rendered":"https:\/\/dogpride.nl\/?post_type=product&#038;p=130890"},"modified":"2025-11-16T12:13:51","modified_gmt":"2025-11-16T11:13:51","slug":"pride-vest-softshell-unisex","status":"publish","type":"product","link":"https:\/\/dogpride.nl\/de\/pride-vest-softshell-unisex\/","title":{"rendered":"PRIDE vest softshell UNISEX"},"content":{"rendered":"<h4 class=\"fn\">PRIDE vest softshell UNISEX<\/h4>\n<p class=\"fn\">PRIDE vest softshell UNISEX<\/p>\n<p>PRIDE vest softshell UNISEX gemaakt van hoogwaardig softshell strech materiaal. Winddicht en elastisch materiaal.<\/p>\n<p>Sehr modernes, trendiges und funktionales Design.<\/p>\n<p>Vest heeft 4 grote zakken aan de voorkant en 1 grote zak aan de achterkant.<\/p>\n<ul>\n<li>Hervorragende Verschlei\u00dfleistung<\/li>\n<li>Makkelijk te verzorgen<\/li>\n<li>Resistenz gegen F\u00e4ulnis und Mehltau<\/li>\n<li>Stijlvol uiterlijk<\/li>\n<li>Uitzonderlijke weerstand tegen schuren, perforeren en scheuren<\/li>\n<li>Leichte Z\u00e4higkeit mit \u00fcberragendem Volumen<\/li>\n<\/ul>\n<p>Farbe Rot<\/p>\n<p>Andere kleuren op aanvraag<\/p>\n<p>Material: Softshell<\/p>\n<h4><strong>Oberweite:<\/strong><\/h4>\n<ul>\n<li><em><strong>Gr\u00f6\u00dfe XS \u2013 102 cm<\/strong><\/em><\/li>\n<li><em><strong>Maat XS &#8211; 113 cm<\/strong><\/em><\/li>\n<li><em><strong>Gr\u00f6\u00dfe M \u2013 118 cm<\/strong><\/em><\/li>\n<li><em><strong>Gr\u00f6\u00dfe L \u2013 122 cm<\/strong><\/em><\/li>\n<li><em><strong>Gr\u00f6\u00dfe XL \u2013 125 cm<\/strong><\/em><\/li>\n<li><em><strong>Gr\u00f6\u00dfe XXL - 128 cm<\/strong><\/em><\/li>\n<li><em><strong>Maat XXXL &#8211; 132 centimeter<\/strong><\/em><\/li>\n<\/ul>\n<p><span style=\"color: #000000; font-size: 13px;\">Sollte Ihre Gr\u00f6\u00dfe nicht in der Tabelle aufgef\u00fchrt sein, kontaktieren Sie uns bitte. Wir fertigen diese Trainingswesten in unserer eigenen Fabrik und k\u00f6nnen immer eine passende Trainingsweste f\u00fcr Sie anfertigen.<\/span><\/p>\n<p><span style=\"color: #000000; background-color: #ffffff; font-size: 13px; text-align: left; display: inline !important; float: none; text-decoration: none;\">Wir k\u00f6nnen auch Trainingskleidung in den Farben und W\u00fcnschen Ihres Vereins anfertigen.<\/span><\/p>\n<p><strong>Die Kleidung wird individuell f\u00fcr Sie angefertigt und ist daher vom Umtausch ausgeschlossen.<\/strong><\/p>\n<p><span style=\"font-size: 13px;\"><strong><span style=\"color: #000000; background-color: #ffffff; text-align: left; display: inline !important; float: none; text-decoration: none;\">Die Lieferzeit h\u00e4ngt von der Verf\u00fcgbarkeit der ben\u00f6tigten Materialien ab!!<\/span><\/strong><\/span><\/p>\n<p style=\"color: #000000; font-size: 13px; text-align: left; text-decoration: none;\"><a href=\"https:\/\/dogpride.nl\/de\/kleding\/trainingsvesten\/pride-trainingsvesten\/\"><img loading=\"lazy\" decoding=\"async\" class=\"alignnone\" title=\"PRIDE vest softshell UNISEX\" src=\"https:\/\/dogpride.nl\/wp-content\/uploads\/PRIDE-vest-softshell-UNISEX-2-150x150.jpg\" alt=\"PRIDE vest softshell UNISEX\" width=\"150\" height=\"150\" \/><\/a><\/p>\n<p><a href=\"https:\/\/www.dogpride.eu\/\" target=\"_blank\" rel=\"noopener\"><img loading=\"lazy\" decoding=\"async\" class=\"alignnone wp-image-142932 size-full\" src=\"https:\/\/dogpride.nl\/wp-content\/uploads\/Logo-Pride2-2-4.png\" alt=\"\" width=\"327\" height=\"105\" srcset=\"https:\/\/dogpride.nl\/wp-content\/uploads\/Logo-Pride2-2-4.png 327w, https:\/\/dogpride.nl\/wp-content\/uploads\/Logo-Pride2-2-4-300x96.png 300w, https:\/\/dogpride.nl\/wp-content\/uploads\/Logo-Pride2-2-4-18x6.png 18w, https:\/\/dogpride.nl\/wp-content\/uploads\/Logo-Pride2-2-4-250x80.png 250w\" sizes=\"auto, (max-width: 327px) 100vw, 327px\" \/><\/a><\/p>","protected":false},"excerpt":{"rendered":"<p>PRIDE vest unisex gemaakt van hoogwaardig softshell strech materiaal. Winddicht en elastisch materiaal.\u00a0Zeer modern, trendy en functioneel design.\u00a0Vest heeft 4 grote zakken aan de voorkant en 1 grote zak aan de achterkant.<\/p>","protected":false},"featured_media":130901,"template":"","meta":[],"product_brand":[],"product_cat":[3874],"product_tag":[4768,8889,3208,3332,8890,4865,4144,4763,4152],"class_list":{"0":"post-130890","1":"product","2":"type-product","3":"status-publish","4":"has-post-thumbnail","6":"product_cat-pride-trainingsvesten","7":"product_tag-dames","8":"product_tag-dogtraining","9":"product_tag-heren","10":"product_tag-hondensport","11":"product_tag-hondentrainingsvest","12":"product_tag-pride","13":"product_tag-trainingsvest","14":"product_tag-unisex","15":"product_tag-vest","17":"first","18":"instock","19":"taxable","20":"shipping-taxable","21":"purchasable","22":"product-type-variable"},"mb":[],"mfb_rest_fields":["title"],"_links":{"self":[{"href":"https:\/\/dogpride.nl\/de\/wp-json\/wp\/v2\/product\/130890","targetHints":{"allow":["GET"]}}],"collection":[{"href":"https:\/\/dogpride.nl\/de\/wp-json\/wp\/v2\/product"}],"about":[{"href":"https:\/\/dogpride.nl\/de\/wp-json\/wp\/v2\/types\/product"}],"wp:featuredmedia":[{"embeddable":true,"href":"https:\/\/dogpride.nl\/de\/wp-json\/wp\/v2\/media\/130901"}],"wp:attachment":[{"href":"https:\/\/dogpride.nl\/de\/wp-json\/wp\/v2\/media?parent=130890"}],"wp:term":[{"taxonomy":"product_brand","embeddable":true,"href":"https:\/\/dogpride.nl\/de\/wp-json\/wp\/v2\/product_brand?post=130890"},{"taxonomy":"product_cat","embeddable":true,"href":"https:\/\/dogpride.nl\/de\/wp-json\/wp\/v2\/product_cat?post=130890"},{"taxonomy":"product_tag","embeddable":true,"href":"https:\/\/dogpride.nl\/de\/wp-json\/wp\/v2\/product_tag?post=130890"}],"curies":[{"name":"wp","href":"https:\/\/api.w.org\/{rel}","templated":true}]}}