{"id":13039,"date":"2019-08-07T16:14:23","date_gmt":"2019-08-07T14:14:23","guid":{"rendered":"https:\/\/dogpride1.wpengine.com\/product\/trixie-dog-activity-hordenset-3-st-2\/"},"modified":"2025-11-15T11:41:30","modified_gmt":"2025-11-15T10:41:30","slug":"trixie-dog-activity-hordenset-3-st","status":"publish","type":"product","link":"https:\/\/dogpride.nl\/de\/trixie-dog-activity-hordenset-3-st\/","title":{"rendered":"Trixie Hunde-Aktivit\u00e4tsh\u00fcrden-Set 3-tlg"},"content":{"rendered":"<h4>Trixie Hunde-Aktivit\u00e4tsh\u00fcrden-Set 3-tlg<\/h4>\n<p style=\"color: #000000; font-size: 13.33px; text-align: left; text-decoration: none;\"><strong>Trixie Hunde-Aktivit\u00e4tsh\u00fcrden-Set 3-tlg<\/strong><br \/>\nDieses Trixie Dog Activity H\u00fcrdenset 3-teilig ist ein Agility-Set f\u00fcr Slaloms und Hindernisse f\u00fcr den Hund, bestehend aus Kegeln und Balken aus Kunststoff.<br \/>\nSport f\u00fcr zwei! Viele Sportarten st\u00e4rken die Bindung zwischen Mensch und Hund und dieses lustige Trixie Activity H\u00fcrdenset hilft dabei.<\/p>\n<p style=\"color: #000000; font-size: 13.33px; text-align: left; text-decoration: none;\">Dieses Set kann zur Verbesserung der Konzentration, des K\u00f6rpergef\u00fchls und der Koordination eingesetzt werden und eignet sich auch f\u00fcr (physio-)therapeutische Zwecke, beispielsweise f\u00fcr Gymnastik, zur Mobilisierung alter\/kranker Hunde oder nach Verletzungen.<br \/>\nDas Set besteht aus 6 H\u00fctchen mit verschiedenen Einsteckm\u00f6glichkeiten f\u00fcr unterschiedliche Aufbaum\u00f6glichkeiten bei H\u00fcrden und Slaloms und ist h\u00f6henverstellbar, sodass das Set f\u00fcr Hunde jeden Alters und jeder Gr\u00f6\u00dfe geeignet ist.<br \/>\nEs gibt ein praktisches Heft mit der Anleitung und n\u00fctzlichen Tipps f\u00fcr ein optimales Training.<\/p>\n<p><a href=\"https:\/\/dogpride.nl\/de\/diverse-hondensporten\/agility-obedience\/?product-page=2\"><img loading=\"lazy\" decoding=\"async\" class=\"alignnone\" title=\"Trixie Hunde-Aktivit\u00e4tsh\u00fcrden-Set 3-tlg\" src=\"https:\/\/dogpride.nl\/wp-content\/uploads\/trixie-dog-activity-hordenset-3-st.png\" alt=\"Trixie Dog Activity Hordenset 3 st\" width=\"191\" height=\"101\" \/><\/a><\/p>\n<ul>\n<li>H\u00fcrdenset von Trixie<\/li>\n<li>Kann als H\u00fcrdenlauf oder Slalomlauf genutzt werden<\/li>\n<li>Zur Verbesserung der Kondition und Konzentration<\/li>\n<li>Inklusive Handbuch mit Tipps und Tricks f\u00fcr ein optimales Training<\/li>\n<\/ul>\n<p style=\"color: #000000; font-size: 13.33px; text-align: left; text-decoration: none;\">Ma\u00dfe:<br \/>\nBauern Durchmesser 23 cm x 30 hoch<br \/>\nH\u00fcrde 78 cm lang<\/p>\n<p>Inhalt: 6 Spielfiguren, 3 Riegel<\/p>\n<p><a href=\"https:\/\/www.bol.com\/nl\/nl\/b\/mooffz\/16537942\/\" target=\"_blank\" rel=\"noopener\"><img loading=\"lazy\" decoding=\"async\" class=\"alignnone\" src=\"https:\/\/dogpride.nl\/wp-content\/uploads\/trixie-dog-activity-hordenset-3-st.png\" alt=\"Trixie Dog Activity Hordenset 3 st\" width=\"162\" height=\"86\" \/><\/a><\/p>","protected":false},"excerpt":{"rendered":"<p>Sport f\u00fcr zwei! Viele Sportarten st\u00e4rken die Bindung zwischen Mensch und Hund und dieses lustige Trixie Activity H\u00fcrdenset hilft dabei. Dieses Set kann zur Verbesserung der Konzentration, des K\u00f6rpergef\u00fchls und der Koordination eingesetzt werden und ist auch f\u00fcr (physio-)therapeutische Zwecke geeignet<\/p>","protected":false},"featured_media":20129,"template":"","meta":[],"product_brand":[],"product_cat":[2956],"product_tag":[],"class_list":{"0":"post-13039","1":"product","2":"type-product","3":"status-publish","4":"has-post-thumbnail","6":"product_cat-agility-behendigheid","8":"first","9":"instock","10":"taxable","11":"shipping-taxable","12":"purchasable","13":"product-type-simple"},"mb":[],"mfb_rest_fields":["title"],"_links":{"self":[{"href":"https:\/\/dogpride.nl\/de\/wp-json\/wp\/v2\/product\/13039","targetHints":{"allow":["GET"]}}],"collection":[{"href":"https:\/\/dogpride.nl\/de\/wp-json\/wp\/v2\/product"}],"about":[{"href":"https:\/\/dogpride.nl\/de\/wp-json\/wp\/v2\/types\/product"}],"wp:featuredmedia":[{"embeddable":true,"href":"https:\/\/dogpride.nl\/de\/wp-json\/wp\/v2\/media\/20129"}],"wp:attachment":[{"href":"https:\/\/dogpride.nl\/de\/wp-json\/wp\/v2\/media?parent=13039"}],"wp:term":[{"taxonomy":"product_brand","embeddable":true,"href":"https:\/\/dogpride.nl\/de\/wp-json\/wp\/v2\/product_brand?post=13039"},{"taxonomy":"product_cat","embeddable":true,"href":"https:\/\/dogpride.nl\/de\/wp-json\/wp\/v2\/product_cat?post=13039"},{"taxonomy":"product_tag","embeddable":true,"href":"https:\/\/dogpride.nl\/de\/wp-json\/wp\/v2\/product_tag?post=13039"}],"curies":[{"name":"wp","href":"https:\/\/api.w.org\/{rel}","templated":true}]}}