{"id":13037,"date":"2019-08-07T16:05:26","date_gmt":"2019-08-07T14:05:26","guid":{"rendered":"https:\/\/dogpride1.wpengine.com\/product\/trixie-dog-activity-agility-tunnel-blauw-40-cm-x-2-m-3\/"},"modified":"2026-02-03T10:14:36","modified_gmt":"2026-02-03T09:14:36","slug":"trixie-dog-activity-agility-tunnel-blauw-40-cm-x-2-m-3","status":"publish","type":"product","link":"https:\/\/dogpride.nl\/de\/trixie-dog-activity-agility-tunnel-blauw-40-cm-x-2-m-3\/","title":{"rendered":"Trixie Dog Activity Agility Tunnel Blau 40 cm x 2 m"},"content":{"rendered":"<h4>Trixie Dog Activity Agility Tunnel Blau 40 cm x 2 m<\/h4>\n<div style=\"color: #000000; font-size: 13.33px; text-align: left; text-decoration: none;\"><strong>Trixie Dog Activity Agility Tunnel Blau 40 cm x 2 m<\/strong><\/div>\n<div style=\"color: #000000; font-size: 13.33px; text-align: left; text-decoration: none;\">Dieser Trixie Dog Activity Agility Tunnel Blau mit einer Gr\u00f6\u00dfe von 40 cm x 2 Metern ist ein lustiger Hundetunnel f\u00fcr die Beweglichkeits\u00fcbungen mit Ihrem Hund.<br \/>\nDieser Aktivit\u00e4tstunnel von Trixie ist ideal zum \u00dcben von Agility und Agility-Training mit kleinen Hunden und Welpen! Der Tunnel besteht aus strapazierf\u00e4higem Polyester und kann sowohl drinnen als auch drau\u00dfen verwendet werden. Sie k\u00f6nnen die Tunnels\u00e4cke mit Sand oder Kies (nicht im Lieferumfang enthalten) f\u00fcllen, um den Tunnel fest im Boden zu verankern und den Auf- und Abbau zu erleichtern. Der Tunnel wird mit einer praktischen Transporttasche geliefert und kann kompakt verstaut werden. F\u00fcr ein optimales Training liegt eine Anleitung mit Tipps und Tricks bei.<\/div>\n<div><\/div>\n<div><a href=\"https:\/\/dogpride.nl\/de\/diverse-hondensporten\/agility-obedience\/?product-page=2\"><img loading=\"lazy\" decoding=\"async\" class=\"alignnone\" title=\"Trixie Dog Activity Agility Tunnel Blau 40 cm x 2 m\" src=\"https:\/\/dogpride.nl\/wp-content\/uploads\/trixie-dog-activity-agility-tunnel-blauw-40-cm-x-2-m-1.png\" alt=\"Trixie Dog Activity Agility Tunnel Blauw 40 cm x 2 m\" width=\"155\" height=\"155\" \/><\/a><\/div>\n<div style=\"color: #000000; font-size: 13.33px; text-align: left; text-decoration: none;\">\n<ul style=\"color: #000000; list-style-type: disc;\">\n<li>F\u00fcr kleine Hunde und f\u00fcr die Pr\u00e4gephase bei Welpen<\/li>\n<li>Aus strapazierf\u00e4higem Polyester<\/li>\n<li>Geeignet f\u00fcr den Innen- und Au\u00dfenbereich<\/li>\n<li>Mit Tunneltaschen zur Verankerung, ohne F\u00fcllung (Sand, Kies, Steine).<\/li>\n<li>Mit praktischer Transporttasche zur kompakten Aufbewahrung<\/li>\n<\/ul>\n<\/div>\n<div style=\"color: #000000; font-size: 13.33px; text-align: left; text-decoration: none;\">Farbe blau<\/div>\n<div style=\"color: #000000; font-size: 13.33px; text-align: left; text-decoration: none;\">Abmessungen: 40 cm x 2 m<\/div>\n<div style=\"color: #000000; font-size: 13.33px; text-align: left; text-decoration: none;\">Material: Polyester<\/div>\n<div><\/div>\n<div><strong>Dieses Produkt ist nicht sofort verf\u00fcgbar.<\/strong><br style=\"color: #000000; font-size: 13.33px; text-align: left; text-decoration: none;\" \/><strong>Wenn Sie eine Bestellung aufgeben, erfolgt die Lieferung voraussichtlich innerhalb von \u00b1 14 Tagen.<\/strong><\/div>\n<div><\/div>\n<div><a href=\"https:\/\/www.bol.com\/nl\/nl\/b\/mooffz\/16537942\/\" target=\"_blank\" rel=\"noopener\"><img loading=\"lazy\" decoding=\"async\" class=\"alignnone\" title=\"Trixie Dog Activity Agility Tunnel Blau 40 cm x 2 m\" src=\"https:\/\/dogpride.nl\/wp-content\/uploads\/trixie-dog-activity-agility-tunnel-blauw-40-cm-x-2-m-1.png\" alt=\"Trixie Dog Activity Agility Tunnel Blauw 40 cm x 2 m\" width=\"155\" height=\"155\" \/><\/a><\/div>","protected":false},"excerpt":{"rendered":"<p>Das <strong>Trixie Dog Activity Agility Tunnel Blau 40 cm x 2 m<\/strong> is ideaal voor het beoefenen van agility en behendigheidstraining met kleine honden en puppy&#8217;s! De tunnel is gemaakt van duurzaam polyester en te gebruiken voor zowel binnen als buiten.<\/p>","protected":false},"featured_media":13038,"template":"","meta":[],"product_brand":[],"product_cat":[22360],"product_tag":[3294],"class_list":{"0":"post-13037","1":"product","2":"type-product","3":"status-publish","4":"has-post-thumbnail","6":"product_cat-agility-tunnels","7":"product_tag-agility","9":"first","10":"instock","11":"taxable","12":"shipping-taxable","13":"purchasable","14":"product-type-simple"},"mb":[],"mfb_rest_fields":["title"],"_links":{"self":[{"href":"https:\/\/dogpride.nl\/de\/wp-json\/wp\/v2\/product\/13037","targetHints":{"allow":["GET"]}}],"collection":[{"href":"https:\/\/dogpride.nl\/de\/wp-json\/wp\/v2\/product"}],"about":[{"href":"https:\/\/dogpride.nl\/de\/wp-json\/wp\/v2\/types\/product"}],"wp:featuredmedia":[{"embeddable":true,"href":"https:\/\/dogpride.nl\/de\/wp-json\/wp\/v2\/media\/13038"}],"wp:attachment":[{"href":"https:\/\/dogpride.nl\/de\/wp-json\/wp\/v2\/media?parent=13037"}],"wp:term":[{"taxonomy":"product_brand","embeddable":true,"href":"https:\/\/dogpride.nl\/de\/wp-json\/wp\/v2\/product_brand?post=13037"},{"taxonomy":"product_cat","embeddable":true,"href":"https:\/\/dogpride.nl\/de\/wp-json\/wp\/v2\/product_cat?post=13037"},{"taxonomy":"product_tag","embeddable":true,"href":"https:\/\/dogpride.nl\/de\/wp-json\/wp\/v2\/product_tag?post=13037"}],"curies":[{"name":"wp","href":"https:\/\/api.w.org\/{rel}","templated":true}]}}