{"id":128840,"date":"2025-02-26T14:40:06","date_gmt":"2025-02-26T13:40:06","guid":{"rendered":"https:\/\/dogpride.nl\/?post_type=product&#038;p=128840"},"modified":"2025-12-19T17:33:47","modified_gmt":"2025-12-19T16:33:47","slug":"x-test-inert-tatp-simulant","status":"publish","type":"product","link":"https:\/\/dogpride.nl\/de\/x-test-inert-tatp-simulant\/","title":{"rendered":"X TEST Inert TATP Simulant"},"content":{"rendered":"<h4>X TEST Inert TATP Simulant<\/h4>\n<p>X TEST Inert TATP Simulant<\/p>\n<p>Diese Simulanzien sind daf\u00fcr gedacht, Tieren das Erkennen explosiver Ger\u00fcche beizubringen.<\/p>\n<ul>\n<li>Erm\u00f6glichen Sie Hundetrainern, ihren Hunden das Riechen von Sprengstoffen beizubringen.<\/li>\n<li>Erm\u00f6glicht die Validierung und Zertifizierung von K-9-Einheiten (Hunde).<\/li>\n<li>Aktivieren Sie die Leistungs\u00fcberwachung von Sprengstofferkennungseinheiten.<\/li>\n<\/ul>\n<p><strong>Inhalt:<\/strong> 200 Gramm<\/p>\n<p><a href=\"https:\/\/dogpride.nl\/de\/k9\/detectie\/x-test-canine-inert-explosive-simulants\/\"><img loading=\"lazy\" decoding=\"async\" class=\"alignnone\" title=\"X TEST Inert TATP Simulant\" src=\"https:\/\/dogpride.nl\/wp-content\/uploads\/Semtex-2.jpg\" alt=\"X TEST Inert TATP Simulant\" width=\"113\" height=\"99\" \/><\/a><\/p>\n<h4>Gebruik X TEST Inert TATP Simulant:<\/h4>\n<ol>\n<li>Tragen Sie Gummi-\/Nylonhandschuhe, um Ihre H\u00e4nde vor Verunreinigungen zu sch\u00fctzen.<\/li>\n<li>\u00d6ffnen Sie vorsichtig das Gef\u00e4\u00df mit der Substanz und setzen Sie das Simulanz der freien Luft aus.<\/li>\n<li>Verwenden Sie das Simulanz entsprechend Ihrem Verfahren.<\/li>\n<li>Entsorgen Sie die Handschuhe nach der Verwendung des Simulanz. Sie sind infiziert.<\/li>\n<li>Verwenden Sie ein neues Paar Handschuhe, um das Glas mit den Stimulanzien fest zu verschlie\u00dfen. Achten Sie besonders darauf, dass die Au\u00dfenseite der Schachtel nicht durch das Stimulans verschmutzt wird.<\/li>\n<li>Um eine Kreuzkontamination zu verhindern: \u00d6ffnen Sie immer nur eine Schachtel Simulanz.<\/li>\n<\/ol>\n<h4>Veiligheidsinformatie X TEST Inert TATP Simulant:<\/h4>\n<ol>\n<li>Deze simulanten zijn alleen bedoeld voor gebruik door professionele beveiligingspersoneel en EOD-experts.<\/li>\n<li>Deze simulanten zijn alleen geldig tot hun vervaldatum.<\/li>\n<li>De simulanten worden op verzoek geleverd met MSDS-documenten.<\/li>\n<li>Houd de dozen van de simulanten goed gesloten en in de gesloten hoofdbehuizing wanneer ze niet in gebruik zijn.<\/li>\n<li>Bewaar de simulanten op een gecontroleerde kamertemperatuur.<\/li>\n<li>Verwenden Sie keinen Teil dieses Kits mit aktiven Sprengstoffen.<\/li>\n<li>Houd ze uit de buurt van open vuur, warmtebronnen, hoge temperaturen, elektriciteit en water.<\/li>\n<li>Gooi de simulanten weg na de vervaldatum.<\/li>\n<li>Als u kristallen op de simulant of de doos aantreft, stop dan met het gebruik ervan en gooi de simulant weg. Als de simulant nog binnen de geldigheidsperiode valt, neem dan contact op met uw lokale distributeur en informeer hen voordat u de simulant weggooit.<\/li>\n<\/ol>\n<p><a href=\"https:\/\/www.x-test.com\/\" target=\"_blank\" rel=\"noopener\"><img loading=\"lazy\" decoding=\"async\" class=\"alignnone wp-image-128799 size-full\" title=\"X TEST Inert TATP Simulant\" src=\"https:\/\/dogpride.nl\/wp-content\/uploads\/Logo-X-TEST.jpg\" alt=\"X TEST Inert TATP Simulant\" width=\"222\" height=\"97\" srcset=\"https:\/\/dogpride.nl\/wp-content\/uploads\/Logo-X-TEST.jpg 222w, https:\/\/dogpride.nl\/wp-content\/uploads\/Logo-X-TEST-18x8.jpg 18w\" sizes=\"auto, (max-width: 222px) 100vw, 222px\" \/><\/a><\/p>\n<p>&nbsp;<\/p>\n<p><img loading=\"lazy\" decoding=\"async\" class=\"alignnone\" title=\"X TEST Inert TATP Simulant\" src=\"https:\/\/dogpride.nl\/wp-content\/uploads\/Semtex-2.jpg\" alt=\"X TEST Inert TATP Simulant\" width=\"116\" height=\"102\" \/><\/p>","protected":false},"excerpt":{"rendered":"<p>X TEST Inert TATP Simulant. Deze simulanten zijn ontworpen voor het trainen van dieren om geuren van explosieven te detecteren. Hondentrainers in staat stellen hun honden te trainen op de geur van explosieven.<\/p>","protected":false},"featured_media":128837,"template":"","meta":[],"product_brand":[],"product_cat":[8419],"product_tag":[3231,6993,8425,7062,8424,4566,3228,8426,8427,3256,8422],"class_list":{"0":"post-128840","1":"product","2":"type-product","3":"status-publish","4":"has-post-thumbnail","6":"product_cat-x-test-canine-inert-explosive-simulants","7":"product_tag-detectie","8":"product_tag-detection","9":"product_tag-explosieve","10":"product_tag-geur","11":"product_tag-inerte","12":"product_tag-k9","13":"product_tag-scent-detection","14":"product_tag-simulanten","15":"product_tag-springstoffen","16":"product_tag-tatp","17":"product_tag-x-test","18":"product_shipping_class-bijzondere-verzending","20":"first","21":"instock","22":"taxable","23":"shipping-taxable","24":"purchasable","25":"product-type-simple"},"mb":[],"mfb_rest_fields":["title"],"_links":{"self":[{"href":"https:\/\/dogpride.nl\/de\/wp-json\/wp\/v2\/product\/128840","targetHints":{"allow":["GET"]}}],"collection":[{"href":"https:\/\/dogpride.nl\/de\/wp-json\/wp\/v2\/product"}],"about":[{"href":"https:\/\/dogpride.nl\/de\/wp-json\/wp\/v2\/types\/product"}],"wp:featuredmedia":[{"embeddable":true,"href":"https:\/\/dogpride.nl\/de\/wp-json\/wp\/v2\/media\/128837"}],"wp:attachment":[{"href":"https:\/\/dogpride.nl\/de\/wp-json\/wp\/v2\/media?parent=128840"}],"wp:term":[{"taxonomy":"product_brand","embeddable":true,"href":"https:\/\/dogpride.nl\/de\/wp-json\/wp\/v2\/product_brand?post=128840"},{"taxonomy":"product_cat","embeddable":true,"href":"https:\/\/dogpride.nl\/de\/wp-json\/wp\/v2\/product_cat?post=128840"},{"taxonomy":"product_tag","embeddable":true,"href":"https:\/\/dogpride.nl\/de\/wp-json\/wp\/v2\/product_tag?post=128840"}],"curies":[{"name":"wp","href":"https:\/\/api.w.org\/{rel}","templated":true}]}}