{"id":128828,"date":"2025-02-26T13:05:46","date_gmt":"2025-02-26T12:05:46","guid":{"rendered":"https:\/\/dogpride.nl\/?post_type=product&#038;p=128828"},"modified":"2025-12-19T17:46:04","modified_gmt":"2025-12-19T16:46:04","slug":"x-test-inert-semtex-10-simulant","status":"publish","type":"product","link":"https:\/\/dogpride.nl\/de\/x-test-inert-semtex-10-simulant\/","title":{"rendered":"X TEST Inert Semtex 10 Simulant"},"content":{"rendered":"<h4>X TEST Inert Semtex 10 Simulant<\/h4>\n<p>X TEST Inert Semtex 10 Simulant<\/p>\n<p>Diese Simulanzien sind daf\u00fcr gedacht, Tieren das Erkennen explosiver Ger\u00fcche beizubringen.<\/p>\n<ul>\n<li>Erm\u00f6glichen Sie Hundetrainern, ihren Hunden das Riechen von Sprengstoffen beizubringen.<\/li>\n<li>Erm\u00f6glicht die Validierung und Zertifizierung von K-9-Einheiten (Hunde).<\/li>\n<li>Aktivieren Sie die Leistungs\u00fcberwachung von Sprengstofferkennungseinheiten.<\/li>\n<\/ul>\n<p><strong>Inhalt:<\/strong> 200 Gramm<\/p>\n<p><a href=\"https:\/\/dogpride.nl\/de\/k9\/detectie\/x-test-canine-inert-explosive-simulants\/\"><img loading=\"lazy\" decoding=\"async\" class=\"alignnone\" title=\"X TEST Inert Semtex 10 Simulant\" src=\"https:\/\/dogpride.nl\/wp-content\/uploads\/Semtex-1.jpg\" alt=\"X TEST Inert Semtex 10 Simulant\" width=\"123\" height=\"108\" \/><\/a><\/p>\n<h4>Gebruik X TEST Inert Semtex 10 Simulant:<\/h4>\n<ol>\n<li>Tragen Sie Gummi-\/Nylonhandschuhe, um Ihre H\u00e4nde vor Verunreinigungen zu sch\u00fctzen.<\/li>\n<li>\u00d6ffnen Sie vorsichtig das Gef\u00e4\u00df mit der Substanz und setzen Sie das Simulanz der freien Luft aus.<\/li>\n<li>Verwenden Sie das Simulanz entsprechend Ihrem Verfahren.<\/li>\n<li>Entsorgen Sie die Handschuhe nach der Verwendung des Simulanz. Sie sind infiziert.<\/li>\n<li>Verwenden Sie ein neues Paar Handschuhe, um das Glas mit den Stimulanzien fest zu verschlie\u00dfen. Achten Sie besonders darauf, dass die Au\u00dfenseite der Schachtel nicht durch das Stimulans verschmutzt wird.<\/li>\n<li>Um eine Kreuzkontamination zu verhindern: \u00d6ffnen Sie immer nur eine Schachtel Simulanz.<\/li>\n<\/ol>\n<h4>Veiligheidsinformatie X TEST Inert Semtex 10 Simulant:<\/h4>\n<ol>\n<li>Dieses Kit ist nur f\u00fcr die Verwendung durch professionelles Sicherheitspersonal und EOD-Experten vorgesehen.<\/li>\n<li>Alle Materialien in diesem Kit k\u00f6nnen auf Anfrage mit Sicherheitsdatenbl\u00e4ttern geliefert werden.<\/li>\n<li>Bewahren Sie die Gef\u00e4\u00dfe mit den Substanzen bei Nichtgebrauch fest verschlossen und im geschlossenen Hauptgeh\u00e4use auf.<\/li>\n<li>Verwenden Sie keinen Teil dieses Kits mit aktiven Sprengstoffen.<\/li>\n<li>Von Feuer, W\u00e4rmequellen, Elektrizit\u00e4t und Wasser fernhalten.<\/li>\n<li>Verfallsdatum des Produkts \u2013 auf dem Produktetikett.<\/li>\n<\/ol>\n<p>&nbsp;<\/p>\n<p><a href=\"https:\/\/www.x-test.com\/\" target=\"_blank\" rel=\"noopener\"><img loading=\"lazy\" decoding=\"async\" class=\"alignnone wp-image-128799 size-full\" title=\"X-TEST Inert Semtex-10 Simulant\" src=\"https:\/\/dogpride.nl\/wp-content\/uploads\/Logo-X-TEST.jpg\" alt=\"X-TEST Inert Semtex-10 Simulant\" width=\"222\" height=\"97\" srcset=\"https:\/\/dogpride.nl\/wp-content\/uploads\/Logo-X-TEST.jpg 222w, https:\/\/dogpride.nl\/wp-content\/uploads\/Logo-X-TEST-18x8.jpg 18w\" sizes=\"auto, (max-width: 222px) 100vw, 222px\" \/><\/a><\/p>\n<p><img loading=\"lazy\" decoding=\"async\" class=\"alignnone\" title=\"X TEST Inert Semtex 10 Simulant\" src=\"https:\/\/dogpride.nl\/wp-content\/uploads\/Semtex-1.jpg\" alt=\"X TEST Inert Semtex 10 Simulant\" width=\"118\" height=\"104\" \/><\/p>\n<p>&nbsp;<\/p>","protected":false},"excerpt":{"rendered":"<p>X TEST Inert Semtex 10 Simulant. Deze simulanten zijn ontworpen voor het trainen van dieren om geuren van explosieven te detecteren. Hondentrainers in staat stellen hun honden te trainen op de geur van explosieven.<\/p>","protected":false},"featured_media":128829,"template":"","meta":[],"product_brand":[],"product_cat":[8419],"product_tag":[3231,6993,8425,7062,8424,4566,3228,3249,8429,8426,8427,8422],"class_list":{"0":"post-128828","1":"product","2":"type-product","3":"status-publish","4":"has-post-thumbnail","6":"product_cat-x-test-canine-inert-explosive-simulants","7":"product_tag-detectie","8":"product_tag-detection","9":"product_tag-explosieve","10":"product_tag-geur","11":"product_tag-inerte","12":"product_tag-k9","13":"product_tag-scent-detection","14":"product_tag-semtex","15":"product_tag-semtex-10","16":"product_tag-simulanten","17":"product_tag-springstoffen","18":"product_tag-x-test","19":"product_shipping_class-bijzondere-verzending","21":"first","22":"instock","23":"taxable","24":"shipping-taxable","25":"purchasable","26":"product-type-simple"},"mb":[],"mfb_rest_fields":["title"],"_links":{"self":[{"href":"https:\/\/dogpride.nl\/de\/wp-json\/wp\/v2\/product\/128828","targetHints":{"allow":["GET"]}}],"collection":[{"href":"https:\/\/dogpride.nl\/de\/wp-json\/wp\/v2\/product"}],"about":[{"href":"https:\/\/dogpride.nl\/de\/wp-json\/wp\/v2\/types\/product"}],"wp:featuredmedia":[{"embeddable":true,"href":"https:\/\/dogpride.nl\/de\/wp-json\/wp\/v2\/media\/128829"}],"wp:attachment":[{"href":"https:\/\/dogpride.nl\/de\/wp-json\/wp\/v2\/media?parent=128828"}],"wp:term":[{"taxonomy":"product_brand","embeddable":true,"href":"https:\/\/dogpride.nl\/de\/wp-json\/wp\/v2\/product_brand?post=128828"},{"taxonomy":"product_cat","embeddable":true,"href":"https:\/\/dogpride.nl\/de\/wp-json\/wp\/v2\/product_cat?post=128828"},{"taxonomy":"product_tag","embeddable":true,"href":"https:\/\/dogpride.nl\/de\/wp-json\/wp\/v2\/product_tag?post=128828"}],"curies":[{"name":"wp","href":"https:\/\/api.w.org\/{rel}","templated":true}]}}