{"id":12860,"date":"2019-07-11T13:49:11","date_gmt":"2019-07-11T11:49:11","guid":{"rendered":"https:\/\/dogpride1.wpengine.com\/product\/kong-puppy-teething-stick-large-3\/"},"modified":"2025-11-24T13:37:21","modified_gmt":"2025-11-24T12:37:21","slug":"kong-puppy-teething-stick-3","status":"publish","type":"product","link":"https:\/\/dogpride.nl\/de\/kong-puppy-teething-stick-3\/","title":{"rendered":"KONG Puppy Bei\u00dfstab"},"content":{"rendered":"<h4>KONG Puppy Bei\u00dfstab<\/h4>\n<p>KONG Puppy Bei\u00dfstab<\/p>\n<p><strong>Bei\u00dfstab f\u00fcr Welpen<\/strong><br \/>\nDieser Stick wurde speziell f\u00fcr Ihren Welpen entwickelt. Dieser Stab macht das Zahnfleisch weich und unterst\u00fctzt Ihren Welpen, wenn seine Z\u00e4hne durchbrechen. Die Rillen an der Au\u00dfenseite k\u00f6nnen mit Erdnussbutter oder spezieller KONG-Paste gef\u00fcllt werden. Im Inneren des Sticks k\u00f6nnen Leckereien versteckt werden.<\/p>\n<p><strong>Farbe<\/strong><\/p>\n<p>Rosa oder Blau (sortiert geliefert).<\/p>\n<p><strong>Format<\/strong><\/p>\n<ul>\n<li>KONGKP13E L \u2013 12 cm (f\u00fcr Hunde 13\u201330 kg)<\/li>\n<\/ul>\n<p><a href=\"https:\/\/www.kongcompany.com\/\" target=\"_blank\" rel=\"noopener\"><img loading=\"lazy\" decoding=\"async\" class=\"alignnone wp-image-90622 size-thumbnail\" src=\"https:\/\/dogpride.nl\/wp-content\/uploads\/kong_solid_logo_red-thumb-3-150x150.jpg\" alt=\"KONG\" width=\"150\" height=\"150\" srcset=\"https:\/\/dogpride.nl\/wp-content\/uploads\/kong_solid_logo_red-thumb-3.jpg 150w, https:\/\/dogpride.nl\/wp-content\/uploads\/kong_solid_logo_red-thumb-3-100x100.jpg 100w, https:\/\/dogpride.nl\/wp-content\/uploads\/kong_solid_logo_red-thumb-3-66x66.jpg 66w\" sizes=\"auto, (max-width: 150px) 100vw, 150px\" \/><\/a><\/p>\n<p><a href=\"https:\/\/dogpride.nl\/de\/speelgoed\/kauwspeelgoed\/\"><img loading=\"lazy\" decoding=\"async\" class=\"alignnone\" title=\"KONG Puppy Bei\u00dfstab\" src=\"https:\/\/dogpride.nl\/wp-content\/uploads\/KP13E-3-4-150x150.jpg\" alt=\"KONG Puppy Teething Stick\" width=\"150\" height=\"150\" \/><\/a><\/p>","protected":false},"excerpt":{"rendered":"<p>Dieser Stick wurde speziell f\u00fcr Ihren Welpen entwickelt. Dieser Stab macht das Zahnfleisch weich und unterst\u00fctzt Ihren Welpen, wenn seine Z\u00e4hne durchbrechen. Die Rillen an der Au\u00dfenseite k\u00f6nnen mit Erdnussbutter oder spezieller KONG-Paste gef\u00fcllt werden.<\/p>","protected":false},"featured_media":23771,"template":"","meta":[],"product_brand":[],"product_cat":[187],"product_tag":[],"class_list":{"0":"post-12860","1":"product","2":"type-product","3":"status-publish","4":"has-post-thumbnail","6":"product_cat-kauwspeelgoed","8":"first","9":"instock","10":"taxable","11":"shipping-taxable","12":"purchasable","13":"product-type-variable"},"mb":[],"mfb_rest_fields":["title"],"_links":{"self":[{"href":"https:\/\/dogpride.nl\/de\/wp-json\/wp\/v2\/product\/12860","targetHints":{"allow":["GET"]}}],"collection":[{"href":"https:\/\/dogpride.nl\/de\/wp-json\/wp\/v2\/product"}],"about":[{"href":"https:\/\/dogpride.nl\/de\/wp-json\/wp\/v2\/types\/product"}],"wp:featuredmedia":[{"embeddable":true,"href":"https:\/\/dogpride.nl\/de\/wp-json\/wp\/v2\/media\/23771"}],"wp:attachment":[{"href":"https:\/\/dogpride.nl\/de\/wp-json\/wp\/v2\/media?parent=12860"}],"wp:term":[{"taxonomy":"product_brand","embeddable":true,"href":"https:\/\/dogpride.nl\/de\/wp-json\/wp\/v2\/product_brand?post=12860"},{"taxonomy":"product_cat","embeddable":true,"href":"https:\/\/dogpride.nl\/de\/wp-json\/wp\/v2\/product_cat?post=12860"},{"taxonomy":"product_tag","embeddable":true,"href":"https:\/\/dogpride.nl\/de\/wp-json\/wp\/v2\/product_tag?post=12860"}],"curies":[{"name":"wp","href":"https:\/\/api.w.org\/{rel}","templated":true}]}}