{"id":127967,"date":"2025-02-14T13:56:48","date_gmt":"2025-02-14T12:56:48","guid":{"rendered":"https:\/\/dogpride.nl\/?post_type=product&#038;p=127967"},"modified":"2025-11-05T08:41:28","modified_gmt":"2025-11-05T07:41:28","slug":"pinewood-caribou-tc-broek-kinderen","status":"publish","type":"product","link":"https:\/\/dogpride.nl\/de\/pinewood-caribou-tc-broek-kinderen\/","title":{"rendered":"PINEWOOD Caribou Tc Broek Kinderen"},"content":{"rendered":"<h4>PINEWOOD Caribou Tc Broek Kinderen<\/h4>\n<p>PINEWOOD Caribou Tc Broek Kinderen<\/p>\n<p>Praktische en functionele vrijetijdsbroek voor onze kinderen!<\/p>\n<div>\n<div>Praktische en functionele vrijetijdsbroek voor onze kinderen! Gemaakt in onze eigen ademende en duurzame waterafstotende TC-Lite. Behandeld met biologische impregnering-Bionic Finish\u00ae Eco voor extra water- en vuilafstotende eigenschappen.<br \/>\nDe broek heeft substanti\u00eble elementen van elastische 4-way stretch op de knie\u00ebn en rug voor maximale flexibiliteit en comfort. Voorgevormde knie\u00ebn. Dubbele beenzakken met ritssluiting.<br \/>\nElastische taille (maat 104-140 met verstelbaar elastisch touwtje). Poot verstelbaar met gripbevestiging.<\/div>\n<\/div>\n<div><\/div>\n<div>\n<div style=\"width: 810px;\" class=\"wp-video\"><video class=\"wp-video-shortcode\" id=\"video-127967-1\" width=\"810\" height=\"1080\" preload=\"metadata\" controls=\"controls\"><source type=\"video\/mp4\" src=\"https:\/\/dogpride.nl\/wp-content\/uploads\/7c0d8fb06c7b45a5825df7b7574fd103.HD-1080p-7.2Mbps-41135226.mp4?_=1\" \/><a href=\"https:\/\/dogpride.nl\/wp-content\/uploads\/7c0d8fb06c7b45a5825df7b7574fd103.HD-1080p-7.2Mbps-41135226.mp4\">https:\/\/dogpride.nl\/wp-content\/uploads\/7c0d8fb06c7b45a5825df7b7574fd103.HD-1080p-7.2Mbps-41135226.mp4<\/a><\/video><\/div>\n<\/div>\n<div>\n<p><strong>Material:<\/strong> 65% KATOEN, 35% POLYESTER<\/p>\n<p class=\"mb-24 rte\"><strong>Gewicht:<\/strong> 325g\u00a0(Maat 128)<\/p>\n<p><img loading=\"lazy\" decoding=\"async\" class=\"min-w-full min-h-full object-cover object-center w-24\" src=\"https:\/\/cdn2.gung.io\/pinewood\/gung-pim\/images\/upload\/gin_sym_was_40_mild.png\" alt=\"Wasvoorschriften\" width=\"24\" height=\"24\" \/> <img loading=\"lazy\" decoding=\"async\" class=\"min-w-full min-h-full object-cover object-center w-24\" src=\"https:\/\/cdn2.gung.io\/pinewood\/gung-pim\/images\/upload\/gin_sym_ble_not.png\" alt=\"Wasvoorschriften\" width=\"24\" height=\"24\" \/> <img loading=\"lazy\" decoding=\"async\" class=\"min-w-full min-h-full object-cover object-center w-24\" src=\"https:\/\/cdn2.gung.io\/pinewood\/gung-pim\/images\/upload\/gin_sym_dry_not.png\" alt=\"Wasvoorschriften\" width=\"24\" height=\"24\" \/> <img loading=\"lazy\" decoding=\"async\" class=\"min-w-full min-h-full object-cover object-center w-24\" src=\"https:\/\/cdn2.gung.io\/pinewood\/gung-pim\/images\/upload\/gin_sym_iro_max_110.png\" alt=\"Wasvoorschriften\" width=\"24\" height=\"24\" \/> <img loading=\"lazy\" decoding=\"async\" class=\"min-w-full min-h-full object-cover object-center w-24\" src=\"https:\/\/cdn2.gung.io\/pinewood\/gung-pim\/images\/upload\/gin_sym_pro_dry_not.png\" alt=\"Wasvoorschriften\" width=\"24\" height=\"24\" \/><\/p>\n<\/div>\n<h4><strong>F\u00e4rben: <\/strong><\/h4>\n<ul>\n<li>582 Pruim\/D.Antraciet<\/li>\n<li>425 Zwart\/Zwart<\/li>\n<li>365 StormBlue\/D.Anthraci<\/li>\n<li>195 Middengroen\/mosgroen<\/li>\n<li>153 MosGroen\/Zwart<\/li>\n<\/ul>\n<h4>Funktionen<\/h4>\n<ul class=\"mt-24\">\n<li>&#8211; BIONIC-FINISH\u00ae ECO waterafstotende behandeling<\/li>\n<li>&#8211; Duurzaam en zeer ademend TC-Lite materiaal<\/li>\n<li>&#8211; Elastische taille op maat 152 t\/m 176<\/li>\n<li>&#8211; Zeer rekbare knie\u00ebn en zitvlak<\/li>\n<li>&#8211; Elastische taille die je kunt verstellen met knopen op maat 104 t\/m 140<\/li>\n<\/ul>\n<p><strong>Gr\u00f6\u00dfen:<\/strong> 116 t\/m 176<\/p>\n<p><strong>Gr\u00f6\u00dfentabelle:<\/strong><\/p>\n<p><img loading=\"lazy\" decoding=\"async\" class=\"alignnone wp-image-126758 size-large\" src=\"https:\/\/dogpride.nl\/wp-content\/uploads\/size-guide-spring-summer-2019-en-1-14-659x1024.png\" alt=\"Maattabel\" width=\"659\" height=\"1024\" srcset=\"https:\/\/dogpride.nl\/wp-content\/uploads\/size-guide-spring-summer-2019-en-1-14-659x1024.png 659w, https:\/\/dogpride.nl\/wp-content\/uploads\/size-guide-spring-summer-2019-en-1-14-193x300.png 193w, https:\/\/dogpride.nl\/wp-content\/uploads\/size-guide-spring-summer-2019-en-1-14-768x1194.png 768w, https:\/\/dogpride.nl\/wp-content\/uploads\/size-guide-spring-summer-2019-en-1-14-988x1536.png 988w, https:\/\/dogpride.nl\/wp-content\/uploads\/size-guide-spring-summer-2019-en-1-14-1317x2048.png 1317w, https:\/\/dogpride.nl\/wp-content\/uploads\/size-guide-spring-summer-2019-en-1-14-8x12.png 8w, https:\/\/dogpride.nl\/wp-content\/uploads\/size-guide-spring-summer-2019-en-1-14-250x389.png 250w, https:\/\/dogpride.nl\/wp-content\/uploads\/size-guide-spring-summer-2019-en-1-14-400x622.png 400w, https:\/\/dogpride.nl\/wp-content\/uploads\/size-guide-spring-summer-2019-en-1-14.png 1559w\" sizes=\"auto, (max-width: 659px) 100vw, 659px\" \/><\/p>\n<p><a href=\"https:\/\/pinewood.eu\/en-eu\" target=\"_blank\" rel=\"noopener\"><img loading=\"lazy\" decoding=\"async\" class=\"alignnone wp-image-126759 size-full\" src=\"https:\/\/dogpride.nl\/wp-content\/uploads\/Pinewood-logo-1.png\" alt=\"Logo\" width=\"306\" height=\"112\" srcset=\"https:\/\/dogpride.nl\/wp-content\/uploads\/Pinewood-logo-1.png 306w, https:\/\/dogpride.nl\/wp-content\/uploads\/Pinewood-logo-1-300x110.png 300w, https:\/\/dogpride.nl\/wp-content\/uploads\/Pinewood-logo-1-18x7.png 18w, https:\/\/dogpride.nl\/wp-content\/uploads\/Pinewood-logo-1-250x92.png 250w\" sizes=\"auto, (max-width: 306px) 100vw, 306px\" \/><\/a><\/p>\n<p><a href=\"https:\/\/dogpride.nl\/de\/kleding\/broeken\/pinewood-broeken\/\"><img loading=\"lazy\" decoding=\"async\" class=\"alignnone\" title=\"PINEWOOD Caribou Tc Broek Kinderen\" src=\"https:\/\/dogpride.nl\/wp-content\/uploads\/6085-365-40_Pinewood-150x150.webp\" alt=\"PINEWOOD Caribou Tc Broek Kinderen\" width=\"150\" height=\"150\" \/><\/a><\/p>","protected":false},"excerpt":{"rendered":"<p>Praktische en functionele vrijetijdsbroek voor onze kinderen! Gemaakt in onze eigen ademende en duurzame waterafstotende TC-Lite. Behandeld met biologische impregnering-Bionic Finish\u00ae Eco voor extra water- en vuilafstotende eigenschappen.<\/p>","protected":false},"featured_media":127999,"template":"","meta":[],"product_brand":[],"product_cat":[3861],"product_tag":[8219,4712,8235,3332,3197,6477,6157,5041,3168,3157,8267,7925,4985,4996],"class_list":{"0":"post-127967","1":"product","2":"type-product","3":"status-publish","4":"has-post-thumbnail","6":"product_cat-pinewood-broeken","7":"product_tag-4-way-stretch","8":"product_tag-dog","9":"product_tag-dog-sport","10":"product_tag-hondensport","11":"product_tag-hondensportbroek","12":"product_tag-hondentraining","13":"product_tag-kinderbroek","14":"product_tag-kinderen","15":"product_tag-pinewood","16":"product_tag-training","17":"product_tag-vrijetijdsbroek","18":"product_tag-vuilafstotend","19":"product_tag-waterdicht","20":"product_tag-winddicht","22":"first","23":"instock","24":"taxable","25":"shipping-taxable","26":"purchasable","27":"product-type-variable"},"mb":[],"mfb_rest_fields":["title"],"_links":{"self":[{"href":"https:\/\/dogpride.nl\/de\/wp-json\/wp\/v2\/product\/127967","targetHints":{"allow":["GET"]}}],"collection":[{"href":"https:\/\/dogpride.nl\/de\/wp-json\/wp\/v2\/product"}],"about":[{"href":"https:\/\/dogpride.nl\/de\/wp-json\/wp\/v2\/types\/product"}],"wp:featuredmedia":[{"embeddable":true,"href":"https:\/\/dogpride.nl\/de\/wp-json\/wp\/v2\/media\/127999"}],"wp:attachment":[{"href":"https:\/\/dogpride.nl\/de\/wp-json\/wp\/v2\/media?parent=127967"}],"wp:term":[{"taxonomy":"product_brand","embeddable":true,"href":"https:\/\/dogpride.nl\/de\/wp-json\/wp\/v2\/product_brand?post=127967"},{"taxonomy":"product_cat","embeddable":true,"href":"https:\/\/dogpride.nl\/de\/wp-json\/wp\/v2\/product_cat?post=127967"},{"taxonomy":"product_tag","embeddable":true,"href":"https:\/\/dogpride.nl\/de\/wp-json\/wp\/v2\/product_tag?post=127967"}],"curies":[{"name":"wp","href":"https:\/\/api.w.org\/{rel}","templated":true}]}}