{"id":12622,"date":"2019-06-20T08:56:51","date_gmt":"2019-06-20T06:56:51","guid":{"rendered":"https:\/\/dogpride1.wpengine.com\/product\/reflecterend-hondenharnas-2\/"},"modified":"2025-10-27T11:17:57","modified_gmt":"2025-10-27T10:17:57","slug":"pride-reflecterend-hondenharnas","status":"publish","type":"product","link":"https:\/\/dogpride.nl\/de\/pride-reflecterend-hondenharnas\/","title":{"rendered":"PRIDE Reflektierendes Hundegeschirr"},"content":{"rendered":"<h4>PRIDE Reflektierendes Hundegeschirr<\/h4>\n<p>Das reflektierende Hundegeschirr von PRIDE ist ein professionelles Geschirr (gelb), das stark reflektierend ist und Ihren Hund Tag und Nacht sichtbar macht.<br \/>\nEs besteht aus einem starken, waschbaren Material.<br \/>\nPRIDE Reflecterend hondenharnas biedt bescherming voor u en uw hond doordat bestuurders van voertuigen u te allen tijde gemakkelijk kunnen zien.<\/p>\n<h4>Geeignet f\u00fcr Polizei- und Sicherheitshunde.<\/h4>\n<p>Modell: H-029<br \/>\nMaterial: Strapazierf\u00e4higes und starkes Nylon<br \/>\nFarbe Gelb<\/p>\n<p><b>Borst omtrek:<\/b><\/p>\n<ul>\n<li>S &#8211; 50 cm &#8211; 75 cm<\/li>\n<li>M &#8211; 70 cm &#8211; 90 cm<\/li>\n<li>L &#8211; 85 cm &#8211; 120 cm<\/li>\n<\/ul>\n<p><span style=\"font-size: 13px;\"><strong><span style=\"color: #000000; background-color: #ffffff; text-align: left; display: inline !important; float: none; text-decoration: none;\">Wenn Sie die gew\u00fcnschte Gr\u00f6\u00dfe nicht gefunden haben oder andere spezifische Anforderungen haben, z\u00f6gern Sie nicht, uns zu kontaktieren und wir fertigen eine f\u00fcr Sie an.<\/span><\/strong><\/span><\/p>\n<p>&nbsp;<\/p>\n<p><a href=\"https:\/\/dogpride.nl\/de\/pride-reflecterend-hondenharnas\/\"><img loading=\"lazy\" decoding=\"async\" class=\"alignnone wp-image-136375\" title=\"PRIDE Reflektierendes Hundegeschirr\" src=\"https:\/\/dogpride.nl\/wp-content\/uploads\/PRIDE-Reflecterend-hondenharnas.jpg\" alt=\"PRIDE Reflecterend hondenharnas\" width=\"366\" height=\"275\" srcset=\"https:\/\/dogpride.nl\/wp-content\/uploads\/PRIDE-Reflecterend-hondenharnas.jpg 533w, https:\/\/dogpride.nl\/wp-content\/uploads\/PRIDE-Reflecterend-hondenharnas-300x225.jpg 300w, https:\/\/dogpride.nl\/wp-content\/uploads\/PRIDE-Reflecterend-hondenharnas-16x12.jpg 16w, https:\/\/dogpride.nl\/wp-content\/uploads\/PRIDE-Reflecterend-hondenharnas-250x188.jpg 250w, https:\/\/dogpride.nl\/wp-content\/uploads\/PRIDE-Reflecterend-hondenharnas-400x300.jpg 400w\" sizes=\"auto, (max-width: 366px) 100vw, 366px\" \/><\/a><\/p>\n<p><a href=\"https:\/\/www.dogpride.eu\/\" target=\"_blank\" rel=\"noopener\"><img loading=\"lazy\" decoding=\"async\" class=\"alignnone wp-image-71202 size-medium\" src=\"https:\/\/dogpride.nl\/wp-content\/uploads\/Logo-Pride2-2-300x96.png\" alt=\"\" width=\"300\" height=\"96\" srcset=\"https:\/\/dogpride.nl\/wp-content\/uploads\/Logo-Pride2-2-300x96.png 300w, https:\/\/dogpride.nl\/wp-content\/uploads\/Logo-Pride2-2-250x80.png 250w, https:\/\/dogpride.nl\/wp-content\/uploads\/Logo-Pride2-2-200x64.png 200w, https:\/\/dogpride.nl\/wp-content\/uploads\/Logo-Pride2-2.png 327w\" sizes=\"auto, (max-width: 300px) 100vw, 300px\" \/><\/a><\/p>\n<p>&nbsp;<\/p>\n<p>&nbsp;<\/p>","protected":false},"excerpt":{"rendered":"<p>PRIDE Reflektierendes Hundegeschirr. Professionelles Geschirr (gelb), das stark reflektierend ist und Ihren Hund Tag und Nacht sichtbar macht.<\/p>","protected":false},"featured_media":23350,"template":"","meta":[],"product_brand":[],"product_cat":[1908],"product_tag":[],"class_list":{"0":"post-12622","1":"product","2":"type-product","3":"status-publish","4":"has-post-thumbnail","6":"product_cat-pride-hondenharnassen","8":"first","9":"instock","10":"taxable","11":"shipping-taxable","12":"purchasable","13":"product-type-variable"},"mb":[],"mfb_rest_fields":["title"],"_links":{"self":[{"href":"https:\/\/dogpride.nl\/de\/wp-json\/wp\/v2\/product\/12622","targetHints":{"allow":["GET"]}}],"collection":[{"href":"https:\/\/dogpride.nl\/de\/wp-json\/wp\/v2\/product"}],"about":[{"href":"https:\/\/dogpride.nl\/de\/wp-json\/wp\/v2\/types\/product"}],"wp:featuredmedia":[{"embeddable":true,"href":"https:\/\/dogpride.nl\/de\/wp-json\/wp\/v2\/media\/23350"}],"wp:attachment":[{"href":"https:\/\/dogpride.nl\/de\/wp-json\/wp\/v2\/media?parent=12622"}],"wp:term":[{"taxonomy":"product_brand","embeddable":true,"href":"https:\/\/dogpride.nl\/de\/wp-json\/wp\/v2\/product_brand?post=12622"},{"taxonomy":"product_cat","embeddable":true,"href":"https:\/\/dogpride.nl\/de\/wp-json\/wp\/v2\/product_cat?post=12622"},{"taxonomy":"product_tag","embeddable":true,"href":"https:\/\/dogpride.nl\/de\/wp-json\/wp\/v2\/product_tag?post=12622"}],"curies":[{"name":"wp","href":"https:\/\/api.w.org\/{rel}","templated":true}]}}