{"id":12609,"date":"2019-06-19T14:34:50","date_gmt":"2019-06-19T12:34:50","guid":{"rendered":"https:\/\/dogpride1.wpengine.com\/product\/verstelbaar-nylon-speurharnas-2\/"},"modified":"2025-10-31T09:39:31","modified_gmt":"2025-10-31T08:39:31","slug":"pride-verstelbaar-nylon-speurharnas","status":"publish","type":"product","link":"https:\/\/dogpride.nl\/de\/pride-verstelbaar-nylon-speurharnas\/","title":{"rendered":"PRIDE Verstellbares Nylon-Tracking-Geschirr"},"content":{"rendered":"<h4>PRIDE Verstellbares Nylon-Tracking-Geschirr<\/h4>\n<div>PRIDE Verstellbares Nylon-Tracking-Geschirr<\/div>\n<div>F\u00e4hrtengeschirr mit 3 Ringen.<br \/>\nPRIDE Verstelbaar nylon speurharnas is geweldig voor lange speurexpedities in alle weersomstandigheden. Sterk en comfortabel in elke omgeving.<br \/>\nDas Nylon-Tracking-Geschirr ist mit einer Schnellverschlussschnalle an den R\u00fcckengurten ausgestattet und l\u00e4sst sich schnell und einfach an- und ausziehen.<br \/>\nPRIDE Verstelbaar nylon speurharnas is gemaakt van zacht, stevig nylon dat vaak de voorkeur geniet van degenen die werken in zware, natte omstandigheden of die zich zorgen maken over het gewicht van het leren harnas.<\/div>\n<div>Tracking als Hundesport kann eine n\u00fctzliche und unterhaltsame M\u00f6glichkeit sein, Zeit mit Ihrem Hund in der freien Natur zu verbringen.<\/div>\n<div>\n<p>Das nat\u00fcrliche Talent Ihres Hundes, F\u00e4hrten zu verfolgen, kann bei F\u00e4hrtenwettbewerben genutzt werden. Auf der Jagd, f\u00fcr den ernsthaften Einsatz oder einfach nur zum Spa\u00df.<br \/>\nF\u00e4hrtenlesen ist eine gro\u00dfartige mentale \u00dcbung f\u00fcr Ihren Hund und kann Ihnen helfen, die Natur Ihres Haustieres besser zu verstehen.<\/p>\n<p>PRIDE Verstellbares Nylon-Tracking-Geschirr<\/p>\n<p>Modell: H-004<br \/>\nMaterial: starkes Nylon<br \/>\nFarbe schwarz<\/p>\n<h3>Gr\u00f6\u00dfen:<\/h3>\n<ul>\n<li>S: Brustumfang 60\u201380 cm<\/li>\n<li><span style=\"color: #000000; background-color: #ffffff; font-size: 13px; text-align: left; display: inline !important; float: none; text-decoration: none;\">M: Brustumfang 70\u201398 cm<\/span><\/li>\n<li><span style=\"color: #000000; font-size: 13px;\">L: Brustumfang 90\u2013115 cm<\/span><\/li>\n<\/ul>\n<\/div>\n<div><\/div>\n<div><a href=\"https:\/\/www.dogpride.eu\/\" target=\"_blank\" rel=\"noopener\"><img loading=\"lazy\" decoding=\"async\" class=\"alignnone wp-image-71202 size-medium\" src=\"https:\/\/dogpride.nl\/wp-content\/uploads\/Logo-Pride2-2-300x96.png\" alt=\"PRIDE\" width=\"300\" height=\"96\" srcset=\"https:\/\/dogpride.nl\/wp-content\/uploads\/Logo-Pride2-2-300x96.png 300w, https:\/\/dogpride.nl\/wp-content\/uploads\/Logo-Pride2-2-250x80.png 250w, https:\/\/dogpride.nl\/wp-content\/uploads\/Logo-Pride2-2-200x64.png 200w, https:\/\/dogpride.nl\/wp-content\/uploads\/Logo-Pride2-2.png 327w\" sizes=\"auto, (max-width: 300px) 100vw, 300px\" \/><\/a><\/div>\n<div><a href=\"https:\/\/dogpride.nl\/de\/lijnen-en-tuigjes-voor-honden\/pride-hondenharnassen\/\"><img loading=\"lazy\" decoding=\"async\" class=\"alignnone wp-image-136362 size-thumbnail\" title=\"PRIDE Verstellbares Nylon-Tracking-Geschirr\" src=\"https:\/\/dogpride.nl\/wp-content\/uploads\/PRIDE-Verstelbaar-nylon-speurharnas-150x150.jpg\" alt=\"PRIDE Verstelbaar nylon speurharnas\" width=\"150\" height=\"150\" srcset=\"https:\/\/dogpride.nl\/wp-content\/uploads\/PRIDE-Verstelbaar-nylon-speurharnas-150x150.jpg 150w, https:\/\/dogpride.nl\/wp-content\/uploads\/PRIDE-Verstelbaar-nylon-speurharnas-100x100.jpg 100w\" sizes=\"auto, (max-width: 150px) 100vw, 150px\" \/><\/a><\/div>","protected":false},"excerpt":{"rendered":"<p>Das Geschirr besteht aus weichem, robustem Nylon und wird h\u00e4ufig von Personen bevorzugt, die unter rauen, nassen Bedingungen arbeiten oder sich Sorgen \u00fcber das Gewicht des Ledergeschirrs machen.<\/p>","protected":false},"featured_media":20008,"template":"","meta":[],"product_brand":[],"product_cat":[1908],"product_tag":[],"class_list":{"0":"post-12609","1":"product","2":"type-product","3":"status-publish","4":"has-post-thumbnail","6":"product_cat-pride-hondenharnassen","8":"first","9":"instock","10":"taxable","11":"shipping-taxable","12":"purchasable","13":"product-type-variable"},"mb":[],"mfb_rest_fields":["title"],"_links":{"self":[{"href":"https:\/\/dogpride.nl\/de\/wp-json\/wp\/v2\/product\/12609","targetHints":{"allow":["GET"]}}],"collection":[{"href":"https:\/\/dogpride.nl\/de\/wp-json\/wp\/v2\/product"}],"about":[{"href":"https:\/\/dogpride.nl\/de\/wp-json\/wp\/v2\/types\/product"}],"wp:featuredmedia":[{"embeddable":true,"href":"https:\/\/dogpride.nl\/de\/wp-json\/wp\/v2\/media\/20008"}],"wp:attachment":[{"href":"https:\/\/dogpride.nl\/de\/wp-json\/wp\/v2\/media?parent=12609"}],"wp:term":[{"taxonomy":"product_brand","embeddable":true,"href":"https:\/\/dogpride.nl\/de\/wp-json\/wp\/v2\/product_brand?post=12609"},{"taxonomy":"product_cat","embeddable":true,"href":"https:\/\/dogpride.nl\/de\/wp-json\/wp\/v2\/product_cat?post=12609"},{"taxonomy":"product_tag","embeddable":true,"href":"https:\/\/dogpride.nl\/de\/wp-json\/wp\/v2\/product_tag?post=12609"}],"curies":[{"name":"wp","href":"https:\/\/api.w.org\/{rel}","templated":true}]}}