{"id":12597,"date":"2019-06-19T12:28:02","date_gmt":"2019-06-19T10:28:02","guid":{"rendered":"https:\/\/dogpride1.wpengine.com\/product\/biothane-hondenlijn-police-2\/"},"modified":"2025-10-28T12:53:28","modified_gmt":"2025-10-28T11:53:28","slug":"pride-biothane-hondenlijn-police","status":"publish","type":"product","link":"https:\/\/dogpride.nl\/de\/pride-biothane-hondenlijn-police\/","title":{"rendered":"PRIDE Biothane Hondenlijn Police"},"content":{"rendered":"<h4>PRIDE Biothane Hondenlijn Police<\/h4>\n<p>PRIDE Biothane Hondenlijn Police<\/p>\n<div>PRIDE Biothane Hondenlijn Police gemaakt van het beste Biothanemateriaal.<br \/>\nAn der Leine befinden sich mehrere Ringe, sodass Sie die L\u00e4nge variieren k\u00f6nnen. Unsere All-Wather-Biothane-Linien haben das Aussehen und die Haptik von Leder, sind jedoch \u00e4u\u00dferst robust und wartungsfrei.<\/div>\n<div>Dies ist die Art von Leine, die von Polizei und Sicherheitsfirmen, Hundeeinheiten und Milit\u00e4r empfohlen wird, sie wird auch von Hundetrainern empfohlen.<\/div>\n<div>\n<p>Die Leine nimmt kein Wasser auf und wird nicht schwerer.<br \/>\nIdeal f\u00fcr verschwitzte H\u00e4nde<br \/>\nIdeal bei nassem Wetter<br \/>\nIdeal zum Spielen im Wasser<\/p>\n<p>So verwenden Sie diese Hundeleine:<\/p>\n<p>- \u00dcber die Schulter:<br \/>\nF\u00fchren Sie das Griffende \u00fcber Ihre Schulter gegen\u00fcber der Seite, auf der Sie Ihren Hund f\u00fchren m\u00f6chten, \u00fcber Ihren R\u00fccken und nach oben unter Ihren Arm.<br \/>\nBefestigen Sie diesen Karabiner am schwebenden \u201eO\u201c-Ring, um eine Schlaufe um Ihren Oberk\u00f6rper zu bilden.<br \/>\nBefestigen Sie Ihren Hund am anderen Ende und los geht\u2019s!<\/p>\n<p>\u2013 Spaziergang mit 2 Hunden: Befestigen Sie einfach einen Hund an jedem Karabiner und halten Sie die Leine in der Mitte.<\/p>\n<p>Farbe schwarz<\/p>\n<\/div>\n<p><a href=\"https:\/\/dogpride.nl\/de\/lijnen-en-tuigjes-voor-honden\/pride-hondenlijnen\/\"><img loading=\"lazy\" decoding=\"async\" class=\"alignnone wp-image-136418 size-thumbnail\" src=\"https:\/\/dogpride.nl\/wp-content\/uploads\/PRIDE-Biothane-Hondenlijn-Police-150x150.jpg\" alt=\"PRIDE Biothane Hondenlijn Police\" width=\"150\" height=\"150\" srcset=\"https:\/\/dogpride.nl\/wp-content\/uploads\/PRIDE-Biothane-Hondenlijn-Police-150x150.jpg 150w, https:\/\/dogpride.nl\/wp-content\/uploads\/PRIDE-Biothane-Hondenlijn-Police-100x100.jpg 100w\" sizes=\"auto, (max-width: 150px) 100vw, 150px\" \/><\/a><\/p>\n<p><a href=\"https:\/\/www.dogpride.eu\/\" target=\"_blank\" rel=\"noopener\"><img loading=\"lazy\" decoding=\"async\" class=\"alignnone wp-image-70657 size-medium\" src=\"https:\/\/dogpride.nl\/wp-content\/uploads\/Logo-Pride2-1-300x96.png\" alt=\"logo\" width=\"300\" height=\"96\" srcset=\"https:\/\/dogpride.nl\/wp-content\/uploads\/Logo-Pride2-1-300x96.png 300w, https:\/\/dogpride.nl\/wp-content\/uploads\/Logo-Pride2-1-250x80.png 250w, https:\/\/dogpride.nl\/wp-content\/uploads\/Logo-Pride2-1-200x64.png 200w, https:\/\/dogpride.nl\/wp-content\/uploads\/Logo-Pride2-1.png 327w\" sizes=\"auto, (max-width: 300px) 100vw, 300px\" \/><\/a><\/p>","protected":false},"excerpt":{"rendered":"<p>PRIDE Biothane Hondenlijn PolicedDit is het type lead dat wordt aanbevolen door politie- en beveiligingsbedrijven, hondenunits en leger, het is ook de leiding die door trainers van honden wordt aanbevolen.<\/p>","protected":false},"featured_media":20006,"template":"","meta":[],"product_brand":[],"product_cat":[192],"product_tag":[],"class_list":{"0":"post-12597","1":"product","2":"type-product","3":"status-publish","4":"has-post-thumbnail","6":"product_cat-pride-hondenlijnen","8":"first","9":"instock","10":"taxable","11":"shipping-taxable","12":"purchasable","13":"product-type-simple"},"mb":[],"mfb_rest_fields":["title"],"_links":{"self":[{"href":"https:\/\/dogpride.nl\/de\/wp-json\/wp\/v2\/product\/12597","targetHints":{"allow":["GET"]}}],"collection":[{"href":"https:\/\/dogpride.nl\/de\/wp-json\/wp\/v2\/product"}],"about":[{"href":"https:\/\/dogpride.nl\/de\/wp-json\/wp\/v2\/types\/product"}],"wp:featuredmedia":[{"embeddable":true,"href":"https:\/\/dogpride.nl\/de\/wp-json\/wp\/v2\/media\/20006"}],"wp:attachment":[{"href":"https:\/\/dogpride.nl\/de\/wp-json\/wp\/v2\/media?parent=12597"}],"wp:term":[{"taxonomy":"product_brand","embeddable":true,"href":"https:\/\/dogpride.nl\/de\/wp-json\/wp\/v2\/product_brand?post=12597"},{"taxonomy":"product_cat","embeddable":true,"href":"https:\/\/dogpride.nl\/de\/wp-json\/wp\/v2\/product_cat?post=12597"},{"taxonomy":"product_tag","embeddable":true,"href":"https:\/\/dogpride.nl\/de\/wp-json\/wp\/v2\/product_tag?post=12597"}],"curies":[{"name":"wp","href":"https:\/\/api.w.org\/{rel}","templated":true}]}}