{"id":12592,"date":"2019-06-19T11:59:00","date_gmt":"2019-06-19T09:59:00","guid":{"rendered":"https:\/\/dogpride1.wpengine.com\/product\/biothane-trainingslijn-met-handvat-115-cm-2\/"},"modified":"2025-10-28T13:02:49","modified_gmt":"2025-10-28T12:02:49","slug":"pride-biothane-trainingslijn-met-handvat-115-cm","status":"publish","type":"product","link":"https:\/\/dogpride.nl\/de\/pride-biothane-trainingslijn-met-handvat-115-cm\/","title":{"rendered":"PRIDE BIOTHANE Trainingsleine mit Griff 115 cm"},"content":{"rendered":"<h4 style=\"color: #000000; font-size: 30px; text-align: left; text-decoration: none;\">PRIDE BIOTHANE Trainingsleine mit Griff 115 cm<\/h4>\n<p style=\"color: #000000; font-size: 13px; text-align: left; text-decoration: none;\">Diese Trainingsleine mit Griff besteht aus einem revolution\u00e4ren Biothane\u00ae-Material, das 100% wasserdicht ist, weich bleibt, in Sekundenschnelle abgewischt werden kann und leicht zu handhaben ist (auch wenn es nass ist).<br \/>\nUnsere All-Weather-Biothane-Sortimente haben das Aussehen und die Haptik von Leder, sind jedoch \u00e4u\u00dferst robust und wartungsfrei. Der Messingkarabiner rostet nicht.<\/p>\n<p style=\"color: #000000; font-size: 13px; text-align: left; text-decoration: none;\">Mit seiner un\u00fcbertroffenen Allwetterleistung ist dieser G\u00fcrtel ein Favorit von Polizei-, Milit\u00e4r- und Sportbegeisterten.<\/p>\n<p style=\"color: #000000; font-size: 13px; text-align: left; text-decoration: none;\">Material: BioThane<br \/>\nFarbe: Gr\u00fcn, Blau, Gelb und Rot<br \/>\nBreite: 19 mm<br \/>\nL\u00e4nge: 115 cm<\/p>\n<p><a href=\"https:\/\/dogpride.nl\/de\/pride-biothane-trainingslijn-met-handvat-115-cm\/\"><img loading=\"lazy\" decoding=\"async\" class=\"alignnone wp-image-136424 size-medium\" src=\"https:\/\/dogpride.nl\/wp-content\/uploads\/PRIDE-BIOTHANE-Trainingslijn-met-handvat-115-cm-300x225.jpg\" alt=\"PRIDE BIOTHANE Trainingslijn met handvat 115 cm\" width=\"300\" height=\"225\" srcset=\"https:\/\/dogpride.nl\/wp-content\/uploads\/PRIDE-BIOTHANE-Trainingslijn-met-handvat-115-cm-300x225.jpg 300w, https:\/\/dogpride.nl\/wp-content\/uploads\/PRIDE-BIOTHANE-Trainingslijn-met-handvat-115-cm-16x12.jpg 16w, https:\/\/dogpride.nl\/wp-content\/uploads\/PRIDE-BIOTHANE-Trainingslijn-met-handvat-115-cm-250x188.jpg 250w, https:\/\/dogpride.nl\/wp-content\/uploads\/PRIDE-BIOTHANE-Trainingslijn-met-handvat-115-cm-400x300.jpg 400w, https:\/\/dogpride.nl\/wp-content\/uploads\/PRIDE-BIOTHANE-Trainingslijn-met-handvat-115-cm.jpg 533w\" sizes=\"auto, (max-width: 300px) 100vw, 300px\" \/><\/a><\/p>\n<p>&nbsp;<\/p>\n<p><a href=\"https:\/\/www.dogpride.eu\/\" target=\"_blank\" rel=\"noopener\"><img loading=\"lazy\" decoding=\"async\" class=\"alignnone wp-image-70657 size-medium\" src=\"https:\/\/dogpride.nl\/wp-content\/uploads\/Logo-Pride2-1-300x96.png\" alt=\"\" width=\"300\" height=\"96\" srcset=\"https:\/\/dogpride.nl\/wp-content\/uploads\/Logo-Pride2-1-300x96.png 300w, https:\/\/dogpride.nl\/wp-content\/uploads\/Logo-Pride2-1-250x80.png 250w, https:\/\/dogpride.nl\/wp-content\/uploads\/Logo-Pride2-1-200x64.png 200w, https:\/\/dogpride.nl\/wp-content\/uploads\/Logo-Pride2-1.png 327w\" sizes=\"auto, (max-width: 300px) 100vw, 300px\" \/><\/a><\/p>\n<p>&nbsp;<\/p>","protected":false},"excerpt":{"rendered":"<p>PRIDE BIOTHANE Trainingsleine mit Griff 115 cm. Diese Trainingsleine mit Griff besteht aus einem revolution\u00e4ren Biothane\u00ae-Material, das 100% wasserdicht ist.<\/p>","protected":false},"featured_media":23241,"template":"","meta":[],"product_brand":[],"product_cat":[192],"product_tag":[],"class_list":{"0":"post-12592","1":"product","2":"type-product","3":"status-publish","4":"has-post-thumbnail","6":"product_cat-pride-hondenlijnen","8":"first","9":"instock","10":"taxable","11":"shipping-taxable","12":"purchasable","13":"product-type-variable"},"mb":[],"mfb_rest_fields":["title"],"_links":{"self":[{"href":"https:\/\/dogpride.nl\/de\/wp-json\/wp\/v2\/product\/12592","targetHints":{"allow":["GET"]}}],"collection":[{"href":"https:\/\/dogpride.nl\/de\/wp-json\/wp\/v2\/product"}],"about":[{"href":"https:\/\/dogpride.nl\/de\/wp-json\/wp\/v2\/types\/product"}],"wp:featuredmedia":[{"embeddable":true,"href":"https:\/\/dogpride.nl\/de\/wp-json\/wp\/v2\/media\/23241"}],"wp:attachment":[{"href":"https:\/\/dogpride.nl\/de\/wp-json\/wp\/v2\/media?parent=12592"}],"wp:term":[{"taxonomy":"product_brand","embeddable":true,"href":"https:\/\/dogpride.nl\/de\/wp-json\/wp\/v2\/product_brand?post=12592"},{"taxonomy":"product_cat","embeddable":true,"href":"https:\/\/dogpride.nl\/de\/wp-json\/wp\/v2\/product_cat?post=12592"},{"taxonomy":"product_tag","embeddable":true,"href":"https:\/\/dogpride.nl\/de\/wp-json\/wp\/v2\/product_tag?post=12592"}],"curies":[{"name":"wp","href":"https:\/\/api.w.org\/{rel}","templated":true}]}}