{"id":12567,"date":"2019-06-19T08:33:07","date_gmt":"2019-06-19T06:33:07","guid":{"rendered":"https:\/\/dogpride1.wpengine.com\/product\/cover-voor-prikband-maat-s-camouflage-2\/"},"modified":"2025-10-27T15:07:50","modified_gmt":"2025-10-27T14:07:50","slug":"pride-cover-voor-prikband-maat-s-camouflage","status":"publish","type":"product","link":"https:\/\/dogpride.nl\/de\/pride-cover-voor-prikband-maat-s-camouflage\/","title":{"rendered":"PRIDE Cover voor prikband Maat-S Camouflage"},"content":{"rendered":"<h4>PRIDE Cover voor prikband Maat-S Camouflage<\/h4>\n<ul>\n<li style=\"color: #000000; font-size: 13px; text-align: left; text-decoration: none;\">Gr\u00f6\u00dfe: 39 cm<\/li>\n<li style=\"color: #000000; font-size: 13px; text-align: left; text-decoration: none;\">Breite: 25 mm<\/li>\n<li style=\"color: #000000; font-size: 13px; text-align: left; text-decoration: none;\"><span style=\"color: #000000; background-color: #ffffff; font-size: 13px; text-align: left; display: inline !important; float: none; text-decoration: none;\">Material: Nylon<\/span><\/li>\n<\/ul>\n<p>Leverbaar in de kleuren: Roze Camouflage, Groene Camouflage en Winter Camouflage<\/p>\n<p>Geeignet f\u00fcr kleinere Stachelhalsb\u00e4nder.<\/p>\n<p><span style=\"color: #000000; background-color: #ffffff; font-size: 13px; text-align: left; display: inline !important; float: none; text-decoration: none;\">*Klemmband nicht im Lieferumfang enthalten<\/span><\/p>\n<p><a href=\"https:\/\/www.dogpride.eu\/\" target=\"_blank\" rel=\"noopener\"><img loading=\"lazy\" decoding=\"async\" class=\"alignnone wp-image-70657 size-medium\" src=\"https:\/\/dogpride.nl\/wp-content\/uploads\/Logo-Pride2-1-300x96.png\" alt=\"Logo Pride\" width=\"300\" height=\"96\" srcset=\"https:\/\/dogpride.nl\/wp-content\/uploads\/Logo-Pride2-1-300x96.png 300w, https:\/\/dogpride.nl\/wp-content\/uploads\/Logo-Pride2-1-250x80.png 250w, https:\/\/dogpride.nl\/wp-content\/uploads\/Logo-Pride2-1-200x64.png 200w, https:\/\/dogpride.nl\/wp-content\/uploads\/Logo-Pride2-1.png 327w\" sizes=\"auto, (max-width: 300px) 100vw, 300px\" \/><\/a><\/p>\n<p><a href=\"https:\/\/dogpride.nl\/de\/pride-cover-voor-prikband-maat-s-camouflage\/\"><img loading=\"lazy\" decoding=\"async\" class=\"alignnone wp-image-136966\" src=\"https:\/\/dogpride.nl\/wp-content\/uploads\/PRIDE-Cover-voor-prikband-Maat-S-Camouflage.jpg\" alt=\"PRIDE Cover voor prikband Maat-S Camouflage\" width=\"354\" height=\"199\" srcset=\"https:\/\/dogpride.nl\/wp-content\/uploads\/PRIDE-Cover-voor-prikband-Maat-S-Camouflage.jpg 1600w, https:\/\/dogpride.nl\/wp-content\/uploads\/PRIDE-Cover-voor-prikband-Maat-S-Camouflage-300x169.jpg 300w, https:\/\/dogpride.nl\/wp-content\/uploads\/PRIDE-Cover-voor-prikband-Maat-S-Camouflage-1024x576.jpg 1024w, https:\/\/dogpride.nl\/wp-content\/uploads\/PRIDE-Cover-voor-prikband-Maat-S-Camouflage-768x432.jpg 768w, https:\/\/dogpride.nl\/wp-content\/uploads\/PRIDE-Cover-voor-prikband-Maat-S-Camouflage-1536x864.jpg 1536w, https:\/\/dogpride.nl\/wp-content\/uploads\/PRIDE-Cover-voor-prikband-Maat-S-Camouflage-18x10.jpg 18w, https:\/\/dogpride.nl\/wp-content\/uploads\/PRIDE-Cover-voor-prikband-Maat-S-Camouflage-250x141.jpg 250w, https:\/\/dogpride.nl\/wp-content\/uploads\/PRIDE-Cover-voor-prikband-Maat-S-Camouflage-400x225.jpg 400w\" sizes=\"auto, (max-width: 354px) 100vw, 354px\" \/><\/a><\/p>\n<p>&nbsp;<\/p>","protected":false},"excerpt":{"rendered":"<p>PRIDE Abdeckung f\u00fcr Zinkenband Gr\u00f6\u00dfe S Camouflage. Geeignet f\u00fcr kleinere Stachelhalsb\u00e4nder. Spike-Riemen nicht im Lieferumfang enthalten.<\/p>","protected":false},"featured_media":134191,"template":"","meta":[],"product_brand":[],"product_cat":[90],"product_tag":[6942,8486,4929,8254,6349,3332,10823,9287,7558,10759,10780,7675,5122,10824,4866,10825,3157,7444,3389],"class_list":{"0":"post-12567","1":"product","2":"type-product","3":"status-publish","4":"has-post-thumbnail","6":"product_cat-pride-hondenhalsbanden","7":"product_tag-collar","8":"product_tag-comfortabel","9":"product_tag-cover","10":"product_tag-duurzaam","11":"product_tag-hondenhalsband","12":"product_tag-hondensport","13":"product_tag-luxe-accessoire","14":"product_tag-pinch","15":"product_tag-pinhalsband","16":"product_tag-pride-collectie","17":"product_tag-pride-halsband","18":"product_tag-prikband","19":"product_tag-prikhalsband","20":"product_tag-robuust","21":"product_tag-sterke-halsband","22":"product_tag-stijlvol","23":"product_tag-training","24":"product_tag-verstelbaar","25":"product_tag-werkhond","27":"first","28":"instock","29":"taxable","30":"shipping-taxable","31":"purchasable","32":"product-type-variable"},"mb":[],"mfb_rest_fields":["title"],"_links":{"self":[{"href":"https:\/\/dogpride.nl\/de\/wp-json\/wp\/v2\/product\/12567","targetHints":{"allow":["GET"]}}],"collection":[{"href":"https:\/\/dogpride.nl\/de\/wp-json\/wp\/v2\/product"}],"about":[{"href":"https:\/\/dogpride.nl\/de\/wp-json\/wp\/v2\/types\/product"}],"wp:featuredmedia":[{"embeddable":true,"href":"https:\/\/dogpride.nl\/de\/wp-json\/wp\/v2\/media\/134191"}],"wp:attachment":[{"href":"https:\/\/dogpride.nl\/de\/wp-json\/wp\/v2\/media?parent=12567"}],"wp:term":[{"taxonomy":"product_brand","embeddable":true,"href":"https:\/\/dogpride.nl\/de\/wp-json\/wp\/v2\/product_brand?post=12567"},{"taxonomy":"product_cat","embeddable":true,"href":"https:\/\/dogpride.nl\/de\/wp-json\/wp\/v2\/product_cat?post=12567"},{"taxonomy":"product_tag","embeddable":true,"href":"https:\/\/dogpride.nl\/de\/wp-json\/wp\/v2\/product_tag?post=12567"}],"curies":[{"name":"wp","href":"https:\/\/api.w.org\/{rel}","templated":true}]}}