{"id":12564,"date":"2019-06-19T08:19:16","date_gmt":"2019-06-19T06:19:16","guid":{"rendered":"https:\/\/dogpride1.wpengine.com\/product\/prikhalsband-met-cobra-sluiting-2\/"},"modified":"2025-10-29T12:46:35","modified_gmt":"2025-10-29T11:46:35","slug":"pride-trainingshalsband-met-cobra-sluiting","status":"publish","type":"product","link":"https:\/\/dogpride.nl\/de\/pride-trainingshalsband-met-cobra-sluiting\/","title":{"rendered":"PRIDE Trainingshalsband met COBRA sluiting"},"content":{"rendered":"<h4>PRIDE Trainingshalsband met COBRA sluiting<\/h4>\n<p>PRIDE Trainingshalsband met COBRA sluiting<\/p>\n<div style=\"color: #000000; font-size: 13px; text-align: left; text-decoration: none;\">DePRIDE Trainingshalsband met COBRA sluiting is een buitengewoon effectief alternatief voor een slipketting voor het begeleiden van uw hond tijdens het wandelen en is ideaal voor eigenaren van honden die aan de riem trekken.<br \/>\nDe prikband is een zachte methode om te voorkomen dat uw honden zichzelf gaan stikken en onnodige druk uitoefenen op de nek. Bij correct gebruik biedt de prikband fantastische en direct merkbare resultaten.<br \/>\nWir empfehlen Ihnen dringend, das Halsband mit Bedacht zu verwenden, um Ihren Hund nicht zu verletzen. Wenn Sie Zweifel haben, halten Sie an und wenden Sie sich an einen qualifizierten Trainer.<\/div>\n<div style=\"color: #000000; font-size: 13px; text-align: left; text-decoration: none;\">De PRIDE Trainingshalsband met COBRA sluiting is het best geschikt voor gebruik met een korte riem om uw hond dichtbij te houden.<br \/>\nDie Annahme, dass dieses Halsband \u201equetscht\u201c, wenn Druck auf den Hund ausge\u00fcbt wird, ist nicht wahr. Der Klappgurt klemmt nicht so, dass es zu Verletzungen kommen kann.<\/div>\n<div style=\"color: #000000; font-size: 13px; text-align: left; text-decoration: none;\">Denken Sie daran, diese Art von Stachelhalsb\u00e4ndern NIEMALS \u00fcber den Kopf Ihres Hundes zu ziehen.<\/div>\n<div style=\"color: #000000; font-size: 13px; text-align: left; text-decoration: none;\">Der Klappstecker sollte so angesetzt werden, dass die Stifte nach innen zeigen. Das Halsband sollte abgenommen werden, wenn der Hund nicht an der Leine ist und Platz zum Laufen oder Spielen hat.<br \/>\nDas Stachelhalsband ist kein Ersatz f\u00fcr das \u00fcbliche Halsband Ihres Hundes und kann mit fast jedem Halsband verwendet werden, das Ihr Hund t\u00e4glich tr\u00e4gt.<\/div>\n<div style=\"color: #000000; font-size: 13px; text-align: left; text-decoration: none;\">Achten Sie darauf, den Hals Ihres Hundes richtig zu messen, bevor Sie das Halsband anlegen. Der Zinkenriemen l\u00e4sst sich sehr einfach durch Hinzuf\u00fcgen oder Entfernen von Gliedern anpassen.<\/div>\n<div><\/div>\n<div><span style=\"color: #000000;\"><span style=\"background-color: #ffffff; font-size: 10pt; text-align: left; display: inline; float: none; text-decoration: none;\">Model: <span id=\"sku\" class=\"p-model\" style=\"color: #000000; text-align: left; text-decoration: none;\">CL-037C<\/span><\/span><br \/>\n<\/span><span style=\"color: #000000;\">L\u00e4nge: \u00b1 60 cm<br \/>\nBreite: \u00b1 30 mm<\/span><\/div>\n<div><\/div>\n<p style=\"color: #000000; font-size: 13px; text-align: left; text-decoration: none;\"><a href=\"https:\/\/www.dogpride.eu\/\" target=\"_blank\" rel=\"noopener\"><img loading=\"lazy\" decoding=\"async\" class=\"alignnone wp-image-70657 size-medium\" src=\"https:\/\/dogpride.nl\/wp-content\/uploads\/Logo-Pride2-1-300x96.png\" alt=\"Logo PRIDE\" width=\"300\" height=\"96\" srcset=\"https:\/\/dogpride.nl\/wp-content\/uploads\/Logo-Pride2-1-300x96.png 300w, https:\/\/dogpride.nl\/wp-content\/uploads\/Logo-Pride2-1-250x80.png 250w, https:\/\/dogpride.nl\/wp-content\/uploads\/Logo-Pride2-1-200x64.png 200w, https:\/\/dogpride.nl\/wp-content\/uploads\/Logo-Pride2-1.png 327w\" sizes=\"auto, (max-width: 300px) 100vw, 300px\" \/><\/a><\/p>\n<p><a href=\"https:\/\/dogpride.nl\/de\/pride-trainingshalsband-met-cobra-sluiting\/\"><img loading=\"lazy\" decoding=\"async\" class=\"alignnone wp-image-136969\" src=\"https:\/\/dogpride.nl\/wp-content\/uploads\/PRIDE-Trainingshalsband-met-COBRA-sluiting.jpg\" alt=\"PRIDE Trainingshalsband met COBRA sluiting\" width=\"278\" height=\"185\" srcset=\"https:\/\/dogpride.nl\/wp-content\/uploads\/PRIDE-Trainingshalsband-met-COBRA-sluiting.jpg 900w, https:\/\/dogpride.nl\/wp-content\/uploads\/PRIDE-Trainingshalsband-met-COBRA-sluiting-300x200.jpg 300w, https:\/\/dogpride.nl\/wp-content\/uploads\/PRIDE-Trainingshalsband-met-COBRA-sluiting-768x512.jpg 768w, https:\/\/dogpride.nl\/wp-content\/uploads\/PRIDE-Trainingshalsband-met-COBRA-sluiting-18x12.jpg 18w, https:\/\/dogpride.nl\/wp-content\/uploads\/PRIDE-Trainingshalsband-met-COBRA-sluiting-250x167.jpg 250w, https:\/\/dogpride.nl\/wp-content\/uploads\/PRIDE-Trainingshalsband-met-COBRA-sluiting-400x267.jpg 400w\" sizes=\"auto, (max-width: 278px) 100vw, 278px\" \/><\/a><\/p>\n<p>&nbsp;<\/p>","protected":false},"excerpt":{"rendered":"<p>Das Zinkenhalsband ist eine \u00e4u\u00dferst effektive Alternative zur Rutschkette zur F\u00fchrung Ihres Hundes auf Spazierg\u00e4ngen und ideal f\u00fcr Besitzer von Hunden, die an der Leine ziehen.<\/p>","protected":false},"featured_media":19994,"template":"","meta":[],"product_brand":[],"product_cat":[90],"product_tag":[4868,8486,8254,6349,3332,6477,10823,7558,4865,10759,10780,5122,10824,4866,10825,3157,6677,7444,3389],"class_list":{"0":"post-12564","1":"product","2":"type-product","3":"status-publish","4":"has-post-thumbnail","6":"product_cat-pride-hondenhalsbanden","7":"product_tag-cobra-sluiting","8":"product_tag-comfortabel","9":"product_tag-duurzaam","10":"product_tag-hondenhalsband","11":"product_tag-hondensport","12":"product_tag-hondentraining","13":"product_tag-luxe-accessoire","14":"product_tag-pinhalsband","15":"product_tag-pride","16":"product_tag-pride-collectie","17":"product_tag-pride-halsband","18":"product_tag-prikhalsband","19":"product_tag-robuust","20":"product_tag-sterke-halsband","21":"product_tag-stijlvol","22":"product_tag-training","23":"product_tag-trainingshalsband","24":"product_tag-verstelbaar","25":"product_tag-werkhond","27":"first","28":"instock","29":"taxable","30":"shipping-taxable","31":"purchasable","32":"product-type-simple"},"mb":[],"mfb_rest_fields":["title"],"_links":{"self":[{"href":"https:\/\/dogpride.nl\/de\/wp-json\/wp\/v2\/product\/12564","targetHints":{"allow":["GET"]}}],"collection":[{"href":"https:\/\/dogpride.nl\/de\/wp-json\/wp\/v2\/product"}],"about":[{"href":"https:\/\/dogpride.nl\/de\/wp-json\/wp\/v2\/types\/product"}],"wp:featuredmedia":[{"embeddable":true,"href":"https:\/\/dogpride.nl\/de\/wp-json\/wp\/v2\/media\/19994"}],"wp:attachment":[{"href":"https:\/\/dogpride.nl\/de\/wp-json\/wp\/v2\/media?parent=12564"}],"wp:term":[{"taxonomy":"product_brand","embeddable":true,"href":"https:\/\/dogpride.nl\/de\/wp-json\/wp\/v2\/product_brand?post=12564"},{"taxonomy":"product_cat","embeddable":true,"href":"https:\/\/dogpride.nl\/de\/wp-json\/wp\/v2\/product_cat?post=12564"},{"taxonomy":"product_tag","embeddable":true,"href":"https:\/\/dogpride.nl\/de\/wp-json\/wp\/v2\/product_tag?post=12564"}],"curies":[{"name":"wp","href":"https:\/\/api.w.org\/{rel}","templated":true}]}}